{"id":8948,"date":"2022-05-26T22:40:03","date_gmt":"2022-05-26T22:40:03","guid":{"rendered":"https:\/\/www.bazarmerlin.com\/inicio\/?post_type=product&#038;p=8948"},"modified":"2022-11-24T00:11:02","modified_gmt":"2022-11-24T00:11:02","slug":"vela-del-retiro-para-proteccion-y-destruccion-de-brujerias","status":"publish","type":"product","link":"https:\/\/www.bazarmerlin.com\/inicio\/producto\/vela-del-retiro-para-proteccion-y-destruccion-de-brujerias\/","title":{"rendered":"Vela Del Retiro &#8211; Para Protecci\u00f3n Y Destrucci\u00f3n De Brujer\u00edas"},"content":{"rendered":"<p><strong>LEG\u00cdTIMA VELA DEL RETIRO.<\/strong><br \/>\n<strong>IMPORTADA.<\/strong><\/p>\n<p>En ocasiones tenemos que lidiar con personas indeseables. Esta vela te ayuda a retirar personas no deseadas as\u00ed como tambi\u00e9n malos vecinos. Utilice esta vela del retiro para protegerse de las personas que te envidien y lib\u00e9rate de brujer\u00edas y hechizos te la mandamos preparada y consagrada para funcione de una manera correcta.<\/p>\n<p>Si de repente te sale mal todo y quieres tener por el contrario, buena suerte usa esta vela la \u00fanica capaz de cambiar su vida previniendo que adem\u00e1s te vuelvan a da\u00f1ar, envidiar o desear siquiera alg\u00fan mal por fuerte que sea.<\/p>\n<p>Visualiza en su flama todo lo que quieras destruir y atraer positivamente a tu vida y a la de tus seres queridos.<\/p>\n<p>&nbsp;<\/p>\n<p>&nbsp;<\/p>\n<p><strong>BAZAR MERLIN\u00ae<\/strong><br \/>\n<strong>El Lugar M\u00e1s M\u00edstico de Guadalajara<\/strong><br \/>\n<strong>ENVIAMOS A TODO M\u00c9XICO&#8230;<\/strong><\/p>\n<!-- AddThis Advanced Settings generic via filter on the_content --><!-- AddThis Share Buttons generic via filter on the_content -->","protected":false},"excerpt":{"rendered":"<p>LEG\u00cdTIMA VELA DEL RETIRO. IMPORTADA. En ocasiones tenemos que lidiar con personas indeseables. Esta vela te ayuda a retirar personas no deseadas as\u00ed como tambi\u00e9n malos vecinos. Utilice esta vela del retiro para protegerse de las personas que te envidien y lib\u00e9rate de brujer\u00edas y hechizos te la mandamos preparada y consagrada para funcione de&hellip;<!-- AddThis Advanced Settings generic via filter on get_the_excerpt --><!-- AddThis Share Buttons generic via filter on get_the_excerpt --><\/p>\n","protected":false},"featured_media":10808,"template":"","meta":[],"product_cat":[19],"product_tag":[2037,2036],"_links":{"self":[{"href":"https:\/\/www.bazarmerlin.com\/inicio\/wp-json\/wp\/v2\/product\/8948"}],"collection":[{"href":"https:\/\/www.bazarmerlin.com\/inicio\/wp-json\/wp\/v2\/product"}],"about":[{"href":"https:\/\/www.bazarmerlin.com\/inicio\/wp-json\/wp\/v2\/types\/product"}],"wp:featuredmedia":[{"embeddable":true,"href":"https:\/\/www.bazarmerlin.com\/inicio\/wp-json\/wp\/v2\/media\/10808"}],"wp:attachment":[{"href":"https:\/\/www.bazarmerlin.com\/inicio\/wp-json\/wp\/v2\/media?parent=8948"}],"wp:term":[{"taxonomy":"product_cat","embeddable":true,"href":"https:\/\/www.bazarmerlin.com\/inicio\/wp-json\/wp\/v2\/product_cat?post=8948"},{"taxonomy":"product_tag","embeddable":true,"href":"https:\/\/www.bazarmerlin.com\/inicio\/wp-json\/wp\/v2\/product_tag?post=8948"}],"curies":[{"name":"wp","href":"https:\/\/api.w.org\/{rel}","templated":true}]}}