{"id":895,"date":"2015-07-04T16:58:52","date_gmt":"2015-07-04T16:58:52","guid":{"rendered":"https:\/\/www.bazarmerlin.com\/inicio\/?post_type=product&#038;p=895"},"modified":"2022-11-26T00:28:50","modified_gmt":"2022-11-26T00:28:50","slug":"eleke-o-collar-santeros-de-proteccion-2","status":"publish","type":"product","link":"https:\/\/www.bazarmerlin.com\/inicio\/producto\/eleke-o-collar-santeros-de-proteccion-2\/","title":{"rendered":"Eleke \u00d3 Collar Santero De Protecci\u00f3n"},"content":{"rendered":"<p><strong>ELEKE O COLLAR OSHUN SANTER\u00cdA<\/strong><\/p>\n<p>&nbsp;<\/p>\n<p>FIEL REPRESENTANTE DE LA ABUNDANCIA, AMOR, EROTISMO, DULZURA&#8230;<\/p>\n<p>Este orisha representa el amor, el erotismo, la fecundidad, la dulzura, la abundancia y<br \/>\ntodas las cosas que hacen que la vida merezca la pena vivirse<\/p>\n<p>ELEKE DE OSH\u00daN La bella entre las bellas, cantaba y jugaba en el monte por donde le gusta pasearse, pues amansa a los animales y las fieras, ni el alacr\u00e1n la pica.<\/p>\n<p>Yemaya la tom\u00f3 bajo su protecci\u00f3n, y le regal\u00f3 el r\u00edo para que viviera.<br \/>\nPara alegrarla, la cubri\u00f3 de joyas, corales e infinitas riquezas. Por eso es que Osh\u00fan vive en el r\u00edo y quiere tanto a Yemaya. Orisha mayor, Due\u00f1a a del amor, de la femineidad y del r\u00edo.<\/p>\n<p>Es el s\u00edmbolo de la coqueter\u00eda, la gracia y la sexualidad femeninas. Mujer de Chang\u00f3 e \u00edntima amiga de Eleggu\u00e1 que la protege. Siempre acompa\u00f1a a Yemaya.<\/p>\n<p>&nbsp;<\/p>\n<p>&nbsp;<\/p>\n<p><strong>BAZAR MERLIN\u00ae<\/strong><br \/>\n<strong>El Lugar M\u00e1s M\u00edstico de Guadalajara<\/strong><br \/>\n<strong>ENVIAMOS A TODO M\u00c9XICO&#8230;<\/strong><\/p>\n<!-- AddThis Advanced Settings generic via filter on the_content --><!-- AddThis Share Buttons generic via filter on the_content -->","protected":false},"excerpt":{"rendered":"<p>ELEKE O COLLAR OSHUN SANTER\u00cdA &nbsp; FIEL REPRESENTANTE DE LA ABUNDANCIA, AMOR, EROTISMO, DULZURA&#8230; Este orisha representa el amor, el erotismo, la fecundidad, la dulzura, la abundancia y todas las cosas que hacen que la vida merezca la pena vivirse ELEKE DE OSH\u00daN La bella entre las bellas, cantaba y jugaba en el monte por&hellip;<!-- AddThis Advanced Settings generic via filter on get_the_excerpt --><!-- AddThis Share Buttons generic via filter on get_the_excerpt --><\/p>\n","protected":false},"featured_media":10660,"template":"","meta":[],"product_cat":[12],"product_tag":[454],"_links":{"self":[{"href":"https:\/\/www.bazarmerlin.com\/inicio\/wp-json\/wp\/v2\/product\/895"}],"collection":[{"href":"https:\/\/www.bazarmerlin.com\/inicio\/wp-json\/wp\/v2\/product"}],"about":[{"href":"https:\/\/www.bazarmerlin.com\/inicio\/wp-json\/wp\/v2\/types\/product"}],"wp:featuredmedia":[{"embeddable":true,"href":"https:\/\/www.bazarmerlin.com\/inicio\/wp-json\/wp\/v2\/media\/10660"}],"wp:attachment":[{"href":"https:\/\/www.bazarmerlin.com\/inicio\/wp-json\/wp\/v2\/media?parent=895"}],"wp:term":[{"taxonomy":"product_cat","embeddable":true,"href":"https:\/\/www.bazarmerlin.com\/inicio\/wp-json\/wp\/v2\/product_cat?post=895"},{"taxonomy":"product_tag","embeddable":true,"href":"https:\/\/www.bazarmerlin.com\/inicio\/wp-json\/wp\/v2\/product_tag?post=895"}],"curies":[{"name":"wp","href":"https:\/\/api.w.org\/{rel}","templated":true}]}}