{"id":8950,"date":"2022-05-26T23:08:47","date_gmt":"2022-05-26T23:08:47","guid":{"rendered":"https:\/\/www.bazarmerlin.com\/inicio\/?post_type=product&#038;p=8950"},"modified":"2022-06-08T23:42:43","modified_gmt":"2022-06-08T23:42:43","slug":"locion-tumba-trabajo-rompe-hechizos-y-malas-energias","status":"publish","type":"product","link":"https:\/\/www.bazarmerlin.com\/inicio\/producto\/locion-tumba-trabajo-rompe-hechizos-y-malas-energias\/","title":{"rendered":"Loci\u00f3n Tumba Trabajo &#8211; Rompe Hechizos Y Malas Energ\u00edas"},"content":{"rendered":"<p><strong>LOCI\u00d3N TUMBA TRABAJO<\/strong><br \/>\n<strong>ROMPE HECHIZOS Y MALAS ENERGIAS<\/strong><\/p>\n<p>Indicado para las personas que son OBJETIVO continuo de BRUJER\u00cdAS que les impiden que sus asuntos tengan \u00c9XITO<\/p>\n<p>Al usarla tendra en su vida TRIUNFO, FORTUNA, PROTECCI\u00d3N Y VICTORIA en todo lo que realice CONTRA hechizos y trabajos, BLOQUEOS Y MALA SUERTE EN GENERAL<\/p>\n<p>Locion elaborada ARTESANALMENTE por EXPERTOS y<br \/>\nhecha con EXTRACTOS DE HIERBAS.<\/p>\n<p>Riega esta loci\u00f3n en tu hogar y en tus manos.<\/p>\n<p>&nbsp;<\/p>\n<p>&nbsp;<\/p>\n<p>&nbsp;<\/p>\n<p><strong>BAZAR MERLIN\u00ae<\/strong><br \/>\n<strong>El Lugar M\u00e1s M\u00edstico de Guadalajara<\/strong><br \/>\n<strong>ENVIAMOS A TODO M\u00c9XICO&#8230;<\/strong><\/p>\n<!-- AddThis Advanced Settings generic via filter on the_content --><!-- AddThis Share Buttons generic via filter on the_content -->","protected":false},"excerpt":{"rendered":"<p>LOCI\u00d3N TUMBA TRABAJO ROMPE HECHIZOS Y MALAS ENERGIAS Indicado para las personas que son OBJETIVO continuo de BRUJER\u00cdAS que les impiden que sus asuntos tengan \u00c9XITO Al usarla tendra en su vida TRIUNFO, FORTUNA, PROTECCI\u00d3N Y VICTORIA en todo lo que realice CONTRA hechizos y trabajos, BLOQUEOS Y MALA SUERTE EN GENERAL Locion elaborada ARTESANALMENTE&hellip;<!-- AddThis Advanced Settings generic via filter on get_the_excerpt --><!-- AddThis Share Buttons generic via filter on get_the_excerpt --><\/p>\n","protected":false},"featured_media":8951,"template":"","meta":[],"product_cat":[14],"product_tag":[2038,2039],"_links":{"self":[{"href":"https:\/\/www.bazarmerlin.com\/inicio\/wp-json\/wp\/v2\/product\/8950"}],"collection":[{"href":"https:\/\/www.bazarmerlin.com\/inicio\/wp-json\/wp\/v2\/product"}],"about":[{"href":"https:\/\/www.bazarmerlin.com\/inicio\/wp-json\/wp\/v2\/types\/product"}],"wp:featuredmedia":[{"embeddable":true,"href":"https:\/\/www.bazarmerlin.com\/inicio\/wp-json\/wp\/v2\/media\/8951"}],"wp:attachment":[{"href":"https:\/\/www.bazarmerlin.com\/inicio\/wp-json\/wp\/v2\/media?parent=8950"}],"wp:term":[{"taxonomy":"product_cat","embeddable":true,"href":"https:\/\/www.bazarmerlin.com\/inicio\/wp-json\/wp\/v2\/product_cat?post=8950"},{"taxonomy":"product_tag","embeddable":true,"href":"https:\/\/www.bazarmerlin.com\/inicio\/wp-json\/wp\/v2\/product_tag?post=8950"}],"curies":[{"name":"wp","href":"https:\/\/api.w.org\/{rel}","templated":true}]}}