{"id":8952,"date":"2022-05-26T23:12:32","date_gmt":"2022-05-26T23:12:32","guid":{"rendered":"https:\/\/www.bazarmerlin.com\/inicio\/?post_type=product&#038;p=8952"},"modified":"2022-12-08T21:48:37","modified_gmt":"2022-12-08T21:48:37","slug":"perfume-de-los-7-cuarzos-activa-la-energia-de-cada-chakra","status":"publish","type":"product","link":"https:\/\/www.bazarmerlin.com\/inicio\/producto\/perfume-de-los-7-cuarzos-activa-la-energia-de-cada-chakra\/","title":{"rendered":"Perfume De Los 7 Cuarzos &#8211; Activa La Energ\u00eda De Cada Chakra"},"content":{"rendered":"<p><strong>PERFUME DE LOS 7 CUARZOS<\/strong><\/p>\n<p>Para activar la energ\u00eda en cada uno de los chakras y sus \u00f3rganos correspondientes.<\/p>\n<p>Los cuarzos y las gemas han sido adoptados por la naturaleza con ciertas cualidades que transmiten una vibraci\u00f3n y un poder espec\u00edfico.<\/p>\n<p>Debido a su fuerza interna, se sintonizan con la vibraci\u00f3n de los chakras, Hola frecuencia de la vibraci\u00f3n de los \u00e1tomos. Los cuarzos son receptores de energ\u00eda, y al detectar alguna anomal\u00eda, de inmediato comienzan a vibrar, causando una reacci\u00f3n en cadena a nivel molecular hasta lograr una vibraci\u00f3n de equilibrio y balance interno.<\/p>\n<p>Hoy en d\u00eda, los cuartos son altamente apreciados por tener una habilidad de ser lo m\u00e1s cercano a la vibraci\u00f3n perfecta.<\/p>\n<p>Las esencias cristales de cuarzo se utilizan para activar la energ\u00eda en cada uno de los chakras y sus \u00f3rganos correspondientes.<\/p>\n<p>Al mismo tiempo equilibra los aspectos emocionales de actitudes mentales.<\/p>\n<p>Representan un potente Aliado Para apoyar aquellas \u00e1reas que muchas veces no pueden manejar f\u00e1cilmente.<\/p>\n<p>&nbsp;<\/p>\n<p>&nbsp;<\/p>\n<p>&nbsp;<\/p>\n<p><strong>BAZAR MERLIN<\/strong><br \/>\n<strong>El Lugar M\u00e1s M\u00edstico de Guadalajara<\/strong><br \/>\n<strong>ENVIAMOS A TODO M\u00c9XICO&#8230;<\/strong><\/p>\n<!-- AddThis Advanced Settings generic via filter on the_content --><!-- AddThis Share Buttons generic via filter on the_content -->","protected":false},"excerpt":{"rendered":"<p>PERFUME DE LOS 7 CUARZOS Para activar la energ\u00eda en cada uno de los chakras y sus \u00f3rganos correspondientes. Los cuarzos y las gemas han sido adoptados por la naturaleza con ciertas cualidades que transmiten una vibraci\u00f3n y un poder espec\u00edfico. Debido a su fuerza interna, se sintonizan con la vibraci\u00f3n de los chakras, Hola&hellip;<!-- AddThis Advanced Settings generic via filter on get_the_excerpt --><!-- AddThis Share Buttons generic via filter on get_the_excerpt --><\/p>\n","protected":false},"featured_media":11018,"template":"","meta":[],"product_cat":[20],"product_tag":[2041,2040],"_links":{"self":[{"href":"https:\/\/www.bazarmerlin.com\/inicio\/wp-json\/wp\/v2\/product\/8952"}],"collection":[{"href":"https:\/\/www.bazarmerlin.com\/inicio\/wp-json\/wp\/v2\/product"}],"about":[{"href":"https:\/\/www.bazarmerlin.com\/inicio\/wp-json\/wp\/v2\/types\/product"}],"wp:featuredmedia":[{"embeddable":true,"href":"https:\/\/www.bazarmerlin.com\/inicio\/wp-json\/wp\/v2\/media\/11018"}],"wp:attachment":[{"href":"https:\/\/www.bazarmerlin.com\/inicio\/wp-json\/wp\/v2\/media?parent=8952"}],"wp:term":[{"taxonomy":"product_cat","embeddable":true,"href":"https:\/\/www.bazarmerlin.com\/inicio\/wp-json\/wp\/v2\/product_cat?post=8952"},{"taxonomy":"product_tag","embeddable":true,"href":"https:\/\/www.bazarmerlin.com\/inicio\/wp-json\/wp\/v2\/product_tag?post=8952"}],"curies":[{"name":"wp","href":"https:\/\/api.w.org\/{rel}","templated":true}]}}