{"id":8957,"date":"2022-05-27T17:16:12","date_gmt":"2022-05-27T17:16:12","guid":{"rendered":"https:\/\/www.bazarmerlin.com\/inicio\/?post_type=product&#038;p=8957"},"modified":"2023-08-29T22:04:50","modified_gmt":"2023-08-29T22:04:50","slug":"cruz-de-caravaca-y-cadena-de-obsequio-ambos-en-chapa-de-oro","status":"publish","type":"product","link":"https:\/\/www.bazarmerlin.com\/inicio\/producto\/cruz-de-caravaca-y-cadena-de-obsequio-ambos-en-chapa-de-oro\/","title":{"rendered":"Cruz De Caravaca Y Cadena De Obsequio Ambos En Chapa De Oro"},"content":{"rendered":"<p><strong>DIJE CRUZ DE CARAVACA EN CHAPA DE ORO<\/strong><br \/>\n<strong>CON CADENA EN CHAPA DE ORO DE OBSEQUIO<\/strong><\/p>\n<p>&nbsp;<\/p>\n<p>Nota: el Modelo de Cadena puede variar seg\u00fan la existencia<\/p>\n<p>Hermosa medalla de la Cruz de Caravaca fabricada en fina chapa de alta calidad.<\/p>\n<p>La Cruz de Caravaca es utilizada para curar todo tipo de mal, posee un enorme poder esot\u00e9rico y espiritual, es un talism\u00e1n muy valioso que brinda protecci\u00f3n divina, la Cruz de Caravaca es capaz de eliminar todo mal y romper cualquier encanto o embrujo.<\/p>\n<p>la cruz otorga una gran protecci\u00f3n, evitando el ingreso de cualquier tipo de demonio o fuerza maligna. Adem\u00e1s, influye en la econom\u00eda brindando riqueza y prosperidad a las personas que las tienen.<\/p>\n<p>Cura de el mal de ojo, combate enfermedades y corta \u201ccadenas de maldici\u00f3n\u201d, para aliviar al hombre de sus males.<\/p>\n<p>Tiene una connotaci\u00f3n angelical, contando con su apoyo, San Miguel Arc\u00e1ngel y San Gabriel Arc\u00e1ngel quien est\u00e1n acomodando y sosteniendo la base de la cruz.<\/p>\n<p>Este s\u00edmbolo es especial, puede combatir al diablo y los demonios, que detestan la cruz pues vendr\u00eda a ser un recordatorio de su derrota.<\/p>\n<p>La cruz es doble, por lo que sus poderes son doblemente fuertes.<\/p>\n<p>Por su simbolismo tiene la capacidad de proteger a las personas que la usan o los lugares donde se encuentra.<\/p>\n<p>La Cruz de Caravaca funciona como un \u201cescudo\u201d protector: las energ\u00edas negativas, la envidia, el mal de ojo y todo lo que nos sea perjudicial son absorbidos por el amuleto, en vez de afectarnos a nosotros.<\/p>\n<p>TAMA\u00d1O APROXIMADO 3.5 CM DE ALTO<br \/>\n(CONTANDO DESDE EL PASA CADENAS)<\/p>\n<p>&nbsp;<\/p>\n<p>&nbsp;<\/p>\n<p><strong>BAZAR MERLIN<\/strong><br \/>\n<strong>El Lugar M\u00e1s M\u00edstico de Guadalajara<\/strong><br \/>\n<strong>ENVIAMOS A TODO M\u00c9XICO<\/strong><\/p>\n<!-- AddThis Advanced Settings generic via filter on the_content --><!-- AddThis Share Buttons generic via filter on the_content -->","protected":false},"excerpt":{"rendered":"<p>DIJE CRUZ DE CARAVACA EN CHAPA DE ORO CON CADENA EN CHAPA DE ORO DE OBSEQUIO &nbsp; Nota: el Modelo de Cadena puede variar seg\u00fan la existencia Hermosa medalla de la Cruz de Caravaca fabricada en fina chapa de alta calidad. La Cruz de Caravaca es utilizada para curar todo tipo de mal, posee un&hellip;<!-- AddThis Advanced Settings generic via filter on get_the_excerpt --><!-- AddThis Share Buttons generic via filter on get_the_excerpt --><\/p>\n","protected":false},"featured_media":10609,"template":"","meta":[],"product_cat":[12],"product_tag":[2044],"_links":{"self":[{"href":"https:\/\/www.bazarmerlin.com\/inicio\/wp-json\/wp\/v2\/product\/8957"}],"collection":[{"href":"https:\/\/www.bazarmerlin.com\/inicio\/wp-json\/wp\/v2\/product"}],"about":[{"href":"https:\/\/www.bazarmerlin.com\/inicio\/wp-json\/wp\/v2\/types\/product"}],"wp:featuredmedia":[{"embeddable":true,"href":"https:\/\/www.bazarmerlin.com\/inicio\/wp-json\/wp\/v2\/media\/10609"}],"wp:attachment":[{"href":"https:\/\/www.bazarmerlin.com\/inicio\/wp-json\/wp\/v2\/media?parent=8957"}],"wp:term":[{"taxonomy":"product_cat","embeddable":true,"href":"https:\/\/www.bazarmerlin.com\/inicio\/wp-json\/wp\/v2\/product_cat?post=8957"},{"taxonomy":"product_tag","embeddable":true,"href":"https:\/\/www.bazarmerlin.com\/inicio\/wp-json\/wp\/v2\/product_tag?post=8957"}],"curies":[{"name":"wp","href":"https:\/\/api.w.org\/{rel}","templated":true}]}}