{"id":8963,"date":"2022-05-27T18:02:00","date_gmt":"2022-05-27T18:02:00","guid":{"rendered":"https:\/\/www.bazarmerlin.com\/inicio\/?post_type=product&#038;p=8963"},"modified":"2022-10-24T22:46:07","modified_gmt":"2022-10-24T22:46:07","slug":"tarot-golden-dawn-78-cartas-y-folleto-en-varios-idiomas","status":"publish","type":"product","link":"https:\/\/www.bazarmerlin.com\/inicio\/producto\/tarot-golden-dawn-78-cartas-y-folleto-en-varios-idiomas\/","title":{"rendered":"Tarot Golden Dawn &#8211; 78 Cartas Y Folleto En Varios Idiomas"},"content":{"rendered":"<p><strong>INITIATORY GOLDEN DAWN TAROT<\/strong><br \/>\n<em><strong>78 Cartas Y Folleto Con Instrucciones<\/strong><\/em><\/p>\n<p>&nbsp;<\/p>\n<p>El Tarot Golden Dawn del Siglo XXI<\/p>\n<p>Actualmente hay algunos mazos de Golden Dawn Tarot disponibles. Todos son intentos de los artistas para recrear el dise\u00f1o original. Bertia le pidi\u00f3 a Evangelisti que hiciera algo completamente diferente. En lugar de tratar de mejorar los dibujos conocidos, simplemente le dio a Evangelisti descripciones de las tarjetas de los documentos originales de Golden Dawn.<\/p>\n<p>El resultado es asombrosamente nuevo, pero fiel al concepto original. En lugar de que todas las im\u00e1genes se vean desde el frente, las vistas se parecen m\u00e1s a pel\u00edculas. Obtienes im\u00e1genes de abajo (como The Wheel of Fortune) o de arriba (como The Devil). Los colores son brillantes y brillantes, llenos de guiones e intensidad. La suma sacerdotisa es una mujer poderosa en medio de controlar poderosas energ\u00edas mientras lanza un hechizo. Los caballos de The Chariot est\u00e1n al galope, casi cay\u00e9ndose tirando del carro. El auriga apenas puede controlarlos. El le\u00f3n en la carta de Fuerza parece que podr\u00eda arrancarte el brazo y comerte para almorzar sin siquiera jadear.<\/p>\n<p>Este mazo no limita su inspiraci\u00f3n al Golden Dawn. Tambi\u00e9n utiliza las im\u00e1genes de RWS como fuente de los Arcanos Menores (el Amanecer Dorado original no ten\u00eda im\u00e1genes en los Menores). Como resultado, por primera vez, cualquier persona que conozca el modelo RWS puede trabajar de inmediato con este Tarot.<\/p>\n<p>Para un verdadero mazo Golden Dawn con una sensaci\u00f3n del siglo 21, este es el mazo que debes tener.<\/p>\n<p>Textos en las cartas y folleto explicativo en espa\u00f1ol, ingl\u00e9s, italiano, franc\u00e9s y alem\u00e1n.<\/p>\n<p>&nbsp;<\/p>\n<p>&nbsp;<\/p>\n<p>&nbsp;<\/p>\n<p><strong>BAZAR MERL\u00cdN\u00ae<\/strong><br \/>\n<strong>El Lugar M\u00e1s M\u00edstico de Guadalajara<\/strong><br \/>\n<strong>ENVIAMOS A TODO M\u00c9XICO&#8230;<\/strong><\/p>\n<!-- AddThis Advanced Settings generic via filter on the_content --><!-- AddThis Share Buttons generic via filter on the_content -->","protected":false},"excerpt":{"rendered":"<p>INITIATORY GOLDEN DAWN TAROT 78 Cartas Y Folleto Con Instrucciones &nbsp; El Tarot Golden Dawn del Siglo XXI Actualmente hay algunos mazos de Golden Dawn Tarot disponibles. Todos son intentos de los artistas para recrear el dise\u00f1o original. Bertia le pidi\u00f3 a Evangelisti que hiciera algo completamente diferente. En lugar de tratar de mejorar los&hellip;<!-- AddThis Advanced Settings generic via filter on get_the_excerpt --><!-- AddThis Share Buttons generic via filter on get_the_excerpt --><\/p>\n","protected":false},"featured_media":10549,"template":"","meta":[],"product_cat":[15],"product_tag":[2047],"_links":{"self":[{"href":"https:\/\/www.bazarmerlin.com\/inicio\/wp-json\/wp\/v2\/product\/8963"}],"collection":[{"href":"https:\/\/www.bazarmerlin.com\/inicio\/wp-json\/wp\/v2\/product"}],"about":[{"href":"https:\/\/www.bazarmerlin.com\/inicio\/wp-json\/wp\/v2\/types\/product"}],"wp:featuredmedia":[{"embeddable":true,"href":"https:\/\/www.bazarmerlin.com\/inicio\/wp-json\/wp\/v2\/media\/10549"}],"wp:attachment":[{"href":"https:\/\/www.bazarmerlin.com\/inicio\/wp-json\/wp\/v2\/media?parent=8963"}],"wp:term":[{"taxonomy":"product_cat","embeddable":true,"href":"https:\/\/www.bazarmerlin.com\/inicio\/wp-json\/wp\/v2\/product_cat?post=8963"},{"taxonomy":"product_tag","embeddable":true,"href":"https:\/\/www.bazarmerlin.com\/inicio\/wp-json\/wp\/v2\/product_tag?post=8963"}],"curies":[{"name":"wp","href":"https:\/\/api.w.org\/{rel}","templated":true}]}}