{"id":8970,"date":"2022-05-27T18:13:39","date_gmt":"2022-05-27T18:13:39","guid":{"rendered":"https:\/\/www.bazarmerlin.com\/inicio\/?post_type=product&#038;p=8970"},"modified":"2022-10-11T22:21:54","modified_gmt":"2022-10-11T22:21:54","slug":"perfume-millon-de-dolares-atrae-dinero-prosperidad-y-exito","status":"publish","type":"product","link":"https:\/\/www.bazarmerlin.com\/inicio\/producto\/perfume-millon-de-dolares-atrae-dinero-prosperidad-y-exito\/","title":{"rendered":"Perfume Mill\u00f3n De Dolares &#8211; Atrae Dinero Prosperidad Y \u00c9xito"},"content":{"rendered":"<p><strong>PODEROSO PERFUME MILL\u00d3N DE DOLARES<\/strong><\/p>\n<p>ESTE PERFUME ES IDEAL PARA ATRAER RIQUEZA, OPORTUNIDADES Y DESBLOQUEAR TRABAS EN NUESTRAS VIDAS<br \/>\nYA QUE LOGRA EQUILIBRARNOS DE MANERA MUY POSITIVA.<\/p>\n<p>Los Perfumes Esot\u00e9ricos son preparados con productos, esencias y extractos especiales. Cuando tienes un problema que crees de dif\u00edcil soluci\u00f3n es bueno recurrir a los RITUALES DE MAGIA, estos siempre nos ayudan a lograr exitosamente los objetivos que queremos conseguir.<\/p>\n<p>Los perfumes sirven para uso diario tanto del cuerpo como de las prendas y toda tu energ\u00eda c\u00f3smica y aurica equilibrando tus chakras para as\u00ed cambiar de forma inmediata tu suerte. Su fabricaci\u00f3n y su composici\u00f3n son de forma 100% artesanal por lo que llevan la esencia y EXTRACTO NATURAL PARA EQUILIBRAR TU ENERGIA, en algunos perfumes hierbas en su interior.<\/p>\n<p>Logra \u00e9xito en negocios, atrae mayores oportunidades a tu vida, ya que nuestros perfumes se realizan con f\u00f3rmulas m\u00e1gicas de verdadero alto poder.<\/p>\n<p>\u00a1 UTIL\u00cdZALO DIARIO Y ATRAE OPORTUNIDADES, \u00c9XITO Y DINERO EN TODO LO QUE EMPRENDAS !<\/p>\n<p>&nbsp;<\/p>\n<p>&nbsp;<\/p>\n<p><strong>BAZAR MERLIN<\/strong><br \/>\n<strong>El Lugar M\u00e1s M\u00edstico de Guadalajara<\/strong><br \/>\n<strong>ENVIAMOS A TODO M\u00c9XICO.<\/strong><\/p>\n<!-- AddThis Advanced Settings generic via filter on the_content --><!-- AddThis Share Buttons generic via filter on the_content -->","protected":false},"excerpt":{"rendered":"<p>PODEROSO PERFUME MILL\u00d3N DE DOLARES ESTE PERFUME ES IDEAL PARA ATRAER RIQUEZA, OPORTUNIDADES Y DESBLOQUEAR TRABAS EN NUESTRAS VIDAS YA QUE LOGRA EQUILIBRARNOS DE MANERA MUY POSITIVA. Los Perfumes Esot\u00e9ricos son preparados con productos, esencias y extractos especiales. Cuando tienes un problema que crees de dif\u00edcil soluci\u00f3n es bueno recurrir a los RITUALES DE MAGIA,&hellip;<!-- AddThis Advanced Settings generic via filter on get_the_excerpt --><!-- AddThis Share Buttons generic via filter on get_the_excerpt --><\/p>\n","protected":false},"featured_media":10303,"template":"","meta":[],"product_cat":[14],"product_tag":[2050,2049],"_links":{"self":[{"href":"https:\/\/www.bazarmerlin.com\/inicio\/wp-json\/wp\/v2\/product\/8970"}],"collection":[{"href":"https:\/\/www.bazarmerlin.com\/inicio\/wp-json\/wp\/v2\/product"}],"about":[{"href":"https:\/\/www.bazarmerlin.com\/inicio\/wp-json\/wp\/v2\/types\/product"}],"wp:featuredmedia":[{"embeddable":true,"href":"https:\/\/www.bazarmerlin.com\/inicio\/wp-json\/wp\/v2\/media\/10303"}],"wp:attachment":[{"href":"https:\/\/www.bazarmerlin.com\/inicio\/wp-json\/wp\/v2\/media?parent=8970"}],"wp:term":[{"taxonomy":"product_cat","embeddable":true,"href":"https:\/\/www.bazarmerlin.com\/inicio\/wp-json\/wp\/v2\/product_cat?post=8970"},{"taxonomy":"product_tag","embeddable":true,"href":"https:\/\/www.bazarmerlin.com\/inicio\/wp-json\/wp\/v2\/product_tag?post=8970"}],"curies":[{"name":"wp","href":"https:\/\/api.w.org\/{rel}","templated":true}]}}