{"id":8972,"date":"2022-05-27T18:32:54","date_gmt":"2022-05-27T18:32:54","guid":{"rendered":"https:\/\/www.bazarmerlin.com\/inicio\/?post_type=product&#038;p=8972"},"modified":"2023-08-19T00:52:07","modified_gmt":"2023-08-19T00:52:07","slug":"mensajes-de-amor-de-jesus-44-cartas-y-guia-doreen-virtue","status":"publish","type":"product","link":"https:\/\/www.bazarmerlin.com\/inicio\/producto\/mensajes-de-amor-de-jesus-44-cartas-y-guia-doreen-virtue\/","title":{"rendered":"Mensajes De Amor De Jes\u00fas &#8211; 44 Cartas Y Guia- Doreen Virtue"},"content":{"rendered":"<p><strong>OR\u00c1CULO MENSAJES DE AMOR DE JESUS<\/strong><br \/>\n<em><strong>DOREEN VIRTUE (EN ESPA\u00d1OL)<\/strong><\/em><\/p>\n<p>MARAVILLOSO JUEGO DE CARTAS BELLAMENTE ILUSTRADAS POR GREG OLSEN<br \/>\n44 CARTAS Y FOLLETO INSTRUCTIVO<\/p>\n<p>A trav\u00e9s de esta bella baraja, Doreen Virtue comparte su amor y su respeto por Jes\u00fas y sus inspiradoras palabras recogidas en los Evangelios.<\/p>\n<p>En cada carta, el artista Greg Olsen ilustra un amoroso retrato de Jes\u00fas acompa\u00f1ado de una edificante cita b\u00edblica del Maestro de Judea.<br \/>\nSea cual sea tu relaci\u00f3n con Jes\u00fas, seguro que estas cartas te reconfortar\u00e1n y te colmar\u00e1n de amor.<\/p>\n<p>&nbsp;<\/p>\n<p>&nbsp;<\/p>\n<p>&nbsp;<\/p>\n<p><strong>BAZAR MERLIN<\/strong><br \/>\n<strong>El Lugar M\u00e1s M\u00edstico de Guadalajara<\/strong><br \/>\n<strong>ENVIAMOS A TODO M\u00c9XICO..<\/strong><\/p>\n<!-- AddThis Advanced Settings generic via filter on the_content --><!-- AddThis Share Buttons generic via filter on the_content -->","protected":false},"excerpt":{"rendered":"<p>OR\u00c1CULO MENSAJES DE AMOR DE JESUS DOREEN VIRTUE (EN ESPA\u00d1OL) MARAVILLOSO JUEGO DE CARTAS BELLAMENTE ILUSTRADAS POR GREG OLSEN 44 CARTAS Y FOLLETO INSTRUCTIVO A trav\u00e9s de esta bella baraja, Doreen Virtue comparte su amor y su respeto por Jes\u00fas y sus inspiradoras palabras recogidas en los Evangelios. En cada carta, el artista Greg Olsen&hellip;<!-- AddThis Advanced Settings generic via filter on get_the_excerpt --><!-- AddThis Share Buttons generic via filter on get_the_excerpt --><\/p>\n","protected":false},"featured_media":10426,"template":"","meta":[],"product_cat":[15],"product_tag":[129,2051],"_links":{"self":[{"href":"https:\/\/www.bazarmerlin.com\/inicio\/wp-json\/wp\/v2\/product\/8972"}],"collection":[{"href":"https:\/\/www.bazarmerlin.com\/inicio\/wp-json\/wp\/v2\/product"}],"about":[{"href":"https:\/\/www.bazarmerlin.com\/inicio\/wp-json\/wp\/v2\/types\/product"}],"wp:featuredmedia":[{"embeddable":true,"href":"https:\/\/www.bazarmerlin.com\/inicio\/wp-json\/wp\/v2\/media\/10426"}],"wp:attachment":[{"href":"https:\/\/www.bazarmerlin.com\/inicio\/wp-json\/wp\/v2\/media?parent=8972"}],"wp:term":[{"taxonomy":"product_cat","embeddable":true,"href":"https:\/\/www.bazarmerlin.com\/inicio\/wp-json\/wp\/v2\/product_cat?post=8972"},{"taxonomy":"product_tag","embeddable":true,"href":"https:\/\/www.bazarmerlin.com\/inicio\/wp-json\/wp\/v2\/product_tag?post=8972"}],"curies":[{"name":"wp","href":"https:\/\/api.w.org\/{rel}","templated":true}]}}