{"id":8979,"date":"2022-05-27T18:54:46","date_gmt":"2022-05-27T18:54:46","guid":{"rendered":"https:\/\/www.bazarmerlin.com\/inicio\/?post_type=product&#038;p=8979"},"modified":"2022-11-29T21:57:55","modified_gmt":"2022-11-29T21:57:55","slug":"veladora-tumba-trabajo-corta-todo-dano-o-negatividad","status":"publish","type":"product","link":"https:\/\/www.bazarmerlin.com\/inicio\/producto\/veladora-tumba-trabajo-corta-todo-dano-o-negatividad\/","title":{"rendered":"Veladora Tumba Trabajo &#8211; Corta Todo Da\u00f1o O Negatividad"},"content":{"rendered":"<p><strong>VELADORA COMPUESTA TUMBA TRABAJOS<\/strong><\/p>\n<p>&nbsp;<\/p>\n<p>CORTE DA\u00d1O ENCENDIENDO ESTA VELADORA EN CASA O NEGOCIO. YA QUE ESTA VELADORA ABSORBE TODA NEGATIVIDAD QUE HUBIERA.<\/p>\n<p>Al prenderla tendr\u00e1 en su vida triunfo, fortuna y protecci\u00f3n.<br \/>\nPero sobre todo cortar\u00e1 todo da\u00f1o o trabajo que estuviese puesto.<\/p>\n<p>Esta veladora est\u00e1 elaborada por santeros con ingredientes y aceites especiales para liberar cualquier DA\u00d1O<\/p>\n<p>Contra hechizos y trabajos que hayan sido puestos en personas y se manifiesten como:<br \/>\n* NEGOCIO QUE EMPRENDES NO FUNCIONA<br \/>\n* BLOQUEOS<br \/>\n* MALA SUERTE EN AMOR O DINERO<br \/>\n(Indicado para personas que son objetivo continuo de brujer\u00edas que le impiden que sus asuntos tengan \u00c9XITO)<\/p>\n<p>Como Utilizarla:<br \/>\nSolamente enci\u00e9ndela CON CERILLOS DE MADERA Y VISUALICE que todo da\u00f1o se aleje de nuestras vidas<\/p>\n<p>&nbsp;<\/p>\n<p>&nbsp;<\/p>\n<p><strong><em>BAZAR MERLIN<\/em><\/strong><br \/>\n<strong><em>El Lugar M\u00e1s M\u00edstico de Guadalajara<\/em><\/strong><br \/>\n<strong><em>ENVIAMOS A TODO M\u00c9XICO.<\/em><\/strong><\/p>\n<!-- AddThis Advanced Settings generic via filter on the_content --><!-- AddThis Share Buttons generic via filter on the_content -->","protected":false},"excerpt":{"rendered":"<p>VELADORA COMPUESTA TUMBA TRABAJOS &nbsp; CORTE DA\u00d1O ENCENDIENDO ESTA VELADORA EN CASA O NEGOCIO. YA QUE ESTA VELADORA ABSORBE TODA NEGATIVIDAD QUE HUBIERA. Al prenderla tendr\u00e1 en su vida triunfo, fortuna y protecci\u00f3n. Pero sobre todo cortar\u00e1 todo da\u00f1o o trabajo que estuviese puesto. Esta veladora est\u00e1 elaborada por santeros con ingredientes y aceites especiales&hellip;<!-- AddThis Advanced Settings generic via filter on get_the_excerpt --><!-- AddThis Share Buttons generic via filter on get_the_excerpt --><\/p>\n","protected":false},"featured_media":10868,"template":"","meta":[],"product_cat":[19],"product_tag":[836,2055],"_links":{"self":[{"href":"https:\/\/www.bazarmerlin.com\/inicio\/wp-json\/wp\/v2\/product\/8979"}],"collection":[{"href":"https:\/\/www.bazarmerlin.com\/inicio\/wp-json\/wp\/v2\/product"}],"about":[{"href":"https:\/\/www.bazarmerlin.com\/inicio\/wp-json\/wp\/v2\/types\/product"}],"wp:featuredmedia":[{"embeddable":true,"href":"https:\/\/www.bazarmerlin.com\/inicio\/wp-json\/wp\/v2\/media\/10868"}],"wp:attachment":[{"href":"https:\/\/www.bazarmerlin.com\/inicio\/wp-json\/wp\/v2\/media?parent=8979"}],"wp:term":[{"taxonomy":"product_cat","embeddable":true,"href":"https:\/\/www.bazarmerlin.com\/inicio\/wp-json\/wp\/v2\/product_cat?post=8979"},{"taxonomy":"product_tag","embeddable":true,"href":"https:\/\/www.bazarmerlin.com\/inicio\/wp-json\/wp\/v2\/product_tag?post=8979"}],"curies":[{"name":"wp","href":"https:\/\/api.w.org\/{rel}","templated":true}]}}