{"id":8981,"date":"2022-05-27T19:01:28","date_gmt":"2022-05-27T19:01:28","guid":{"rendered":"https:\/\/www.bazarmerlin.com\/inicio\/?post_type=product&#038;p=8981"},"modified":"2022-10-11T21:17:30","modified_gmt":"2022-10-11T21:17:30","slug":"perfume-33-esencias-abre-caminos-en-todo","status":"publish","type":"product","link":"https:\/\/www.bazarmerlin.com\/inicio\/producto\/perfume-33-esencias-abre-caminos-en-todo\/","title":{"rendered":"Perfume 33 Esencias &#8211; Abre Caminos En Todo"},"content":{"rendered":"<p><strong>PERFUME ORIGINAL &#8211; 33 ESENCIAS<\/strong><br \/>\n<strong>ABRE CAMINOS EN TODO&#8230;<\/strong><\/p>\n<p>Para abrir los caminos a la buena suerte, te ayuda a quitar todo obst\u00e1culo y bloqueos que tengas, ya sea en tu vida personal o<br \/>\nlaboral y atrae todo lo bueno a tu vida&#8230;<\/p>\n<p>Te limpia energeticamente para quitarte todo lo malo que pueda estar interfiriendo y as\u00ed abrirte a la prosperidad y<br \/>\nabundancia asi como tambien para que atraigas el amor a tu vida&#8230;<\/p>\n<p>-F\u00f3rmula para atraer \u00c9xito en el AMOR, DINERO Y PROTECCI\u00d3N.-<\/p>\n<p>-Retira Bloqueos y atrae toda la Buena Suerte en un Agradable Aroma.-<\/p>\n<p>Debido a que est\u00e1 hecho con 33 ESENCIAS M\u00cdSTICAS, Hierbas y Aceites M\u00e1gicos, tu Energ\u00eda se Limpia desde los primeros d\u00edas de uso.<\/p>\n<p>&nbsp;<\/p>\n<p>&nbsp;<\/p>\n<p><strong>BAZAR MERLIN\u00ae<\/strong><br \/>\n<strong>El Lugar M\u00e1s M\u00edstico de Guadalajara<\/strong><br \/>\n<strong>ENVIAMOS A TODO M\u00c9XICO<\/strong><\/p>\n<!-- AddThis Advanced Settings generic via filter on the_content --><!-- AddThis Share Buttons generic via filter on the_content -->","protected":false},"excerpt":{"rendered":"<p>PERFUME ORIGINAL &#8211; 33 ESENCIAS ABRE CAMINOS EN TODO&#8230; Para abrir los caminos a la buena suerte, te ayuda a quitar todo obst\u00e1culo y bloqueos que tengas, ya sea en tu vida personal o laboral y atrae todo lo bueno a tu vida&#8230; Te limpia energeticamente para quitarte todo lo malo que pueda estar interfiriendo&hellip;<!-- AddThis Advanced Settings generic via filter on get_the_excerpt --><!-- AddThis Share Buttons generic via filter on get_the_excerpt --><\/p>\n","protected":false},"featured_media":10302,"template":"","meta":[],"product_cat":[14],"product_tag":[2057,2056],"_links":{"self":[{"href":"https:\/\/www.bazarmerlin.com\/inicio\/wp-json\/wp\/v2\/product\/8981"}],"collection":[{"href":"https:\/\/www.bazarmerlin.com\/inicio\/wp-json\/wp\/v2\/product"}],"about":[{"href":"https:\/\/www.bazarmerlin.com\/inicio\/wp-json\/wp\/v2\/types\/product"}],"wp:featuredmedia":[{"embeddable":true,"href":"https:\/\/www.bazarmerlin.com\/inicio\/wp-json\/wp\/v2\/media\/10302"}],"wp:attachment":[{"href":"https:\/\/www.bazarmerlin.com\/inicio\/wp-json\/wp\/v2\/media?parent=8981"}],"wp:term":[{"taxonomy":"product_cat","embeddable":true,"href":"https:\/\/www.bazarmerlin.com\/inicio\/wp-json\/wp\/v2\/product_cat?post=8981"},{"taxonomy":"product_tag","embeddable":true,"href":"https:\/\/www.bazarmerlin.com\/inicio\/wp-json\/wp\/v2\/product_tag?post=8981"}],"curies":[{"name":"wp","href":"https:\/\/api.w.org\/{rel}","templated":true}]}}