{"id":8983,"date":"2022-05-27T19:12:19","date_gmt":"2022-05-27T19:12:19","guid":{"rendered":"https:\/\/www.bazarmerlin.com\/inicio\/?post_type=product&#038;p=8983"},"modified":"2022-09-29T23:48:57","modified_gmt":"2022-09-29T23:48:57","slug":"eliminador-de-mala-suerte-danos-brujeria-y-males","status":"publish","type":"product","link":"https:\/\/www.bazarmerlin.com\/inicio\/producto\/eliminador-de-mala-suerte-danos-brujeria-y-males\/","title":{"rendered":"Eliminador De Mala Suerte &#8211; Da\u00f1os Brujeria Y Males"},"content":{"rendered":"<p><strong>AUT\u00c9NTICO ACEITE CONCENTRADO ELIMINADOR<\/strong><br \/>\n<strong>DE MALA SUERTE.<\/strong><br \/>\n<em><strong>Eliminador De Mala Suerte &#8211; Da\u00f1os Brujer\u00eda Y Males!<\/strong><\/em><\/p>\n<p>Este ACEITE sirve para ROMPER TODA CLASE DE ACCIONES MAL\u00c9FICAS y de mala suerte que sean provocadas hacia nuestra persona CASA o NEGOCIO.<\/p>\n<p>A su vez sirve como soporte para DOMINAR a fondo a nuestros enemigos y atraer la buena suerte.<\/p>\n<p>ELABORADO Y RITUALIZADO POR CONOCEDORES DE LA ALTA MAGIA.<\/p>\n<p>Usalo todos los d\u00edas y ver\u00e1s como cambia TU SUERTE, logrando todo lo que te propongas<\/p>\n<p>&nbsp;<\/p>\n<p><strong>BAZAR MERLIN<\/strong><br \/>\n<strong>El Lugar M\u00e1s M\u00edstico de Guadalajara<\/strong><br \/>\n<strong>ENVIAMOS A TODO M\u00c9XICO<\/strong><\/p>\n<!-- AddThis Advanced Settings generic via filter on the_content --><!-- AddThis Share Buttons generic via filter on the_content -->","protected":false},"excerpt":{"rendered":"<p>AUT\u00c9NTICO ACEITE CONCENTRADO ELIMINADOR DE MALA SUERTE. Eliminador De Mala Suerte &#8211; Da\u00f1os Brujer\u00eda Y Males! Este ACEITE sirve para ROMPER TODA CLASE DE ACCIONES MAL\u00c9FICAS y de mala suerte que sean provocadas hacia nuestra persona CASA o NEGOCIO. A su vez sirve como soporte para DOMINAR a fondo a nuestros enemigos y atraer la&hellip;<!-- AddThis Advanced Settings generic via filter on get_the_excerpt --><!-- AddThis Share Buttons generic via filter on get_the_excerpt --><\/p>\n","protected":false},"featured_media":10171,"template":"","meta":[],"product_cat":[14],"product_tag":[2059,2058],"_links":{"self":[{"href":"https:\/\/www.bazarmerlin.com\/inicio\/wp-json\/wp\/v2\/product\/8983"}],"collection":[{"href":"https:\/\/www.bazarmerlin.com\/inicio\/wp-json\/wp\/v2\/product"}],"about":[{"href":"https:\/\/www.bazarmerlin.com\/inicio\/wp-json\/wp\/v2\/types\/product"}],"wp:featuredmedia":[{"embeddable":true,"href":"https:\/\/www.bazarmerlin.com\/inicio\/wp-json\/wp\/v2\/media\/10171"}],"wp:attachment":[{"href":"https:\/\/www.bazarmerlin.com\/inicio\/wp-json\/wp\/v2\/media?parent=8983"}],"wp:term":[{"taxonomy":"product_cat","embeddable":true,"href":"https:\/\/www.bazarmerlin.com\/inicio\/wp-json\/wp\/v2\/product_cat?post=8983"},{"taxonomy":"product_tag","embeddable":true,"href":"https:\/\/www.bazarmerlin.com\/inicio\/wp-json\/wp\/v2\/product_tag?post=8983"}],"curies":[{"name":"wp","href":"https:\/\/api.w.org\/{rel}","templated":true}]}}