{"id":8985,"date":"2022-05-27T19:23:30","date_gmt":"2022-05-27T19:23:30","guid":{"rendered":"https:\/\/www.bazarmerlin.com\/inicio\/?post_type=product&#038;p=8985"},"modified":"2023-01-04T00:49:50","modified_gmt":"2023-01-04T00:49:50","slug":"dije-punta-amatista-dije-collar-morado-3-5-cm-de-alto","status":"publish","type":"product","link":"https:\/\/www.bazarmerlin.com\/inicio\/producto\/dije-punta-amatista-dije-collar-morado-3-5-cm-de-alto\/","title":{"rendered":"Dije Punta Amatista &#8211; Dije Collar Morado &#8211; 3.5 Cm De Alto"},"content":{"rendered":"<p><strong>DIJE PUNTA CUARZO AMATISTA CON ESTRUCTURA Y<\/strong><br \/>\n<strong>PASA CADENA EN BA\u00d1O PLATA<\/strong><\/p>\n<p>&nbsp;<\/p>\n<p><em>PRODUCTO IMPORTADO: POR SER ARTESANAL CADA PIEZA ES UNICA<\/em><br \/>\n<em>POR LO MISMO LA INTENSIDAD DEL COLOR PUEDE VARIAR.<\/em><\/p>\n<p>3.5 cm de altura<\/p>\n<p>LA PIEDRA AMATISTA es llamada la piedra de la paz. cuando las tensiones de la vida cotidiana desbordan en tu interior, tan solo tienes que sostener una piedra de amatista en tu mano derecha si eres zurdo o en la izquierda si eres diestro, para que su energ\u00eda tranquilizadora inunde tu cuerpo. Calma los miedos, eleva las esperanzas, levanta el esp\u00edritu, fomenta pensamientos de la realidad espiritual y las tormentas emocionales. Bloquea las tensiones geop\u00e1ticas y potencia los estados elevados de conciencia y meditaci\u00f3n.<\/p>\n<p>AYUDA A CURAR Y SUPERAR ADICCIONES<\/p>\n<p>Nos da coraje y nos ayuda en situaciones de peligro, sobre todo a los viajeros, EL QUE LA USA ESTAR\u00c1 PROTEGIDO CONTRA LADRONES, ENFERMEDAD, DA\u00d1O Y PELIGRO.<\/p>\n<p>LA AMATISTA TAMBI\u00c9N AYUDA A AGUDIZAR EL SEXTO SENTIDO. Por ello mucha gente pone un trozo de amatista en sus naipes del tarot, runas o monedas de I-ching, ya que permite que la informaci\u00f3n procedente de la mente ps\u00edquica sea utilizada adecuadamente y porque limpia el or\u00e1culo tras su uso, transmutando las energ\u00edas de la persona al que se le ha realizado la adivinaci\u00f3n.<\/p>\n<p>Esta piedra tambi\u00e9n agudiza la mente consciente, estimulando el ingenio y aumentando los poderes mentales. Se utiliza para mejorar la memoria y mantener pensamientos adecuados con relaci\u00f3n a los objetivos que nos queremos marcar en nuestras vidas.<\/p>\n<p>Es una piedra de amor puro e incondicional, por ello en muchas ocasiones se las intercambian los amantes para fortalecer su compromiso. Es una de las pocas piedras precisas para aquellos hombres que quieren atraer una mujer u otro hombre a su vida. Su energ\u00eda hace que a su portador le amen tan solo \u201cbuenas mujeres\/hombres\u201d. Protege del ataque psiquico, convirtiendolo en enerrg\u00eda relacionada con el amor. A nivel familiar, depura, aclara y armoniza la energ\u00eda del hogar. Protege contra las desavenencias matrimoniales y, colocando una amatista en la entrada de casa, preserva de intrusos y de personas ajenas, ya sean personas, como energ\u00edas negativas o enfermedades.<\/p>\n<p>Equilibra los cuerpos f\u00edsico, emocional y mental. Limpia el aura y ayuda a aquellos que est\u00e1n realizando su transici\u00f3n a la muerte.<\/p>\n<p>Aquellos que est\u00e1n envueltos en juicios legales usan la amatista para asegurarse que se haga justicia. Esto no quiere decir que el juicio sea a nuestro favor, sino que la justicia se har\u00e1 como tenga que ser. Se utiliza en magia para atraer prosperidad, dinero y \u00e9xito a los negocios, lo que se debe a que la gobierna J\u00fapiter.<\/p>\n<p>&nbsp;<\/p>\n<p>&nbsp;<\/p>\n<p><strong>BAZAR MERLIN<\/strong><br \/>\n<strong>El Lugar M\u00e1s M\u00edstico de Guadalajara<\/strong><br \/>\n<strong>ENVIAMOS A TODO M\u00c9XICO<\/strong><\/p>\n<!-- AddThis Advanced Settings generic via filter on the_content --><!-- AddThis Share Buttons generic via filter on the_content -->","protected":false},"excerpt":{"rendered":"<p>DIJE PUNTA CUARZO AMATISTA CON ESTRUCTURA Y PASA CADENA EN BA\u00d1O PLATA &nbsp; PRODUCTO IMPORTADO: POR SER ARTESANAL CADA PIEZA ES UNICA POR LO MISMO LA INTENSIDAD DEL COLOR PUEDE VARIAR. 3.5 cm de altura LA PIEDRA AMATISTA es llamada la piedra de la paz. cuando las tensiones de la vida cotidiana desbordan en tu&hellip;<!-- AddThis Advanced Settings generic via filter on get_the_excerpt --><!-- AddThis Share Buttons generic via filter on get_the_excerpt --><\/p>\n","protected":false},"featured_media":11340,"template":"","meta":[],"product_cat":[11],"product_tag":[2061,2060],"_links":{"self":[{"href":"https:\/\/www.bazarmerlin.com\/inicio\/wp-json\/wp\/v2\/product\/8985"}],"collection":[{"href":"https:\/\/www.bazarmerlin.com\/inicio\/wp-json\/wp\/v2\/product"}],"about":[{"href":"https:\/\/www.bazarmerlin.com\/inicio\/wp-json\/wp\/v2\/types\/product"}],"wp:featuredmedia":[{"embeddable":true,"href":"https:\/\/www.bazarmerlin.com\/inicio\/wp-json\/wp\/v2\/media\/11340"}],"wp:attachment":[{"href":"https:\/\/www.bazarmerlin.com\/inicio\/wp-json\/wp\/v2\/media?parent=8985"}],"wp:term":[{"taxonomy":"product_cat","embeddable":true,"href":"https:\/\/www.bazarmerlin.com\/inicio\/wp-json\/wp\/v2\/product_cat?post=8985"},{"taxonomy":"product_tag","embeddable":true,"href":"https:\/\/www.bazarmerlin.com\/inicio\/wp-json\/wp\/v2\/product_tag?post=8985"}],"curies":[{"name":"wp","href":"https:\/\/api.w.org\/{rel}","templated":true}]}}