{"id":8997,"date":"2022-05-27T21:56:32","date_gmt":"2022-05-27T21:56:32","guid":{"rendered":"https:\/\/www.bazarmerlin.com\/inicio\/?post_type=product&#038;p=8997"},"modified":"2024-02-20T19:40:56","modified_gmt":"2024-02-20T19:40:56","slug":"locion-genuina-llama-clientes","status":"publish","type":"product","link":"https:\/\/www.bazarmerlin.com\/inicio\/producto\/locion-genuina-llama-clientes\/","title":{"rendered":"Loci\u00f3n Genuina Llama Clientes"},"content":{"rendered":"<p><strong>LOCI\u00d3N GENUINA LLAMA CLIENTES<\/strong><br \/>\n\u00datil para lograr que tu negocio atraiga y llame clientes, ri\u00e9gala en tu negocio de afuera hacia adentro todos los d\u00edas por la ma\u00f1ana.<\/p>\n<p>Tambi\u00e9n puedes aplicarla en todo el cuerpo despu\u00e9s del ba\u00f1o o cuando tu lo prefieras.<\/p>\n<p>&nbsp;<\/p>\n<p>&nbsp;<\/p>\n<p><strong>BAZAR MERLIN\u00ae<\/strong><br \/>\n<strong>El Lugar M\u00e1s M\u00edstico de Guadalajara<\/strong><br \/>\n<strong>ENVIAMOS A TODO M\u00c9XICO<\/strong><\/p>\n<!-- AddThis Advanced Settings generic via filter on the_content --><!-- AddThis Share Buttons generic via filter on the_content -->","protected":false},"excerpt":{"rendered":"<p>LOCI\u00d3N GENUINA LLAMA CLIENTES \u00datil para lograr que tu negocio atraiga y llame clientes, ri\u00e9gala en tu negocio de afuera hacia adentro todos los d\u00edas por la ma\u00f1ana. Tambi\u00e9n puedes aplicarla en todo el cuerpo despu\u00e9s del ba\u00f1o o cuando tu lo prefieras. &nbsp; &nbsp; BAZAR MERLIN\u00ae El Lugar M\u00e1s M\u00edstico de Guadalajara ENVIAMOS A&hellip;<!-- AddThis Advanced Settings generic via filter on get_the_excerpt --><!-- AddThis Share Buttons generic via filter on get_the_excerpt --><\/p>\n","protected":false},"featured_media":10283,"template":"","meta":[],"product_cat":[14],"product_tag":[2066],"_links":{"self":[{"href":"https:\/\/www.bazarmerlin.com\/inicio\/wp-json\/wp\/v2\/product\/8997"}],"collection":[{"href":"https:\/\/www.bazarmerlin.com\/inicio\/wp-json\/wp\/v2\/product"}],"about":[{"href":"https:\/\/www.bazarmerlin.com\/inicio\/wp-json\/wp\/v2\/types\/product"}],"wp:featuredmedia":[{"embeddable":true,"href":"https:\/\/www.bazarmerlin.com\/inicio\/wp-json\/wp\/v2\/media\/10283"}],"wp:attachment":[{"href":"https:\/\/www.bazarmerlin.com\/inicio\/wp-json\/wp\/v2\/media?parent=8997"}],"wp:term":[{"taxonomy":"product_cat","embeddable":true,"href":"https:\/\/www.bazarmerlin.com\/inicio\/wp-json\/wp\/v2\/product_cat?post=8997"},{"taxonomy":"product_tag","embeddable":true,"href":"https:\/\/www.bazarmerlin.com\/inicio\/wp-json\/wp\/v2\/product_tag?post=8997"}],"curies":[{"name":"wp","href":"https:\/\/api.w.org\/{rel}","templated":true}]}}