{"id":9028,"date":"2022-05-30T17:43:53","date_gmt":"2022-05-30T17:43:53","guid":{"rendered":"https:\/\/www.bazarmerlin.com\/inicio\/?post_type=product&#038;p=9028"},"modified":"2022-11-03T23:28:51","modified_gmt":"2022-11-03T23:28:51","slug":"dije-runico-para-abundancia-y-prosperidad-chapa-de-oro","status":"publish","type":"product","link":"https:\/\/www.bazarmerlin.com\/inicio\/producto\/dije-runico-para-abundancia-y-prosperidad-chapa-de-oro\/","title":{"rendered":"Dije R\u00fanico Para Abundancia Y Prosperidad &#8211; Chapa De Oro"},"content":{"rendered":"<p><strong>RUNA DE LA ABUNDANCIA<\/strong><br \/>\n<strong>EN FINA CHAPA DE ORO.<\/strong><\/p>\n<p>&nbsp;<\/p>\n<p>Altura de 3.5 Cm ( Contando el Pasa cadena )<\/p>\n<p>-ESTE PODEROSO S\u00cdMBOLO NOS AYUDA A TRAER A NUESTRA VIDA, ABUNDANCIA, TRABAJO, DINERO Y \u00c9XITO.-<\/p>\n<p>Su forma nos recuerda un recipiente que es llenado constantemente y bendecido por la abundancia y que a su vez cuenta con tres apoyos para que aquello que recibamos sea repartido con sabidur\u00eda y que no nos haga perder la estabilidad.<\/p>\n<p>Los amuletos r\u00fanicos siempre muestran equilibrio y recuerdan el flujo constante de dar y recibir a nosotros mismos y a la colectividad.<br \/>\nVea que el centro de la runa representa una figura humana y la copa la forman sus brazos arqueados y hacia arriba, en se\u00f1al de recibir, pero contempor\u00e1neamente los brazos tambi\u00e9n est\u00e1n dirigidos hacia abajo para dar.<\/p>\n<p>Nos recuerda que hay que compartir de lo que se recibe y siempre habr\u00e1 m\u00e1s. Si se atesora no hay espacio para mas. Y esto es en todo, no solo en la riqueza material, sino en el amor, el conocimiento y el placer.<\/p>\n<p>Este amuleto borra programaciones que impiden ser uno con la abundancia. Elimina la culpa por sentirse prospero. Y reintegra el concepto de que un don requiere otro don, y que siempre debe resarcirse por lo que se recibe. Este concepto procurara abundancia integral, por que la riqueza material sin capacidad de gozo, resulta una abundancia parcial.<\/p>\n<p>&nbsp;<\/p>\n<p>&nbsp;<\/p>\n<p><strong>BAZAR MERLIN<\/strong><br \/>\n<strong>El Lugar M\u00e1s M\u00edstico de Guadalajara<\/strong><br \/>\n<strong>ENVIAMOS A TODO M\u00c9XICO&#8230;<\/strong><\/p>\n<!-- AddThis Advanced Settings generic via filter on the_content --><!-- AddThis Share Buttons generic via filter on the_content -->","protected":false},"excerpt":{"rendered":"<p>RUNA DE LA ABUNDANCIA EN FINA CHAPA DE ORO. &nbsp; Altura de 3.5 Cm ( Contando el Pasa cadena ) -ESTE PODEROSO S\u00cdMBOLO NOS AYUDA A TRAER A NUESTRA VIDA, ABUNDANCIA, TRABAJO, DINERO Y \u00c9XITO.- Su forma nos recuerda un recipiente que es llenado constantemente y bendecido por la abundancia y que a su vez&hellip;<!-- AddThis Advanced Settings generic via filter on get_the_excerpt --><!-- AddThis Share Buttons generic via filter on get_the_excerpt --><\/p>\n","protected":false},"featured_media":10650,"template":"","meta":[],"product_cat":[12],"product_tag":[667,2085],"_links":{"self":[{"href":"https:\/\/www.bazarmerlin.com\/inicio\/wp-json\/wp\/v2\/product\/9028"}],"collection":[{"href":"https:\/\/www.bazarmerlin.com\/inicio\/wp-json\/wp\/v2\/product"}],"about":[{"href":"https:\/\/www.bazarmerlin.com\/inicio\/wp-json\/wp\/v2\/types\/product"}],"wp:featuredmedia":[{"embeddable":true,"href":"https:\/\/www.bazarmerlin.com\/inicio\/wp-json\/wp\/v2\/media\/10650"}],"wp:attachment":[{"href":"https:\/\/www.bazarmerlin.com\/inicio\/wp-json\/wp\/v2\/media?parent=9028"}],"wp:term":[{"taxonomy":"product_cat","embeddable":true,"href":"https:\/\/www.bazarmerlin.com\/inicio\/wp-json\/wp\/v2\/product_cat?post=9028"},{"taxonomy":"product_tag","embeddable":true,"href":"https:\/\/www.bazarmerlin.com\/inicio\/wp-json\/wp\/v2\/product_tag?post=9028"}],"curies":[{"name":"wp","href":"https:\/\/api.w.org\/{rel}","templated":true}]}}