{"id":903,"date":"2015-07-04T17:13:30","date_gmt":"2015-07-04T17:13:30","guid":{"rendered":"https:\/\/www.bazarmerlin.com\/inicio\/?post_type=product&#038;p=903"},"modified":"2023-01-02T22:17:56","modified_gmt":"2023-01-02T22:17:56","slug":"angeles-de-cuarzo-varios-colores","status":"publish","type":"product","link":"https:\/\/www.bazarmerlin.com\/inicio\/producto\/angeles-de-cuarzo-varios-colores\/","title":{"rendered":"Angeles de Cuarzo &#8211; Varios Colores"},"content":{"rendered":"<p><strong>\u00c1NGEL DE CUARZO<\/strong><br \/>\n<strong>Varios Colores<\/strong><\/p>\n<p>&nbsp;<\/p>\n<p>Hermosa figura \u00c1ngel de cuarzo dimensi\u00f3n 14 cm para armonizar casa o negocio. Un \u00e1ngel es un ser inmaterial o espiritual presente en algunas religiones cuyos deberes son asistir y servir a Dios.<\/p>\n<p>Los \u00e1ngeles son a menudo representados como mensajeros de Dios en la Biblia hebrea, Biblias cristianas y el Cor\u00e1n.<\/p>\n<p>Seg\u00fan las 3 principales religiones monote\u00edstas, Los \u00c1ngeles adem\u00e1s act\u00faan como mensajeros, ejecutando los juicios de Dios y sirviendo a los creyentes.<\/p>\n<p>Incluso puede adquirirlo como un regalo muy original.<\/p>\n<p>&nbsp;<\/p>\n<p>&nbsp;<\/p>\n<p><strong>BAZAR MERLIN<\/strong><br \/>\n<strong>El Lugar M\u00e1s M\u00edstico de Guadalajara<\/strong><br \/>\n<strong>ENVIAMOS A TODO M\u00c9XICO<\/strong><\/p>\n<!-- AddThis Advanced Settings generic via filter on the_content --><!-- AddThis Share Buttons generic via filter on the_content -->","protected":false},"excerpt":{"rendered":"<p>\u00c1NGEL DE CUARZO Varios Colores &nbsp; Hermosa figura \u00c1ngel de cuarzo dimensi\u00f3n 14 cm para armonizar casa o negocio. Un \u00e1ngel es un ser inmaterial o espiritual presente en algunas religiones cuyos deberes son asistir y servir a Dios. Los \u00e1ngeles son a menudo representados como mensajeros de Dios en la Biblia hebrea, Biblias cristianas&hellip;<!-- AddThis Advanced Settings generic via filter on get_the_excerpt --><!-- AddThis Share Buttons generic via filter on get_the_excerpt --><\/p>\n","protected":false},"featured_media":11318,"template":"","meta":[],"product_cat":[11],"product_tag":[661,662],"_links":{"self":[{"href":"https:\/\/www.bazarmerlin.com\/inicio\/wp-json\/wp\/v2\/product\/903"}],"collection":[{"href":"https:\/\/www.bazarmerlin.com\/inicio\/wp-json\/wp\/v2\/product"}],"about":[{"href":"https:\/\/www.bazarmerlin.com\/inicio\/wp-json\/wp\/v2\/types\/product"}],"wp:featuredmedia":[{"embeddable":true,"href":"https:\/\/www.bazarmerlin.com\/inicio\/wp-json\/wp\/v2\/media\/11318"}],"wp:attachment":[{"href":"https:\/\/www.bazarmerlin.com\/inicio\/wp-json\/wp\/v2\/media?parent=903"}],"wp:term":[{"taxonomy":"product_cat","embeddable":true,"href":"https:\/\/www.bazarmerlin.com\/inicio\/wp-json\/wp\/v2\/product_cat?post=903"},{"taxonomy":"product_tag","embeddable":true,"href":"https:\/\/www.bazarmerlin.com\/inicio\/wp-json\/wp\/v2\/product_tag?post=903"}],"curies":[{"name":"wp","href":"https:\/\/api.w.org\/{rel}","templated":true}]}}