{"id":9030,"date":"2022-05-30T17:55:57","date_gmt":"2022-05-30T17:55:57","guid":{"rendered":"https:\/\/www.bazarmerlin.com\/inicio\/?post_type=product&#038;p=9030"},"modified":"2022-10-07T22:55:19","modified_gmt":"2022-10-07T22:55:19","slug":"locion-ven-a-mi-se-mas-atractiv","status":"publish","type":"product","link":"https:\/\/www.bazarmerlin.com\/inicio\/producto\/locion-ven-a-mi-se-mas-atractiv\/","title":{"rendered":"Loci\u00f3n Ven A Mi &#8211; Se Mas Atractiv@"},"content":{"rendered":"<p><strong>LOCI\u00d3N ESOTERICA Y MISTICA VEN A MI<\/strong><\/p>\n<p>Presentaci\u00f3n: 500 ML.<\/p>\n<p>La Loci\u00f3n Ven a Mi, es \u00fatil para Recuperar un Amor Perdido, Ganar el Sentimiento de la Persona Amada, Evita la Infidelidad, Mantiene Viva la Pasi\u00f3n para que la persona Te Ame Solo a Ti, (amor sin control apasionado).<\/p>\n<p>La Loci\u00f3n Ven a Mi es ideal para Aumentar el Deseo y La Sexualidad, solo apl\u00edcala diariamente despu\u00e9s del ba\u00f1o en todo el cuerpo.<\/p>\n<p>&nbsp;<\/p>\n<p>&nbsp;<\/p>\n<p>&nbsp;<\/p>\n<p><strong>BAZAR MERLIN<\/strong><br \/>\n<strong>El Lugar M\u00e1s M\u00edstico de Guadalajara<\/strong><br \/>\n<strong>ENVIAMOS A TODO M\u00c9XICO<\/strong><\/p>\n<!-- AddThis Advanced Settings generic via filter on the_content --><!-- AddThis Share Buttons generic via filter on the_content -->","protected":false},"excerpt":{"rendered":"<p>LOCI\u00d3N ESOTERICA Y MISTICA VEN A MI Presentaci\u00f3n: 500 ML. La Loci\u00f3n Ven a Mi, es \u00fatil para Recuperar un Amor Perdido, Ganar el Sentimiento de la Persona Amada, Evita la Infidelidad, Mantiene Viva la Pasi\u00f3n para que la persona Te Ame Solo a Ti, (amor sin control apasionado). La Loci\u00f3n Ven a Mi es&hellip;<!-- AddThis Advanced Settings generic via filter on get_the_excerpt --><!-- AddThis Share Buttons generic via filter on get_the_excerpt --><\/p>\n","protected":false},"featured_media":10286,"template":"","meta":[],"product_cat":[14],"product_tag":[1676,2086],"_links":{"self":[{"href":"https:\/\/www.bazarmerlin.com\/inicio\/wp-json\/wp\/v2\/product\/9030"}],"collection":[{"href":"https:\/\/www.bazarmerlin.com\/inicio\/wp-json\/wp\/v2\/product"}],"about":[{"href":"https:\/\/www.bazarmerlin.com\/inicio\/wp-json\/wp\/v2\/types\/product"}],"wp:featuredmedia":[{"embeddable":true,"href":"https:\/\/www.bazarmerlin.com\/inicio\/wp-json\/wp\/v2\/media\/10286"}],"wp:attachment":[{"href":"https:\/\/www.bazarmerlin.com\/inicio\/wp-json\/wp\/v2\/media?parent=9030"}],"wp:term":[{"taxonomy":"product_cat","embeddable":true,"href":"https:\/\/www.bazarmerlin.com\/inicio\/wp-json\/wp\/v2\/product_cat?post=9030"},{"taxonomy":"product_tag","embeddable":true,"href":"https:\/\/www.bazarmerlin.com\/inicio\/wp-json\/wp\/v2\/product_tag?post=9030"}],"curies":[{"name":"wp","href":"https:\/\/api.w.org\/{rel}","templated":true}]}}