{"id":9036,"date":"2022-05-30T18:35:48","date_gmt":"2022-05-30T18:35:48","guid":{"rendered":"https:\/\/www.bazarmerlin.com\/inicio\/?post_type=product&#038;p=9036"},"modified":"2022-11-24T00:34:35","modified_gmt":"2022-11-24T00:34:35","slug":"veladora-aromatica-saca-sal-corta-brujeria-y-protege","status":"publish","type":"product","link":"https:\/\/www.bazarmerlin.com\/inicio\/producto\/veladora-aromatica-saca-sal-corta-brujeria-y-protege\/","title":{"rendered":"Veladora Arom\u00e1tica Saca Sal &#8211; Corta Brujer\u00eda Y Protege"},"content":{"rendered":"<p><strong>VELADORA AROM\u00c1TICA SACA SAL<\/strong><\/p>\n<p>Aleja a las personas negativas como envidias y mal de ojo, esta veladora se entrega preparada especialmente para destruir y acabar con todo ese mal, con una mezcla de esencias, plantas y semillas que se requieren para hacer un limpia en el hogar, como en tu persona.<\/p>\n<p>Cuando vayas a prenderla, p\u00e1sala por todo tu cuerpo y haz la encienda, coloca una foto tuya bajo la veladora y deja que haga su efecto, cuando la veladora termine todo, ese da\u00f1o quedar\u00e1 muy lejano.<\/p>\n<p>&nbsp;<\/p>\n<p>&nbsp;<\/p>\n<p>&nbsp;<\/p>\n<p><strong>BAZAR MERLIN<\/strong><br \/>\n<strong>El Lugar M\u00e1s M\u00edstico de Guadalajara<\/strong><br \/>\n<strong>ENVIAMOS A TODO M\u00c9XICO<\/strong><\/p>\n<!-- AddThis Advanced Settings generic via filter on the_content --><!-- AddThis Share Buttons generic via filter on the_content -->","protected":false},"excerpt":{"rendered":"<p>VELADORA AROM\u00c1TICA SACA SAL Aleja a las personas negativas como envidias y mal de ojo, esta veladora se entrega preparada especialmente para destruir y acabar con todo ese mal, con una mezcla de esencias, plantas y semillas que se requieren para hacer un limpia en el hogar, como en tu persona. Cuando vayas a prenderla,&hellip;<!-- AddThis Advanced Settings generic via filter on get_the_excerpt --><!-- AddThis Share Buttons generic via filter on get_the_excerpt --><\/p>\n","protected":false},"featured_media":10820,"template":"","meta":[],"product_cat":[19],"product_tag":[2090,2089],"_links":{"self":[{"href":"https:\/\/www.bazarmerlin.com\/inicio\/wp-json\/wp\/v2\/product\/9036"}],"collection":[{"href":"https:\/\/www.bazarmerlin.com\/inicio\/wp-json\/wp\/v2\/product"}],"about":[{"href":"https:\/\/www.bazarmerlin.com\/inicio\/wp-json\/wp\/v2\/types\/product"}],"wp:featuredmedia":[{"embeddable":true,"href":"https:\/\/www.bazarmerlin.com\/inicio\/wp-json\/wp\/v2\/media\/10820"}],"wp:attachment":[{"href":"https:\/\/www.bazarmerlin.com\/inicio\/wp-json\/wp\/v2\/media?parent=9036"}],"wp:term":[{"taxonomy":"product_cat","embeddable":true,"href":"https:\/\/www.bazarmerlin.com\/inicio\/wp-json\/wp\/v2\/product_cat?post=9036"},{"taxonomy":"product_tag","embeddable":true,"href":"https:\/\/www.bazarmerlin.com\/inicio\/wp-json\/wp\/v2\/product_tag?post=9036"}],"curies":[{"name":"wp","href":"https:\/\/api.w.org\/{rel}","templated":true}]}}