{"id":9038,"date":"2022-05-30T18:46:20","date_gmt":"2022-05-30T18:46:20","guid":{"rendered":"https:\/\/www.bazarmerlin.com\/inicio\/?post_type=product&#038;p=9038"},"modified":"2022-06-08T23:42:46","modified_gmt":"2022-06-08T23:42:46","slug":"veladora-ajo-macho-contra-todo-dano","status":"publish","type":"product","link":"https:\/\/www.bazarmerlin.com\/inicio\/producto\/veladora-ajo-macho-contra-todo-dano\/","title":{"rendered":"Veladora Ajo Macho &#8211; Contra Todo Da\u00f1o"},"content":{"rendered":"<p><strong>VELADORA AJO MACHO<\/strong><\/p>\n<p>Aleja a las personas negativas como envidias y mal de ojo. As\u00ed como traer abundancia. Esta veladora se entrega preparada especialmente para destruir y acabar con todo ese mal, una mezcla de esencias, plantas y semillas que se requieren para hacer un limpia en el hogar como en tu persona.<\/p>\n<p>Cuando vayas a prenderla p\u00e1sala por todo tu cuerpo y haz la encienda, pon una foto tuya abajo de la veladora y atr\u00e1s de la foto tus decretos. Deja que haga su efecto. Cuando la veladora termine todo ese da\u00f1o quedar\u00e1 muy lejano.<\/p>\n<p>Debes leer esta oraci\u00f3n con mucha fe para cortar cualquier fluido negativo:<\/p>\n<p>Milagroso Ajo que fuiste puesto en el Monte Calvario donde Jes\u00fas muri\u00f3 para darte plena eterna luz y librarnos de todo mal. L\u00edbrame de c\u00e1rceles y demonios: Cuando mis enemigos intenten matarme o herirme, que sus ojos no me vean, que sus pies no me alcancen, que sus manos no me agarren, que los cuchillos se desv\u00eden, y que el mal no me persiga.<\/p>\n<p>Milagroso ajo de la bondad: Ret\u00edrame envidias, ap\u00e1rtame de los enemigos, ay\u00fadame en mi trabajo o negocio.<br \/>\nAseg\u00farame el cari\u00f1o de los que me rodean. As\u00ed sea, as\u00ed ser\u00e1.<\/p>\n<p>El precio es por una pieza, esto incluye su preparaci\u00f3n.<\/p>\n<p>&nbsp;<\/p>\n<p>&nbsp;<\/p>\n<p>&nbsp;<\/p>\n<p>&nbsp;<\/p>\n<p><strong>BAZAR MERLIN<\/strong><br \/>\n<strong>El Lugar M\u00e1s M\u00edstico de Guadalajara<\/strong><br \/>\n<strong>ENVIAMOS A TODO M\u00c9XICO &#8230;<\/strong><\/p>\n<!-- AddThis Advanced Settings generic via filter on the_content --><!-- AddThis Share Buttons generic via filter on the_content -->","protected":false},"excerpt":{"rendered":"<p>VELADORA AJO MACHO Aleja a las personas negativas como envidias y mal de ojo. As\u00ed como traer abundancia. Esta veladora se entrega preparada especialmente para destruir y acabar con todo ese mal, una mezcla de esencias, plantas y semillas que se requieren para hacer un limpia en el hogar como en tu persona. Cuando vayas&hellip;<!-- AddThis Advanced Settings generic via filter on get_the_excerpt --><!-- AddThis Share Buttons generic via filter on get_the_excerpt --><\/p>\n","protected":false},"featured_media":9039,"template":"","meta":[],"product_cat":[19],"product_tag":[2092,2091],"_links":{"self":[{"href":"https:\/\/www.bazarmerlin.com\/inicio\/wp-json\/wp\/v2\/product\/9038"}],"collection":[{"href":"https:\/\/www.bazarmerlin.com\/inicio\/wp-json\/wp\/v2\/product"}],"about":[{"href":"https:\/\/www.bazarmerlin.com\/inicio\/wp-json\/wp\/v2\/types\/product"}],"wp:featuredmedia":[{"embeddable":true,"href":"https:\/\/www.bazarmerlin.com\/inicio\/wp-json\/wp\/v2\/media\/9039"}],"wp:attachment":[{"href":"https:\/\/www.bazarmerlin.com\/inicio\/wp-json\/wp\/v2\/media?parent=9038"}],"wp:term":[{"taxonomy":"product_cat","embeddable":true,"href":"https:\/\/www.bazarmerlin.com\/inicio\/wp-json\/wp\/v2\/product_cat?post=9038"},{"taxonomy":"product_tag","embeddable":true,"href":"https:\/\/www.bazarmerlin.com\/inicio\/wp-json\/wp\/v2\/product_tag?post=9038"}],"curies":[{"name":"wp","href":"https:\/\/api.w.org\/{rel}","templated":true}]}}