{"id":9043,"date":"2022-05-30T19:04:42","date_gmt":"2022-05-30T19:04:42","guid":{"rendered":"https:\/\/www.bazarmerlin.com\/inicio\/?post_type=product&#038;p=9043"},"modified":"2024-10-08T03:24:14","modified_gmt":"2024-10-08T03:24:14","slug":"talisman-del-rey-salomon-el-mas-poderoso-que-existe","status":"publish","type":"product","link":"https:\/\/www.bazarmerlin.com\/inicio\/producto\/talisman-del-rey-salomon-el-mas-poderoso-que-existe\/","title":{"rendered":"Talism\u00e1n Del Rey Salom\u00f3n &#8211; El M\u00e1s Poderoso Que Existe"},"content":{"rendered":"<p><strong>TALISM\u00c1N DEL REY SALOM\u00d3N<\/strong><\/p>\n<p>-ATRAE DINERO, NEGOCIOS, SUERTE Y PROTECCI\u00d3N-<\/p>\n<p>-\u00bfTu Situaci\u00f3n Personal,Profesional o Financiera esta en un Punto Critico?-<br \/>\n-\u00bfSientes ser Victima de un Trabajo Obscuro de Alg\u00fan Enemigo?-<br \/>\n-\u00bfHas Intentado Casi Todo, Incluso Magia y No Vez Cambios en tu Vida?-<\/p>\n<p>EL PODEROSO TALISM\u00c1N DEL REY SALOM\u00d3N Te Ayudara A Obtener Todo Lo Que Siempre Has So\u00f1ado Como Poder, Amor, Dinero Y Salud. Te ayudara a Lograr El \u00c9xito En Todos Los Aspectos De Tu Vida.<\/p>\n<p>Es Un S\u00edmbolo Secreto Asignado A Cada Persona Acuerdo Con Sus Vibraciones Karmicas, Y Esta Debidamente Ritualizado Para La Apersona Que Lo Portara Haci\u00e9ndolo Un Dije Y Talism\u00e1n \u00danico Y Muy Poderoso Para Su Portador.<\/p>\n<p>Esta Elaborado Totalmente A Mano Y Consagrado Especialmente Para Ti Bajo Un Ritual Muy Poderoso Y De Verdadera Alta Magia. Este Talism\u00e1n Adem\u00e1s Esta Encapsulado En Resina O\/Y Acr\u00edlico Para Que Este Poderoso Talism\u00e1n Dure Toda La Vida..<\/p>\n<p>\u00bfPOR QUE ES TAN PODEROSO ESTE TALISM\u00c1N?<br \/>\nPor La Simbolog\u00eda Que Encierra, Porque Se Prepara Y Ritualiza Con Decretos Y Rituales De Alta Magia Que Le Ayudan A Aumentar Su Poder De Protecci\u00f3n. Adem\u00e1s Esta Realizado En Aleaci\u00f3n De 7 Metales Que Corresponden A Los 7 Planetas Alqu\u00edmicos.<\/p>\n<p>&nbsp;<\/p>\n<p>&nbsp;<\/p>\n<p>&nbsp;<\/p>\n<p><strong>BAZAR MERLIN\u00ae<\/strong><br \/>\n<strong>El Lugar M\u00e1s M\u00edstico de Guadalajara<\/strong><br \/>\n<strong>ENVIAMOS A TODO M\u00c9XICO\u00a0<\/strong><\/p>\n<!-- AddThis Advanced Settings generic via filter on the_content --><!-- AddThis Share Buttons generic via filter on the_content -->","protected":false},"excerpt":{"rendered":"<p>TALISM\u00c1N DEL REY SALOM\u00d3N -ATRAE DINERO, NEGOCIOS, SUERTE Y PROTECCI\u00d3N- -\u00bfTu Situaci\u00f3n Personal,Profesional o Financiera esta en un Punto Critico?- -\u00bfSientes ser Victima de un Trabajo Obscuro de Alg\u00fan Enemigo?- -\u00bfHas Intentado Casi Todo, Incluso Magia y No Vez Cambios en tu Vida?- EL PODEROSO TALISM\u00c1N DEL REY SALOM\u00d3N Te Ayudara A Obtener Todo Lo&hellip;<!-- AddThis Advanced Settings generic via filter on get_the_excerpt --><!-- AddThis Share Buttons generic via filter on get_the_excerpt --><\/p>\n","protected":false},"featured_media":10747,"template":"","meta":[],"product_cat":[12],"product_tag":[2095,2094],"_links":{"self":[{"href":"https:\/\/www.bazarmerlin.com\/inicio\/wp-json\/wp\/v2\/product\/9043"}],"collection":[{"href":"https:\/\/www.bazarmerlin.com\/inicio\/wp-json\/wp\/v2\/product"}],"about":[{"href":"https:\/\/www.bazarmerlin.com\/inicio\/wp-json\/wp\/v2\/types\/product"}],"wp:featuredmedia":[{"embeddable":true,"href":"https:\/\/www.bazarmerlin.com\/inicio\/wp-json\/wp\/v2\/media\/10747"}],"wp:attachment":[{"href":"https:\/\/www.bazarmerlin.com\/inicio\/wp-json\/wp\/v2\/media?parent=9043"}],"wp:term":[{"taxonomy":"product_cat","embeddable":true,"href":"https:\/\/www.bazarmerlin.com\/inicio\/wp-json\/wp\/v2\/product_cat?post=9043"},{"taxonomy":"product_tag","embeddable":true,"href":"https:\/\/www.bazarmerlin.com\/inicio\/wp-json\/wp\/v2\/product_tag?post=9043"}],"curies":[{"name":"wp","href":"https:\/\/api.w.org\/{rel}","templated":true}]}}