{"id":9046,"date":"2022-05-30T19:13:15","date_gmt":"2022-05-30T19:13:15","guid":{"rendered":"https:\/\/www.bazarmerlin.com\/inicio\/?post_type=product&#038;p=9046"},"modified":"2022-12-02T23:43:04","modified_gmt":"2022-12-02T23:43:04","slug":"locion-coco-eleggua-quita-bloqueos-y-abre-caminos","status":"publish","type":"product","link":"https:\/\/www.bazarmerlin.com\/inicio\/producto\/locion-coco-eleggua-quita-bloqueos-y-abre-caminos\/","title":{"rendered":"Loci\u00f3n Coco Eleggua &#8211; Quita Bloqueos Y Abre Caminos"},"content":{"rendered":"<p><strong>LOCI\u00d3N COCO ELEGGUA<\/strong><br \/>\n<em><strong>Ideal para atraer la Suerte, Salud y Abrir Caminos.<\/strong><\/em><\/p>\n<p>\u00bfPara Que Sirve Eleggua?<\/p>\n<p>Te ayudar\u00e1 a Lograr el \u00c9xito en todos los aspectos de tu vida, atrayendo todo lo que siempre has deseado Como Poder, Amor, Dinero Y Salud.<br \/>\nEleggua tiene el poder de absorber todas las energ\u00edas negativas y malas que pueden hacernos da\u00f1o y que impregnan a la energ\u00eda del ambiente de una casa, negocio , autom\u00f3vil, etc. Absorbe las energ\u00edas negativas de nuestro cuerpo y su fuerza limpia la energ\u00eda negativa del lugar donde se encuentra .<\/p>\n<p>Eleggua te invita a que abras tu camino ya que quiere ser tu \u00e1ngel guardi\u00e1n y cuidar y proteger todos tus caminos al amor dinero salud y combatir contra envidias y accidentes ya que sus poderosos receptores de energ\u00edas negativas como de ondas biomagn\u00e9ticas el cual nos ayuda a atraer vibraciones buenas y positivas a nuestras vidas llen\u00e1ndonos de poder y fuerza a trav\u00e9s de su magia extremadamente poderoso para as\u00ed poder salir adelante en nuestro camino y en todo lo que emprendamos.<\/p>\n<p>El es el due\u00f1o de los caminos y encrucijadas, y posee las llaves del destino , que abre y cierra las puertas a la felicidad o la desgracia , la prosperidad y la pobreza. \u00c9l es el primero que llamamos cuando necesitamos caminos y puertas abiertas . \u00c9l es el primero de los cuatro soldados santeros (Og\u00fan, Ochosi y Ozun). Sin \u00e9l nada no se puede hacer nada.<\/p>\n<p>ATRAE A TU VIDA SUERTE Y \u00c9XITO EN TODO LO QUE EMPRENDAS.<\/p>\n<p>&nbsp;<\/p>\n<p>&nbsp;<\/p>\n<p>&nbsp;<\/p>\n<p><strong>BAZAR MERLIN\u00ae<\/strong><br \/>\n<strong>El Lugar M\u00e1s M\u00edstico de Guadalajara<\/strong><br \/>\n<strong>ENVIAMOS A TODO M\u00c9XICO<\/strong><\/p>\n<!-- AddThis Advanced Settings generic via filter on the_content --><!-- AddThis Share Buttons generic via filter on the_content -->","protected":false},"excerpt":{"rendered":"<p>LOCI\u00d3N COCO ELEGGUA Ideal para atraer la Suerte, Salud y Abrir Caminos. \u00bfPara Que Sirve Eleggua? Te ayudar\u00e1 a Lograr el \u00c9xito en todos los aspectos de tu vida, atrayendo todo lo que siempre has deseado Como Poder, Amor, Dinero Y Salud. Eleggua tiene el poder de absorber todas las energ\u00edas negativas y malas que&hellip;<!-- AddThis Advanced Settings generic via filter on get_the_excerpt --><!-- AddThis Share Buttons generic via filter on get_the_excerpt --><\/p>\n","protected":false},"featured_media":10949,"template":"","meta":[],"product_cat":[20],"product_tag":[1721,2096],"_links":{"self":[{"href":"https:\/\/www.bazarmerlin.com\/inicio\/wp-json\/wp\/v2\/product\/9046"}],"collection":[{"href":"https:\/\/www.bazarmerlin.com\/inicio\/wp-json\/wp\/v2\/product"}],"about":[{"href":"https:\/\/www.bazarmerlin.com\/inicio\/wp-json\/wp\/v2\/types\/product"}],"wp:featuredmedia":[{"embeddable":true,"href":"https:\/\/www.bazarmerlin.com\/inicio\/wp-json\/wp\/v2\/media\/10949"}],"wp:attachment":[{"href":"https:\/\/www.bazarmerlin.com\/inicio\/wp-json\/wp\/v2\/media?parent=9046"}],"wp:term":[{"taxonomy":"product_cat","embeddable":true,"href":"https:\/\/www.bazarmerlin.com\/inicio\/wp-json\/wp\/v2\/product_cat?post=9046"},{"taxonomy":"product_tag","embeddable":true,"href":"https:\/\/www.bazarmerlin.com\/inicio\/wp-json\/wp\/v2\/product_tag?post=9046"}],"curies":[{"name":"wp","href":"https:\/\/api.w.org\/{rel}","templated":true}]}}