{"id":9048,"date":"2022-05-30T19:23:40","date_gmt":"2022-05-30T19:23:40","guid":{"rendered":"https:\/\/www.bazarmerlin.com\/inicio\/?post_type=product&#038;p=9048"},"modified":"2022-06-08T23:42:47","modified_gmt":"2022-06-08T23:42:47","slug":"locion-arrasa-todo-quita-maldad-dano","status":"publish","type":"product","link":"https:\/\/www.bazarmerlin.com\/inicio\/producto\/locion-arrasa-todo-quita-maldad-dano\/","title":{"rendered":"Loci\u00f3n Arrasa Todo &#8211; Quita Maldad, Da\u00f1o"},"content":{"rendered":"<p><strong>PODEROSA LOCION ARRASA TODO<\/strong><br \/>\n<strong>QUITA MALDAD, DA\u00d1O, BRUJER\u00cdA.<\/strong><\/p>\n<p>100 M.L<\/p>\n<p>Esta poderosa locion te ayuda a romper con todo tipo de mal que se tenga, ya sea natural o provocado (envidias, magia negra, brujer\u00edas, etc. )<\/p>\n<p>Estos productos est\u00e1n preparados por expertos conocedores de la magia verdadera con ingredientes y rituales especiales para cumplir con su intenci\u00f3n.<\/p>\n<p>\u00a1\u00a1\u00a1\u00dasala en tu persona, tu almohada, tus s\u00e1banas, tu ropa, tu bolsa o cartera y te sorprender\u00e1n los resultados!!!<\/p>\n<p>&nbsp;<\/p>\n<p>&nbsp;<\/p>\n<p>&nbsp;<\/p>\n<p><strong>BAZAR MERL\u00cdN<\/strong><br \/>\n<strong>El Lugar M\u00e1s M\u00edstico de Guadalajara<\/strong><br \/>\n<strong>ENVIAMOS A TODO M\u00c9XICO&#8230;<\/strong><\/p>\n<!-- AddThis Advanced Settings generic via filter on the_content --><!-- AddThis Share Buttons generic via filter on the_content -->","protected":false},"excerpt":{"rendered":"<p>PODEROSA LOCION ARRASA TODO QUITA MALDAD, DA\u00d1O, BRUJER\u00cdA. 100 M.L Esta poderosa locion te ayuda a romper con todo tipo de mal que se tenga, ya sea natural o provocado (envidias, magia negra, brujer\u00edas, etc. ) Estos productos est\u00e1n preparados por expertos conocedores de la magia verdadera con ingredientes y rituales especiales para cumplir con&hellip;<!-- AddThis Advanced Settings generic via filter on get_the_excerpt --><!-- AddThis Share Buttons generic via filter on get_the_excerpt --><\/p>\n","protected":false},"featured_media":9049,"template":"","meta":[],"product_cat":[14],"product_tag":[1995,2097,2098],"_links":{"self":[{"href":"https:\/\/www.bazarmerlin.com\/inicio\/wp-json\/wp\/v2\/product\/9048"}],"collection":[{"href":"https:\/\/www.bazarmerlin.com\/inicio\/wp-json\/wp\/v2\/product"}],"about":[{"href":"https:\/\/www.bazarmerlin.com\/inicio\/wp-json\/wp\/v2\/types\/product"}],"wp:featuredmedia":[{"embeddable":true,"href":"https:\/\/www.bazarmerlin.com\/inicio\/wp-json\/wp\/v2\/media\/9049"}],"wp:attachment":[{"href":"https:\/\/www.bazarmerlin.com\/inicio\/wp-json\/wp\/v2\/media?parent=9048"}],"wp:term":[{"taxonomy":"product_cat","embeddable":true,"href":"https:\/\/www.bazarmerlin.com\/inicio\/wp-json\/wp\/v2\/product_cat?post=9048"},{"taxonomy":"product_tag","embeddable":true,"href":"https:\/\/www.bazarmerlin.com\/inicio\/wp-json\/wp\/v2\/product_tag?post=9048"}],"curies":[{"name":"wp","href":"https:\/\/api.w.org\/{rel}","templated":true}]}}