{"id":9052,"date":"2022-05-30T19:41:57","date_gmt":"2022-05-30T19:41:57","guid":{"rendered":"https:\/\/www.bazarmerlin.com\/inicio\/?post_type=product&#038;p=9052"},"modified":"2022-06-08T23:42:47","modified_gmt":"2022-06-08T23:42:47","slug":"orgonita-para-magnetizar-agua-y-alimentos","status":"publish","type":"product","link":"https:\/\/www.bazarmerlin.com\/inicio\/producto\/orgonita-para-magnetizar-agua-y-alimentos\/","title":{"rendered":"Orgonita Para Magnetizar Agua Y Alimentos"},"content":{"rendered":"<p><strong>LAS ORGONITAS AYUDA PARA ENERGETIZAR O MAGNETIZAR<\/strong><br \/>\n<strong>EL AGUA PARA SANACI\u00d3N Y CURACI\u00d3N COMO TAMBIEN ALIMENTOS<\/strong><\/p>\n<p>MEDIDA DIAMETRO 9 x 3 CMS APROXIMADO<\/p>\n<p>OJO: los colores de los Cuarzos como los elementos de la misma pueden variar<br \/>\nya que cada ORGONITA ES HECHA COMO PIEZA UNICA POR SER<br \/>\nHECHA ARTESANALMENTE.<\/p>\n<p>Se puede poner vasos de agua encima para cambiarles la vibraci\u00f3n,<\/p>\n<p>El uso de la orgonita es muy simple, solo se coloca en una parte de la casa y se deja actuar, adem\u00e1s, no necesita mantenimiento como en el caso de los cuarzos, lo que hace que se mantenga en perfectas condiciones todo el tiempo.<\/p>\n<p>Los beneficios para la salud son visibles de forma inmediata, resultan ser \u00fatiles a la hora de meditar, con s\u00f3lo ponerlos en la palma de la mano o colocarlos cerca, as\u00ed se consigue el mismo tipo de equilibrio y curaci\u00f3n tanto emocional como f\u00edsica que los m\u00e9todos m\u00e1s tradicionales como el Reiki, Magnetoterapia, etc.<\/p>\n<p>Funciones y Beneficios de las Orgonitas<\/p>\n<p>1-Trasforma la energ\u00eda et\u00e9rica negativa de tu hogar y entorno, en energ\u00eda vital saludable.<br \/>\n2-Inspira en el ambiente una sensaci\u00f3n de optimismo y de energ\u00eda positiva, activa y potencia la energ\u00eda natural.<br \/>\n3-Ayuda a restablecer la pulsaci\u00f3n natural bioel\u00e9ctrica, para mantener un estado de salud equilibrado.<br \/>\n4-Desarma los bloqueos energ\u00e9ticos, alejando las personas de influencias negativas y par\u00e1sitas.<br \/>\n5-Realizan un balance energ\u00e9tico del ambiente, re ionizando cargas, aliviando dolores de cabeza producidos por largas exposiciones frente a computadoras y pantallas de televisi\u00f3n.<br \/>\n6-Ayuda a las plantas a crecer mejor y a los organismos biol\u00f3gicos a mantener un equilibrio energ\u00e9tico.<br \/>\n7-Frecuentemente induce un descanso reparador y potencia los sue\u00f1os lucidos.<br \/>\n8-Mitiga los efectos nocivos de las radiaciones EMF (radiaciones electromagn\u00e9ticas), permiti\u00e9ndote colaborar con un mundo m\u00e1s limpio, solidario y respetuoso.<br \/>\n9-Potencia tus sentidos ps\u00edquicos innatos, favorece el despertar espiritual y la expansi\u00f3n de la conciencia.<\/p>\n<p>MEDIDA DIAMETRO 9 x 3 CMS APROXIMADO<\/p>\n<p>&nbsp;<\/p>\n<p>&nbsp;<\/p>\n<p>&nbsp;<\/p>\n<p><strong>BAZAR MERLIN<\/strong><br \/>\n<strong>El Lugar M\u00e1s M\u00edstico de Guadalajara<\/strong><br \/>\n<strong>ENVIAMOS A TODO M\u00c9XICO<\/strong><\/p>\n<!-- AddThis Advanced Settings generic via filter on the_content --><!-- AddThis Share Buttons generic via filter on the_content -->","protected":false},"excerpt":{"rendered":"<p>LAS ORGONITAS AYUDA PARA ENERGETIZAR O MAGNETIZAR EL AGUA PARA SANACI\u00d3N Y CURACI\u00d3N COMO TAMBIEN ALIMENTOS MEDIDA DIAMETRO 9 x 3 CMS APROXIMADO OJO: los colores de los Cuarzos como los elementos de la misma pueden variar ya que cada ORGONITA ES HECHA COMO PIEZA UNICA POR SER HECHA ARTESANALMENTE. Se puede poner vasos de&hellip;<!-- AddThis Advanced Settings generic via filter on get_the_excerpt --><!-- AddThis Share Buttons generic via filter on get_the_excerpt --><\/p>\n","protected":false},"featured_media":9053,"template":"","meta":[],"product_cat":[16],"product_tag":[2101],"_links":{"self":[{"href":"https:\/\/www.bazarmerlin.com\/inicio\/wp-json\/wp\/v2\/product\/9052"}],"collection":[{"href":"https:\/\/www.bazarmerlin.com\/inicio\/wp-json\/wp\/v2\/product"}],"about":[{"href":"https:\/\/www.bazarmerlin.com\/inicio\/wp-json\/wp\/v2\/types\/product"}],"wp:featuredmedia":[{"embeddable":true,"href":"https:\/\/www.bazarmerlin.com\/inicio\/wp-json\/wp\/v2\/media\/9053"}],"wp:attachment":[{"href":"https:\/\/www.bazarmerlin.com\/inicio\/wp-json\/wp\/v2\/media?parent=9052"}],"wp:term":[{"taxonomy":"product_cat","embeddable":true,"href":"https:\/\/www.bazarmerlin.com\/inicio\/wp-json\/wp\/v2\/product_cat?post=9052"},{"taxonomy":"product_tag","embeddable":true,"href":"https:\/\/www.bazarmerlin.com\/inicio\/wp-json\/wp\/v2\/product_tag?post=9052"}],"curies":[{"name":"wp","href":"https:\/\/api.w.org\/{rel}","templated":true}]}}