{"id":9056,"date":"2022-05-30T19:44:34","date_gmt":"2022-05-30T19:44:34","guid":{"rendered":"https:\/\/www.bazarmerlin.com\/inicio\/?post_type=product&#038;p=9056"},"modified":"2023-01-09T23:37:16","modified_gmt":"2023-01-09T23:37:16","slug":"pulsera-7-chakras-cuarzos-y-piedras-nivelador-de-energia","status":"publish","type":"product","link":"https:\/\/www.bazarmerlin.com\/inicio\/producto\/pulsera-7-chakras-cuarzos-y-piedras-nivelador-de-energia\/","title":{"rendered":"Pulsera 7 Chakras &#8211; Cuarzos Y Piedras Nivelador De Energ\u00eda"},"content":{"rendered":"<p><strong>PULSERA 7 CHAKRAS\u00a0<\/strong><br \/>\n<strong> NIVELADORA DE ENERG\u00cdA<\/strong><\/p>\n<p>&nbsp;<\/p>\n<p>El di\u00e1metro de 6 Cms. es aproximado, ya que la pulsera es ajustable.<br \/>\nElaborada totalmente a mano.<\/p>\n<p>Pulsera de Piedras de lava volc\u00e1nica que activa la energ\u00eda vital.<\/p>\n<p>Amatista: Trae Paz y Calma<br \/>\nLazurita: Trae Claridad<br \/>\nTurquesa: Activa la Energ\u00eda Curativa<br \/>\nHowlita Verde: Elimina la Energ\u00eda Negativa<br \/>\nOjo de Tigre: Aporta Fuerza y Vitalidad<br \/>\n\u00c1mbar: Trae Equilibrio<br \/>\n\u00c1gata Roja: Trae Protecci\u00f3n<\/p>\n<p>&nbsp;<\/p>\n<p>&nbsp;<\/p>\n<p><strong>BAZAR MERLIN<\/strong><br \/>\n<strong>El Lugar M\u00e1s M\u00edstico de Guadalajara<\/strong><br \/>\n<strong>ENVIAMOS A TODO M\u00c9XICO\u00a0<\/strong><\/p>\n<!-- AddThis Advanced Settings generic via filter on the_content --><!-- AddThis Share Buttons generic via filter on the_content -->","protected":false},"excerpt":{"rendered":"<p>PULSERA 7 CHAKRAS\u00a0 NIVELADORA DE ENERG\u00cdA &nbsp; El di\u00e1metro de 6 Cms. es aproximado, ya que la pulsera es ajustable. Elaborada totalmente a mano. Pulsera de Piedras de lava volc\u00e1nica que activa la energ\u00eda vital. Amatista: Trae Paz y Calma Lazurita: Trae Claridad Turquesa: Activa la Energ\u00eda Curativa Howlita Verde: Elimina la Energ\u00eda Negativa Ojo&hellip;<!-- AddThis Advanced Settings generic via filter on get_the_excerpt --><!-- AddThis Share Buttons generic via filter on get_the_excerpt --><\/p>\n","protected":false},"featured_media":11448,"template":"","meta":[],"product_cat":[16],"product_tag":[2103,2102],"_links":{"self":[{"href":"https:\/\/www.bazarmerlin.com\/inicio\/wp-json\/wp\/v2\/product\/9056"}],"collection":[{"href":"https:\/\/www.bazarmerlin.com\/inicio\/wp-json\/wp\/v2\/product"}],"about":[{"href":"https:\/\/www.bazarmerlin.com\/inicio\/wp-json\/wp\/v2\/types\/product"}],"wp:featuredmedia":[{"embeddable":true,"href":"https:\/\/www.bazarmerlin.com\/inicio\/wp-json\/wp\/v2\/media\/11448"}],"wp:attachment":[{"href":"https:\/\/www.bazarmerlin.com\/inicio\/wp-json\/wp\/v2\/media?parent=9056"}],"wp:term":[{"taxonomy":"product_cat","embeddable":true,"href":"https:\/\/www.bazarmerlin.com\/inicio\/wp-json\/wp\/v2\/product_cat?post=9056"},{"taxonomy":"product_tag","embeddable":true,"href":"https:\/\/www.bazarmerlin.com\/inicio\/wp-json\/wp\/v2\/product_tag?post=9056"}],"curies":[{"name":"wp","href":"https:\/\/api.w.org\/{rel}","templated":true}]}}