{"id":9059,"date":"2022-05-30T21:22:18","date_gmt":"2022-05-30T21:22:18","guid":{"rendered":"https:\/\/www.bazarmerlin.com\/inicio\/?post_type=product&#038;p=9059"},"modified":"2022-12-14T00:06:09","modified_gmt":"2022-12-14T00:06:09","slug":"anillo-mason-en-fina-plata-totalmente-hecho-a-mano","status":"publish","type":"product","link":"https:\/\/www.bazarmerlin.com\/inicio\/producto\/anillo-mason-en-fina-plata-totalmente-hecho-a-mano\/","title":{"rendered":"Anillo Mas\u00f3n En Fina Plata, Totalmente Hecho A Mano"},"content":{"rendered":"<h3><strong>ANILLO MASONICO EN FINA PLATA<\/strong><br \/>\n<em><strong>TOTALMENTE HECHO A MANO.<\/strong><\/em><\/h3>\n<p>&nbsp;<\/p>\n<p><em>SIMBOLOGIA DEL ANILLO MAS\u00d3N.<\/em><\/p>\n<p>En principio, como expresi\u00f3n del simbolismo del circulo, el anillo representar\u00eda a la unidad de la Creaci\u00f3n como un todo, la eternidad del tiempo c\u00edclico y la plenitud; y tambi\u00e9n como el Ouroboros, la serpiente o drag\u00f3n que se devora a s\u00ed mismo, evoca una iluminaci\u00f3n. La forma circular del anillo, ya con el s\u00edmbolo de la escuadra y el comp\u00e1s, significan un compromiso para quien lo porta, una forma de decirle al mundo, yo soy mas\u00f3n y debo comportarme como tal.<\/p>\n<p><em>ANILLO TOTALMENTE HECHO EN FINA PLATA, UNICO, FINO Y TOTALMENTE DETALLADO COMO ESTE.<\/em><\/p>\n<p>NOTA IMPORTANTE: Este anillo es una pieza que se fabrica al momento para que recibas una pieza nueva,<br \/>\nEste proceso de fabricaci\u00f3n puede tardar de 2 a 3 d\u00edas h\u00e1biles una vez confirmada la talla.<\/p>\n<p>&nbsp;<\/p>\n<p>&nbsp;<\/p>\n<p><strong>BAZAR MERLIN<\/strong><br \/>\n<strong>El Lugar M\u00e1s M\u00edstico de Guadalajara<\/strong><br \/>\n<strong>ENVIAMOS A TODO M\u00c9XICO&#8230;<\/strong><\/p>\n<!-- AddThis Advanced Settings generic via filter on the_content --><!-- AddThis Share Buttons generic via filter on the_content -->","protected":false},"excerpt":{"rendered":"<p>ANILLO MASONICO EN FINA PLATA TOTALMENTE HECHO A MANO. &nbsp; SIMBOLOGIA DEL ANILLO MAS\u00d3N. En principio, como expresi\u00f3n del simbolismo del circulo, el anillo representar\u00eda a la unidad de la Creaci\u00f3n como un todo, la eternidad del tiempo c\u00edclico y la plenitud; y tambi\u00e9n como el Ouroboros, la serpiente o drag\u00f3n que se devora a&hellip;<!-- AddThis Advanced Settings generic via filter on get_the_excerpt --><!-- AddThis Share Buttons generic via filter on get_the_excerpt --><\/p>\n","protected":false},"featured_media":11073,"template":"","meta":[],"product_cat":[23],"product_tag":[2104,2105],"_links":{"self":[{"href":"https:\/\/www.bazarmerlin.com\/inicio\/wp-json\/wp\/v2\/product\/9059"}],"collection":[{"href":"https:\/\/www.bazarmerlin.com\/inicio\/wp-json\/wp\/v2\/product"}],"about":[{"href":"https:\/\/www.bazarmerlin.com\/inicio\/wp-json\/wp\/v2\/types\/product"}],"wp:featuredmedia":[{"embeddable":true,"href":"https:\/\/www.bazarmerlin.com\/inicio\/wp-json\/wp\/v2\/media\/11073"}],"wp:attachment":[{"href":"https:\/\/www.bazarmerlin.com\/inicio\/wp-json\/wp\/v2\/media?parent=9059"}],"wp:term":[{"taxonomy":"product_cat","embeddable":true,"href":"https:\/\/www.bazarmerlin.com\/inicio\/wp-json\/wp\/v2\/product_cat?post=9059"},{"taxonomy":"product_tag","embeddable":true,"href":"https:\/\/www.bazarmerlin.com\/inicio\/wp-json\/wp\/v2\/product_tag?post=9059"}],"curies":[{"name":"wp","href":"https:\/\/api.w.org\/{rel}","templated":true}]}}