{"id":9061,"date":"2022-05-30T21:32:35","date_gmt":"2022-05-30T21:32:35","guid":{"rendered":"https:\/\/www.bazarmerlin.com\/inicio\/?post_type=product&#038;p=9061"},"modified":"2022-11-01T22:11:10","modified_gmt":"2022-11-01T22:11:10","slug":"cruz-egipcia-en-fina-plata-consagrado-para-el-dueno","status":"publish","type":"product","link":"https:\/\/www.bazarmerlin.com\/inicio\/producto\/cruz-egipcia-en-fina-plata-consagrado-para-el-dueno\/","title":{"rendered":"Cruz Egipcia En Fina Plata &#8211; Consagrado Para El Due\u00f1o"},"content":{"rendered":"<p><strong>DIJE CRUZ EGIPCIA EN PLATA FINA<\/strong><\/p>\n<p>&nbsp;<\/p>\n<p>Con una Medida de 4 Cm de Alto<br \/>\n( Contando el Pasacadena )<\/p>\n<p>-Poderosa Protecci\u00f3n contra maleficios-<br \/>\nAtrae SALUD ETERNA, PROSPERIDAD,FELICIDAD Y PLENITUD con este poderoso s\u00edmbolo.<\/p>\n<p>La ankh o cruz ansata egipcia consiste en una cruz Tau coronada por un c\u00edrculo. Esta cruz se encuentra frecuentemente en los monumentos y en las representaciones de la diosa Sekhet y se la considera la \u201cclave de la vida\u201d y el signo por excelencia de la inmortalidad. En esta cruz, el peque\u00f1o c\u00edrculo superior es el s\u00edmbolo de la conciencia o el esp\u00edritu que se encuentra por encima del hombre carnal el cual se halla en contacto con una Conciencia Superior&#8230;&#8230;<\/p>\n<p>La cruz egipcia o ankh se utilizaba para proteger el nombre de los faraones, y se le confiaba en ella para atraer LONGEVIDAD. en el mundo de los muertos, era la llave para abrir las puertas del para\u00edso y a los dioses amigables que tra\u00edan una vida eterna y feliz&#8230;&#8230;<\/p>\n<p>Promueve la SALUD F\u00cdSICA, MENTAL Y ESPIRITUAL. Proporciona as\u00ed portador FUERZA VITAL y EQUILIBRIO de su ENERG\u00cdA PROTEGI\u00c9NDOLO de influjos negativos, enfermedades y cansancio&#8230;..<\/p>\n<p>Encuentra el CAMINO VERDADERO y el rumbo de tu vida, tomando las DECISIONES CORRECTAS, para as\u00ed llegar TRASCENDER a trav\u00e9s de los tiempos&#8230;..<\/p>\n<p>Atrae salud eterna, prosperidad, felicidad y plenitud con este poderoso s\u00edmbolo.<\/p>\n<p>&nbsp;<\/p>\n<p>&nbsp;<\/p>\n<p>&nbsp;<\/p>\n<p><strong>BAZAR MERLIN\u00ae<\/strong><br \/>\n<strong>El Lugar M\u00e1s M\u00edstico de Guadalajara<\/strong><br \/>\n<strong>ENVIAMOS A TODO M\u00c9XICO<\/strong><\/p>\n<!-- AddThis Advanced Settings generic via filter on the_content --><!-- AddThis Share Buttons generic via filter on the_content -->","protected":false},"excerpt":{"rendered":"<p>DIJE CRUZ EGIPCIA EN PLATA FINA &nbsp; Con una Medida de 4 Cm de Alto ( Contando el Pasacadena ) -Poderosa Protecci\u00f3n contra maleficios- Atrae SALUD ETERNA, PROSPERIDAD,FELICIDAD Y PLENITUD con este poderoso s\u00edmbolo. La ankh o cruz ansata egipcia consiste en una cruz Tau coronada por un c\u00edrculo. Esta cruz se encuentra frecuentemente en&hellip;<!-- AddThis Advanced Settings generic via filter on get_the_excerpt --><!-- AddThis Share Buttons generic via filter on get_the_excerpt --><\/p>\n","protected":false},"featured_media":10610,"template":"","meta":[],"product_cat":[12],"product_tag":[2107,2106],"_links":{"self":[{"href":"https:\/\/www.bazarmerlin.com\/inicio\/wp-json\/wp\/v2\/product\/9061"}],"collection":[{"href":"https:\/\/www.bazarmerlin.com\/inicio\/wp-json\/wp\/v2\/product"}],"about":[{"href":"https:\/\/www.bazarmerlin.com\/inicio\/wp-json\/wp\/v2\/types\/product"}],"wp:featuredmedia":[{"embeddable":true,"href":"https:\/\/www.bazarmerlin.com\/inicio\/wp-json\/wp\/v2\/media\/10610"}],"wp:attachment":[{"href":"https:\/\/www.bazarmerlin.com\/inicio\/wp-json\/wp\/v2\/media?parent=9061"}],"wp:term":[{"taxonomy":"product_cat","embeddable":true,"href":"https:\/\/www.bazarmerlin.com\/inicio\/wp-json\/wp\/v2\/product_cat?post=9061"},{"taxonomy":"product_tag","embeddable":true,"href":"https:\/\/www.bazarmerlin.com\/inicio\/wp-json\/wp\/v2\/product_tag?post=9061"}],"curies":[{"name":"wp","href":"https:\/\/api.w.org\/{rel}","templated":true}]}}