{"id":9066,"date":"2022-05-30T21:59:09","date_gmt":"2022-05-30T21:59:09","guid":{"rendered":"https:\/\/www.bazarmerlin.com\/inicio\/?post_type=product&#038;p=9066"},"modified":"2022-10-21T22:27:27","modified_gmt":"2022-10-21T22:27:27","slug":"tarot-de-cleopatra-78-cartas-y-folleto","status":"publish","type":"product","link":"https:\/\/www.bazarmerlin.com\/inicio\/producto\/tarot-de-cleopatra-78-cartas-y-folleto\/","title":{"rendered":"Tarot De Cleopatra &#8211; 78 Cartas Y Folleto"},"content":{"rendered":"<p><strong>TAROT DE CLEOPATRA<\/strong><br \/>\n<strong>78 CARTAS Y LIBRO MANUAL.<\/strong><\/p>\n<p>Esta baraja est\u00e1 dedicada a la antigua reina egipcia, Cleopatra, famosa por su excepcional aprendizaje, as\u00ed como por su voz armoniosa.<\/p>\n<p>El Tarot reproduce a los dioses egipcios y a los esp\u00edritus astrales del zodiaco. Los egipcios le atribuyeron a estas figuras el poder de alterar el destino humano, uniendo la magia de las estrellas con el simbolismo del Tarot.<\/p>\n<p>El Tarot de Cleopatra es el Antiguo Egipto en tema y apariencia. Las 78 tarjetas presentan figuras y deidades de estilo egipcio de aspecto aut\u00e9ntico pintadas contra un fondo de papiro, con bordes de color verde azulado.<\/p>\n<p>Textos en las cartas y folleto explicativo en Espa\u00f1ol, ingl\u00e9s, italiano, franc\u00e9s y alem\u00e1n.<\/p>\n<p>&nbsp;<\/p>\n<p>&nbsp;<\/p>\n<p><strong>BAZAR MERL\u00cdN\u00ae<\/strong><br \/>\n<strong>El Lugar M\u00e1s M\u00edstico de Guadalajara<\/strong><br \/>\n<strong>ENVIAMOS A TODO M\u00c9XICO<\/strong><\/p>\n<!-- AddThis Advanced Settings generic via filter on the_content --><!-- AddThis Share Buttons generic via filter on the_content -->","protected":false},"excerpt":{"rendered":"<p>TAROT DE CLEOPATRA 78 CARTAS Y LIBRO MANUAL. Esta baraja est\u00e1 dedicada a la antigua reina egipcia, Cleopatra, famosa por su excepcional aprendizaje, as\u00ed como por su voz armoniosa. El Tarot reproduce a los dioses egipcios y a los esp\u00edritus astrales del zodiaco. Los egipcios le atribuyeron a estas figuras el poder de alterar el&hellip;<!-- AddThis Advanced Settings generic via filter on get_the_excerpt --><!-- AddThis Share Buttons generic via filter on get_the_excerpt --><\/p>\n","protected":false},"featured_media":10490,"template":"","meta":[],"product_cat":[15],"product_tag":[2109],"_links":{"self":[{"href":"https:\/\/www.bazarmerlin.com\/inicio\/wp-json\/wp\/v2\/product\/9066"}],"collection":[{"href":"https:\/\/www.bazarmerlin.com\/inicio\/wp-json\/wp\/v2\/product"}],"about":[{"href":"https:\/\/www.bazarmerlin.com\/inicio\/wp-json\/wp\/v2\/types\/product"}],"wp:featuredmedia":[{"embeddable":true,"href":"https:\/\/www.bazarmerlin.com\/inicio\/wp-json\/wp\/v2\/media\/10490"}],"wp:attachment":[{"href":"https:\/\/www.bazarmerlin.com\/inicio\/wp-json\/wp\/v2\/media?parent=9066"}],"wp:term":[{"taxonomy":"product_cat","embeddable":true,"href":"https:\/\/www.bazarmerlin.com\/inicio\/wp-json\/wp\/v2\/product_cat?post=9066"},{"taxonomy":"product_tag","embeddable":true,"href":"https:\/\/www.bazarmerlin.com\/inicio\/wp-json\/wp\/v2\/product_tag?post=9066"}],"curies":[{"name":"wp","href":"https:\/\/api.w.org\/{rel}","templated":true}]}}