{"id":9070,"date":"2022-05-30T22:09:42","date_gmt":"2022-05-30T22:09:42","guid":{"rendered":"https:\/\/www.bazarmerlin.com\/inicio\/?post_type=product&#038;p=9070"},"modified":"2022-09-28T21:29:44","modified_gmt":"2022-09-28T21:29:44","slug":"bano-de-plantas-triple-suerte-fortuna-y-proteccion","status":"publish","type":"product","link":"https:\/\/www.bazarmerlin.com\/inicio\/producto\/bano-de-plantas-triple-suerte-fortuna-y-proteccion\/","title":{"rendered":"Ba\u00f1o De Plantas Triple Suerte &#8211; Fortuna Y Protecci\u00f3n"},"content":{"rendered":"<p><strong>BA\u00d1O DE PLANTAS AROM\u00c1TICAS DE &#8220;LA TRIPLE SUERTE&#8221;<\/strong><br \/>\n<strong>PROSPERIDAD, \u00c9XITO Y RIQUEZA PARA TODO LO QUE EMPRENDAS<\/strong><\/p>\n<p>Este poderoso ba\u00f1o desbloquea todo da\u00f1o que se encuentre en tu persona.<br \/>\nElaborada por santeros con extractos de hierbas y aceites esenciales.<\/p>\n<p>Est\u00e1 preparado para atraer la Buena Suerte, La Fortuna, Dinero y Trabajo a tu vida.<\/p>\n<p>Act\u00faa abriendo los canales del OPTIMISMO, LA RIQUEZA, TRABAJO, OPORTUNIDADES Y AMOR, desbloquea cualquier elemento que te impida realizar lo que te propones inunda de abundancia tu vida.<\/p>\n<p>Alcanza tus principales metas y objetivos de la manera m\u00e1s f\u00e1cil.<\/p>\n<p>Instrucciones de uso:<br \/>\nColoque el contenido en dos cuartos de agua y ponga a hervir, una vez listo, cuele la porci\u00f3n y depos\u00edtela en una cubeta, revuelva bien y deje reposar por siete minutos.<br \/>\n\u00dasela como agua para ba\u00f1o o riego, seg\u00fan sea el caso.<\/p>\n<p>&nbsp;<\/p>\n<p>&nbsp;<\/p>\n<p>&nbsp;<\/p>\n<p><strong>BAZAR MERL\u00cdN<\/strong><br \/>\n<strong>El Lugar M\u00e1s M\u00edstico de Guadalajara<\/strong><br \/>\n<strong>ENVIAMOS A TODO M\u00c9XICO<\/strong><\/p>\n<!-- AddThis Advanced Settings generic via filter on the_content --><!-- AddThis Share Buttons generic via filter on the_content -->","protected":false},"excerpt":{"rendered":"<p>BA\u00d1O DE PLANTAS AROM\u00c1TICAS DE &#8220;LA TRIPLE SUERTE&#8221; PROSPERIDAD, \u00c9XITO Y RIQUEZA PARA TODO LO QUE EMPRENDAS Este poderoso ba\u00f1o desbloquea todo da\u00f1o que se encuentre en tu persona. Elaborada por santeros con extractos de hierbas y aceites esenciales. Est\u00e1 preparado para atraer la Buena Suerte, La Fortuna, Dinero y Trabajo a tu vida. Act\u00faa&hellip;<!-- AddThis Advanced Settings generic via filter on get_the_excerpt --><!-- AddThis Share Buttons generic via filter on get_the_excerpt --><\/p>\n","protected":false},"featured_media":10146,"template":"","meta":[],"product_cat":[14],"product_tag":[2111,958],"_links":{"self":[{"href":"https:\/\/www.bazarmerlin.com\/inicio\/wp-json\/wp\/v2\/product\/9070"}],"collection":[{"href":"https:\/\/www.bazarmerlin.com\/inicio\/wp-json\/wp\/v2\/product"}],"about":[{"href":"https:\/\/www.bazarmerlin.com\/inicio\/wp-json\/wp\/v2\/types\/product"}],"wp:featuredmedia":[{"embeddable":true,"href":"https:\/\/www.bazarmerlin.com\/inicio\/wp-json\/wp\/v2\/media\/10146"}],"wp:attachment":[{"href":"https:\/\/www.bazarmerlin.com\/inicio\/wp-json\/wp\/v2\/media?parent=9070"}],"wp:term":[{"taxonomy":"product_cat","embeddable":true,"href":"https:\/\/www.bazarmerlin.com\/inicio\/wp-json\/wp\/v2\/product_cat?post=9070"},{"taxonomy":"product_tag","embeddable":true,"href":"https:\/\/www.bazarmerlin.com\/inicio\/wp-json\/wp\/v2\/product_tag?post=9070"}],"curies":[{"name":"wp","href":"https:\/\/api.w.org\/{rel}","templated":true}]}}