{"id":9072,"date":"2022-05-30T22:19:08","date_gmt":"2022-05-30T22:19:08","guid":{"rendered":"https:\/\/www.bazarmerlin.com\/inicio\/?post_type=product&#038;p=9072"},"modified":"2022-11-01T21:56:59","modified_gmt":"2022-11-01T21:56:59","slug":"cruz-de-caravaca-contra-maleficios-en-bano-de-oro-brilloso","status":"publish","type":"product","link":"https:\/\/www.bazarmerlin.com\/inicio\/producto\/cruz-de-caravaca-contra-maleficios-en-bano-de-oro-brilloso\/","title":{"rendered":"Cruz De Caravaca Contra Maleficios En Ba\u00f1o De Oro Brilloso"},"content":{"rendered":"<p><strong>SANTA CRUZ DE CARAVACA REFORZADA CON EL PENTAGRAMA<\/strong><br \/>\n<strong>EN FINO BA\u00d1O DE ORO BRILLOSO<\/strong><\/p>\n<p>TALISM\u00c1N DE PROTECCI\u00d3N CONTRA MALEFICIOS<\/p>\n<p>Su virtud principal es la protecci\u00f3n ya que sintoniza con la providencia divina, una de las protecciones mas poderosas contra todo tipo de da\u00f1os, adem\u00e1s atrae suerte en el amor, dinero, trabajo, amistades y salud !!!. Todo esto por la poderosa simbolog\u00eda y ritual de alta magia que se le realiza para activarla.<\/p>\n<p>Esta poderosa cruz esta fabricada en chapa de oro tallada totalmente a mano dando un toque \u00fanico y hermoso, no lo dudes ya que ademas de adquirir un hermoso talism\u00e1n adquieres una fina pieza de joyer\u00eda.<\/p>\n<p>&nbsp;<\/p>\n<p><strong>BAZAR MERLIN<\/strong><br \/>\n<strong>El Lugar M\u00e1s M\u00edstico de Guadalajara<\/strong><br \/>\n<strong>ENVIAMOS A TODO M\u00c9XICO<\/strong><\/p>\n<!-- AddThis Advanced Settings generic via filter on the_content --><!-- AddThis Share Buttons generic via filter on the_content -->","protected":false},"excerpt":{"rendered":"<p>SANTA CRUZ DE CARAVACA REFORZADA CON EL PENTAGRAMA EN FINO BA\u00d1O DE ORO BRILLOSO TALISM\u00c1N DE PROTECCI\u00d3N CONTRA MALEFICIOS Su virtud principal es la protecci\u00f3n ya que sintoniza con la providencia divina, una de las protecciones mas poderosas contra todo tipo de da\u00f1os, adem\u00e1s atrae suerte en el amor, dinero, trabajo, amistades y salud !!!.&hellip;<!-- AddThis Advanced Settings generic via filter on get_the_excerpt --><!-- AddThis Share Buttons generic via filter on get_the_excerpt --><\/p>\n","protected":false},"featured_media":10608,"template":"","meta":[],"product_cat":[12],"product_tag":[2112],"_links":{"self":[{"href":"https:\/\/www.bazarmerlin.com\/inicio\/wp-json\/wp\/v2\/product\/9072"}],"collection":[{"href":"https:\/\/www.bazarmerlin.com\/inicio\/wp-json\/wp\/v2\/product"}],"about":[{"href":"https:\/\/www.bazarmerlin.com\/inicio\/wp-json\/wp\/v2\/types\/product"}],"wp:featuredmedia":[{"embeddable":true,"href":"https:\/\/www.bazarmerlin.com\/inicio\/wp-json\/wp\/v2\/media\/10608"}],"wp:attachment":[{"href":"https:\/\/www.bazarmerlin.com\/inicio\/wp-json\/wp\/v2\/media?parent=9072"}],"wp:term":[{"taxonomy":"product_cat","embeddable":true,"href":"https:\/\/www.bazarmerlin.com\/inicio\/wp-json\/wp\/v2\/product_cat?post=9072"},{"taxonomy":"product_tag","embeddable":true,"href":"https:\/\/www.bazarmerlin.com\/inicio\/wp-json\/wp\/v2\/product_tag?post=9072"}],"curies":[{"name":"wp","href":"https:\/\/api.w.org\/{rel}","templated":true}]}}