{"id":9074,"date":"2022-05-30T22:29:24","date_gmt":"2022-05-30T22:29:24","guid":{"rendered":"https:\/\/www.bazarmerlin.com\/inicio\/?post_type=product&#038;p=9074"},"modified":"2022-06-08T23:42:48","modified_gmt":"2022-06-08T23:42:48","slug":"polvo-san-cipriano-proteccion","status":"publish","type":"product","link":"https:\/\/www.bazarmerlin.com\/inicio\/producto\/polvo-san-cipriano-proteccion\/","title":{"rendered":"Polvo San Cipriano &#8211; Protecci\u00f3n"},"content":{"rendered":"<p><strong>AUTENTICO POLVO SAN CIPRIANO<\/strong><\/p>\n<p>Virtuos\u00edsimo San Cipriano, Obispo de Corinto , te pido por el amor que a ti profesa Ntro.<\/p>\n<p>Se\u00f1or, me libres de los ataques del enemigo, haz que no se ense\u00f1e conmigo, s\u00e1lvame de muerte repentina, de tempestades, rayos,incendios, de vecinos inconvenientes; si cayere en prisi\u00f3n, consu\u00e9lame y ay\u00fadame a salir de ella con honra; de gente envidiosa y mal intencionada al\u00e9jame y con tus vestiduras c\u00fabreme en todos los peligros que ante mi se presenten, puesto que por tu intercesi\u00f3n se los pido humildemente a la Sma.<\/p>\n<p>Trinidad, Dios padre, Dios hijo y Dios Esp\u00edritu Santo Am\u00e9n.<\/p>\n<p>&nbsp;<\/p>\n<p>&nbsp;<\/p>\n<p>&nbsp;<\/p>\n<p><strong>BAZAR MERLIN<\/strong><br \/>\n<strong>El Lugar M\u00e1s M\u00edstico de Guadalajara<\/strong><br \/>\n<strong>ENVIAMOS A TODO M\u00c9XICO<\/strong><\/p>\n<!-- AddThis Advanced Settings generic via filter on the_content --><!-- AddThis Share Buttons generic via filter on the_content -->","protected":false},"excerpt":{"rendered":"<p>AUTENTICO POLVO SAN CIPRIANO Virtuos\u00edsimo San Cipriano, Obispo de Corinto , te pido por el amor que a ti profesa Ntro. Se\u00f1or, me libres de los ataques del enemigo, haz que no se ense\u00f1e conmigo, s\u00e1lvame de muerte repentina, de tempestades, rayos,incendios, de vecinos inconvenientes; si cayere en prisi\u00f3n, consu\u00e9lame y ay\u00fadame a salir de&hellip;<!-- AddThis Advanced Settings generic via filter on get_the_excerpt --><!-- AddThis Share Buttons generic via filter on get_the_excerpt --><\/p>\n","protected":false},"featured_media":9075,"template":"","meta":[],"product_cat":[14],"product_tag":[2113,57],"_links":{"self":[{"href":"https:\/\/www.bazarmerlin.com\/inicio\/wp-json\/wp\/v2\/product\/9074"}],"collection":[{"href":"https:\/\/www.bazarmerlin.com\/inicio\/wp-json\/wp\/v2\/product"}],"about":[{"href":"https:\/\/www.bazarmerlin.com\/inicio\/wp-json\/wp\/v2\/types\/product"}],"wp:featuredmedia":[{"embeddable":true,"href":"https:\/\/www.bazarmerlin.com\/inicio\/wp-json\/wp\/v2\/media\/9075"}],"wp:attachment":[{"href":"https:\/\/www.bazarmerlin.com\/inicio\/wp-json\/wp\/v2\/media?parent=9074"}],"wp:term":[{"taxonomy":"product_cat","embeddable":true,"href":"https:\/\/www.bazarmerlin.com\/inicio\/wp-json\/wp\/v2\/product_cat?post=9074"},{"taxonomy":"product_tag","embeddable":true,"href":"https:\/\/www.bazarmerlin.com\/inicio\/wp-json\/wp\/v2\/product_tag?post=9074"}],"curies":[{"name":"wp","href":"https:\/\/api.w.org\/{rel}","templated":true}]}}