{"id":9079,"date":"2022-05-30T23:15:28","date_gmt":"2022-05-30T23:15:28","guid":{"rendered":"https:\/\/www.bazarmerlin.com\/inicio\/?post_type=product&#038;p=9079"},"modified":"2022-11-30T23:00:55","modified_gmt":"2022-11-30T23:00:55","slug":"velon-lluvia-de-oro-atrae-la-fortuna-dinero-y-suerte","status":"publish","type":"product","link":"https:\/\/www.bazarmerlin.com\/inicio\/producto\/velon-lluvia-de-oro-atrae-la-fortuna-dinero-y-suerte\/","title":{"rendered":"Vel\u00f3n Lluvia De Oro Atrae La Fortuna Dinero Y Suerte"},"content":{"rendered":"<p><b>VEL\u00d3N<\/b><strong>\u00a0LLUVIA DE ORO<\/strong><\/p>\n<p>&nbsp;<\/p>\n<p>ATRAER LA FORTUNA, EL DINERO Y LA SUERTE.<\/p>\n<p>-ELIMINA BLOQUEOS Y ATRAE TODA LA BUENA SUERTE-<\/p>\n<p>Enci\u00e9ndelo y ver\u00e1s que pronto se retirar\u00e1n todos los da\u00f1os hacia tu persona.<\/p>\n<p>El \u00fanico vel\u00f3n que est\u00e1 hecha con ESENCIAS y Hierbas M\u00edsticas para que tu energ\u00eda y la de tu alrededor se limpie desde el primer d\u00eda.<\/p>\n<p>&nbsp;<\/p>\n<p>&nbsp;<\/p>\n<p><strong>BAZAR\u00a0<\/strong><b>MERL\u00cdN<\/b><br \/>\n<strong>El Lugar M\u00e1s M\u00edstico de Guadalajara<\/strong><br \/>\n<strong>ENVIAMOS A TODO M\u00c9XICO<\/strong><\/p>\n<!-- AddThis Advanced Settings generic via filter on the_content --><!-- AddThis Share Buttons generic via filter on the_content -->","protected":false},"excerpt":{"rendered":"<p>VEL\u00d3N\u00a0LLUVIA DE ORO &nbsp; ATRAER LA FORTUNA, EL DINERO Y LA SUERTE. -ELIMINA BLOQUEOS Y ATRAE TODA LA BUENA SUERTE- Enci\u00e9ndelo y ver\u00e1s que pronto se retirar\u00e1n todos los da\u00f1os hacia tu persona. El \u00fanico vel\u00f3n que est\u00e1 hecha con ESENCIAS y Hierbas M\u00edsticas para que tu energ\u00eda y la de tu alrededor se limpie&hellip;<!-- AddThis Advanced Settings generic via filter on get_the_excerpt --><!-- AddThis Share Buttons generic via filter on get_the_excerpt --><\/p>\n","protected":false},"featured_media":10903,"template":"","meta":[],"product_cat":[19],"product_tag":[2115],"_links":{"self":[{"href":"https:\/\/www.bazarmerlin.com\/inicio\/wp-json\/wp\/v2\/product\/9079"}],"collection":[{"href":"https:\/\/www.bazarmerlin.com\/inicio\/wp-json\/wp\/v2\/product"}],"about":[{"href":"https:\/\/www.bazarmerlin.com\/inicio\/wp-json\/wp\/v2\/types\/product"}],"wp:featuredmedia":[{"embeddable":true,"href":"https:\/\/www.bazarmerlin.com\/inicio\/wp-json\/wp\/v2\/media\/10903"}],"wp:attachment":[{"href":"https:\/\/www.bazarmerlin.com\/inicio\/wp-json\/wp\/v2\/media?parent=9079"}],"wp:term":[{"taxonomy":"product_cat","embeddable":true,"href":"https:\/\/www.bazarmerlin.com\/inicio\/wp-json\/wp\/v2\/product_cat?post=9079"},{"taxonomy":"product_tag","embeddable":true,"href":"https:\/\/www.bazarmerlin.com\/inicio\/wp-json\/wp\/v2\/product_tag?post=9079"}],"curies":[{"name":"wp","href":"https:\/\/api.w.org\/{rel}","templated":true}]}}