{"id":9081,"date":"2022-05-30T23:23:00","date_gmt":"2022-05-30T23:23:00","guid":{"rendered":"https:\/\/www.bazarmerlin.com\/inicio\/?post_type=product&#038;p=9081"},"modified":"2022-11-17T22:42:46","modified_gmt":"2022-11-17T22:42:46","slug":"triqueta-wicca-dije-con-cadena-de-obsequio-en-chapa-de-oro","status":"publish","type":"product","link":"https:\/\/www.bazarmerlin.com\/inicio\/producto\/triqueta-wicca-dije-con-cadena-de-obsequio-en-chapa-de-oro\/","title":{"rendered":"Triqueta Wicca &#8211; Dije Con Cadena De Obsequio En Chapa De Oro"},"content":{"rendered":"<p><strong>TRIQUETA WICCA EN CHAPA DE ORO<\/strong><br \/>\n<em><strong>Con Cadena es de OBSEQUIO<\/strong><\/em><\/p>\n<p>Nota: el Modelo de Cadena puede variar segun la existencia<\/p>\n<p>Dije de triqueta en chapa de oro con cadena tambi\u00e9n en chapa aprovecha el env\u00edo gratis&#8230;dije Wicca&#8230; Mide aproximadamente 3 cm de Altura desde el portacadena<\/p>\n<p>TAMA\u00d1O APROXIMADO 3 CM DE ALTO<br \/>\n(CONTANDO DESDE EL PASA CADENAS)<\/p>\n<p>&nbsp;<\/p>\n<p>&nbsp;<\/p>\n<p>&nbsp;<\/p>\n<p><strong>BAZAR MERLIN<\/strong><br \/>\n<strong>El Lugar M\u00e1s M\u00edstico de Guadalajara<\/strong><br \/>\n<strong>ENVIAMOS A TODO M\u00c9XICO<\/strong><\/p>\n<!-- AddThis Advanced Settings generic via filter on the_content --><!-- AddThis Share Buttons generic via filter on the_content -->","protected":false},"excerpt":{"rendered":"<p>TRIQUETA WICCA EN CHAPA DE ORO Con Cadena es de OBSEQUIO Nota: el Modelo de Cadena puede variar segun la existencia Dije de triqueta en chapa de oro con cadena tambi\u00e9n en chapa aprovecha el env\u00edo gratis&#8230;dije Wicca&#8230; Mide aproximadamente 3 cm de Altura desde el portacadena TAMA\u00d1O APROXIMADO 3 CM DE ALTO (CONTANDO DESDE&hellip;<!-- AddThis Advanced Settings generic via filter on get_the_excerpt --><!-- AddThis Share Buttons generic via filter on get_the_excerpt --><\/p>\n","protected":false},"featured_media":10772,"template":"","meta":[],"product_cat":[12],"product_tag":[2117,2116],"_links":{"self":[{"href":"https:\/\/www.bazarmerlin.com\/inicio\/wp-json\/wp\/v2\/product\/9081"}],"collection":[{"href":"https:\/\/www.bazarmerlin.com\/inicio\/wp-json\/wp\/v2\/product"}],"about":[{"href":"https:\/\/www.bazarmerlin.com\/inicio\/wp-json\/wp\/v2\/types\/product"}],"wp:featuredmedia":[{"embeddable":true,"href":"https:\/\/www.bazarmerlin.com\/inicio\/wp-json\/wp\/v2\/media\/10772"}],"wp:attachment":[{"href":"https:\/\/www.bazarmerlin.com\/inicio\/wp-json\/wp\/v2\/media?parent=9081"}],"wp:term":[{"taxonomy":"product_cat","embeddable":true,"href":"https:\/\/www.bazarmerlin.com\/inicio\/wp-json\/wp\/v2\/product_cat?post=9081"},{"taxonomy":"product_tag","embeddable":true,"href":"https:\/\/www.bazarmerlin.com\/inicio\/wp-json\/wp\/v2\/product_tag?post=9081"}],"curies":[{"name":"wp","href":"https:\/\/api.w.org\/{rel}","templated":true}]}}