{"id":9095,"date":"2022-05-30T23:50:50","date_gmt":"2022-05-30T23:50:50","guid":{"rendered":"https:\/\/www.bazarmerlin.com\/inicio\/?post_type=product&#038;p=9095"},"modified":"2023-08-19T00:52:07","modified_gmt":"2023-08-19T00:52:07","slug":"esencia-rtn-esoterica-contra-brujeria-y-hechizos","status":"publish","type":"product","link":"https:\/\/www.bazarmerlin.com\/inicio\/producto\/esencia-rtn-esoterica-contra-brujeria-y-hechizos\/","title":{"rendered":"Esencia Rtn Esot\u00e9rica &#8211; Contra Brujer\u00eda Y Hechizos"},"content":{"rendered":"<p><strong>ESENCIA RTN<\/strong><br \/>\n<strong>RETIRA TRABAJO NEGRO.<\/strong><\/p>\n<p>Esencia de 16 M.L<\/p>\n<p>Esencia RTN especial para limpieza \u00e1urica, atrae protecci\u00f3n y \u00e9xito, refuerza tu energ\u00eda y campo \u00e1urico, aumenta e intensifica el poder personal.<\/p>\n<p>Ideal para purificar liberar y cortar trabas mal de ojo, envidias, trabajo de magia negra y carga ps\u00edquica como brujer\u00edas.<\/p>\n<p>\u00a1 UTIL\u00cdZALO DIARIO Y QUITARAS DE TU PERSONA CUALQUIER DA\u00d1O !<\/p>\n<p>&nbsp;<\/p>\n<p>&nbsp;<\/p>\n<p>&nbsp;<\/p>\n<p><strong>BAZAR MERL\u00cdN<\/strong><br \/>\n<strong>El Lugar M\u00e1s M\u00edstico de Guadalajara<\/strong><br \/>\n<strong>ENVIAMOS A TODO M\u00c9XICO&#8230;<\/strong><\/p>\n<!-- AddThis Advanced Settings generic via filter on the_content --><!-- AddThis Share Buttons generic via filter on the_content -->","protected":false},"excerpt":{"rendered":"<p>ESENCIA RTN RETIRA TRABAJO NEGRO. Esencia de 16 M.L Esencia RTN especial para limpieza \u00e1urica, atrae protecci\u00f3n y \u00e9xito, refuerza tu energ\u00eda y campo \u00e1urico, aumenta e intensifica el poder personal. Ideal para purificar liberar y cortar trabas mal de ojo, envidias, trabajo de magia negra y carga ps\u00edquica como brujer\u00edas. \u00a1 UTIL\u00cdZALO DIARIO Y&hellip;<!-- AddThis Advanced Settings generic via filter on get_the_excerpt --><!-- AddThis Share Buttons generic via filter on get_the_excerpt --><\/p>\n","protected":false},"featured_media":9278,"template":"","meta":[],"product_cat":[14],"product_tag":[2127,2126],"_links":{"self":[{"href":"https:\/\/www.bazarmerlin.com\/inicio\/wp-json\/wp\/v2\/product\/9095"}],"collection":[{"href":"https:\/\/www.bazarmerlin.com\/inicio\/wp-json\/wp\/v2\/product"}],"about":[{"href":"https:\/\/www.bazarmerlin.com\/inicio\/wp-json\/wp\/v2\/types\/product"}],"wp:featuredmedia":[{"embeddable":true,"href":"https:\/\/www.bazarmerlin.com\/inicio\/wp-json\/wp\/v2\/media\/9278"}],"wp:attachment":[{"href":"https:\/\/www.bazarmerlin.com\/inicio\/wp-json\/wp\/v2\/media?parent=9095"}],"wp:term":[{"taxonomy":"product_cat","embeddable":true,"href":"https:\/\/www.bazarmerlin.com\/inicio\/wp-json\/wp\/v2\/product_cat?post=9095"},{"taxonomy":"product_tag","embeddable":true,"href":"https:\/\/www.bazarmerlin.com\/inicio\/wp-json\/wp\/v2\/product_tag?post=9095"}],"curies":[{"name":"wp","href":"https:\/\/api.w.org\/{rel}","templated":true}]}}