{"id":9101,"date":"2022-05-31T21:56:28","date_gmt":"2022-05-31T21:56:28","guid":{"rendered":"https:\/\/www.bazarmerlin.com\/inicio\/?post_type=product&#038;p=9101"},"modified":"2022-11-16T00:20:21","modified_gmt":"2022-11-16T00:20:21","slug":"talisman-mano-de-fatima-o-hamsa-en-7-metales","status":"publish","type":"product","link":"https:\/\/www.bazarmerlin.com\/inicio\/producto\/talisman-mano-de-fatima-o-hamsa-en-7-metales\/","title":{"rendered":"Talism\u00e1n Mano De Fatima O Hamsa En 7 Metales"},"content":{"rendered":"<p><strong>DIJE DE LA MANO DE HAMSA O DE F\u00c1TIMA<\/strong><br \/>\n<em><strong>TERMINADO Y FORJADO TOTALMENTE A MANO<\/strong><\/em><\/p>\n<p>&nbsp;<\/p>\n<p>3.5 Cms de Di\u00e1metro<\/p>\n<p>La Mano de F\u00e1tima es un amuleto protector de origen isl\u00e1mico, representa una mano con sus dedos juntos se\u00f1alando hacia abajo y un ojo. En los pa\u00edses \u00e1rabes se conoce tambi\u00e9n como &#8220;Hamsa&#8221;, que significa cinco, el n\u00famero de dedos de la mano.<\/p>\n<p>La Hamsa sirve como advertencia y protecci\u00f3n contra el mal de ojo (en hebreo ayin har\u00e1, en yidish aynore o ahore, en \u00e1rabe ayin hasad), como una \u201cmano protectora\u201d o \u201cMano de Dios\u201d.<\/p>\n<p>Tiene tres poderosas funciones este amuleto: Proteger de todo mal, especialmente de las enfermedades; atraer la buena suerte, dado que la mano es la que guarda todo lo bueno que la vida puede darnos y, as\u00ed retiene la felicidad y ayuda a potenciar la paciencia..<\/p>\n<p>Se coloca en la entrada de la casa para que proteja a toda la familia y el hogar, tambi\u00e9n se puede llevar colgada del cuello.<\/p>\n<p>&nbsp;<\/p>\n<p>&nbsp;<\/p>\n<p>&nbsp;<\/p>\n<p><strong>BAZAR MERLIN<\/strong><br \/>\n<strong>El Lugar M\u00e1s M\u00edstico de Guadalajara<\/strong><br \/>\n<strong>ENVIAMOS A TODO M\u00c9XICO<\/strong><\/p>\n<!-- AddThis Advanced Settings generic via filter on the_content --><!-- AddThis Share Buttons generic via filter on the_content -->","protected":false},"excerpt":{"rendered":"<p>DIJE DE LA MANO DE HAMSA O DE F\u00c1TIMA TERMINADO Y FORJADO TOTALMENTE A MANO &nbsp; 3.5 Cms de Di\u00e1metro La Mano de F\u00e1tima es un amuleto protector de origen isl\u00e1mico, representa una mano con sus dedos juntos se\u00f1alando hacia abajo y un ojo. En los pa\u00edses \u00e1rabes se conoce tambi\u00e9n como &#8220;Hamsa&#8221;, que significa&hellip;<!-- AddThis Advanced Settings generic via filter on get_the_excerpt --><!-- AddThis Share Buttons generic via filter on get_the_excerpt --><\/p>\n","protected":false},"featured_media":10761,"template":"","meta":[],"product_cat":[12],"product_tag":[2128],"_links":{"self":[{"href":"https:\/\/www.bazarmerlin.com\/inicio\/wp-json\/wp\/v2\/product\/9101"}],"collection":[{"href":"https:\/\/www.bazarmerlin.com\/inicio\/wp-json\/wp\/v2\/product"}],"about":[{"href":"https:\/\/www.bazarmerlin.com\/inicio\/wp-json\/wp\/v2\/types\/product"}],"wp:featuredmedia":[{"embeddable":true,"href":"https:\/\/www.bazarmerlin.com\/inicio\/wp-json\/wp\/v2\/media\/10761"}],"wp:attachment":[{"href":"https:\/\/www.bazarmerlin.com\/inicio\/wp-json\/wp\/v2\/media?parent=9101"}],"wp:term":[{"taxonomy":"product_cat","embeddable":true,"href":"https:\/\/www.bazarmerlin.com\/inicio\/wp-json\/wp\/v2\/product_cat?post=9101"},{"taxonomy":"product_tag","embeddable":true,"href":"https:\/\/www.bazarmerlin.com\/inicio\/wp-json\/wp\/v2\/product_tag?post=9101"}],"curies":[{"name":"wp","href":"https:\/\/api.w.org\/{rel}","templated":true}]}}