{"id":9106,"date":"2022-05-31T22:15:55","date_gmt":"2022-05-31T22:15:55","guid":{"rendered":"https:\/\/www.bazarmerlin.com\/inicio\/?post_type=product&#038;p=9106"},"modified":"2022-10-04T22:44:51","modified_gmt":"2022-10-04T22:44:51","slug":"jabon-jala-jala-abre-caminos-en-dinero-amor-y-salud","status":"publish","type":"product","link":"https:\/\/www.bazarmerlin.com\/inicio\/producto\/jabon-jala-jala-abre-caminos-en-dinero-amor-y-salud\/","title":{"rendered":"Jab\u00f3n Jala Jala &#8211; Abre Caminos En Dinero Amor Y Salud"},"content":{"rendered":"<p><strong>PODEROSO JAB\u00d3N JALA JALA\u00a0<\/strong><br \/>\n<em><strong>JALA JALA DINERO, AMOR, SALUD, FORTUNA Y PROSPERIDAD<\/strong><\/em><\/p>\n<p>Jab\u00f3n JALA JALA con aroma embriagante que se utiliza en TRABAJOS DE AMOR, ATRAER DINERO, SALUD, PROSPERIDAD Y FORTUNA.<br \/>\nPor sus m\u00e1gicos efectos atrayentes hace que la prosperidad, la fortuna, el \u00e9xito y el amor (matrimonio para aquellas personas que est\u00e1n solteras) lleguen como atra\u00eddos por una fuerza magn\u00e9tica.<\/p>\n<p>Este jab\u00f3n es un producto multiproposito ya que debido a que est\u00e1 elaborado con m\u00e1s de diez esencias como pachuli, canela y las rosas que son relacionadas con la ATRACCI\u00d3N DE LA BUENA SUERTE.<\/p>\n<p>\u00daselo diariamente para notar los MAGN\u00cdFICOS RESULTADOS en DINERO, AMOR, TRABAJO, SALUD Y PROSPERIDAD<\/p>\n<p>&nbsp;<\/p>\n<p>&nbsp;<\/p>\n<p><strong>BAZAR MERLIN<\/strong><br \/>\n<strong>El Lugar M\u00e1s M\u00edstico de Guadalajara<\/strong><br \/>\n<strong>ENVIAMOS A TODO M\u00c9XICO\u00a0<\/strong><\/p>\n<!-- AddThis Advanced Settings generic via filter on the_content --><!-- AddThis Share Buttons generic via filter on the_content -->","protected":false},"excerpt":{"rendered":"<p>PODEROSO JAB\u00d3N JALA JALA\u00a0 JALA JALA DINERO, AMOR, SALUD, FORTUNA Y PROSPERIDAD Jab\u00f3n JALA JALA con aroma embriagante que se utiliza en TRABAJOS DE AMOR, ATRAER DINERO, SALUD, PROSPERIDAD Y FORTUNA. Por sus m\u00e1gicos efectos atrayentes hace que la prosperidad, la fortuna, el \u00e9xito y el amor (matrimonio para aquellas personas que est\u00e1n solteras) lleguen&hellip;<!-- AddThis Advanced Settings generic via filter on get_the_excerpt --><!-- AddThis Share Buttons generic via filter on get_the_excerpt --><\/p>\n","protected":false},"featured_media":10243,"template":"","meta":[],"product_cat":[14],"product_tag":[2131,2130],"_links":{"self":[{"href":"https:\/\/www.bazarmerlin.com\/inicio\/wp-json\/wp\/v2\/product\/9106"}],"collection":[{"href":"https:\/\/www.bazarmerlin.com\/inicio\/wp-json\/wp\/v2\/product"}],"about":[{"href":"https:\/\/www.bazarmerlin.com\/inicio\/wp-json\/wp\/v2\/types\/product"}],"wp:featuredmedia":[{"embeddable":true,"href":"https:\/\/www.bazarmerlin.com\/inicio\/wp-json\/wp\/v2\/media\/10243"}],"wp:attachment":[{"href":"https:\/\/www.bazarmerlin.com\/inicio\/wp-json\/wp\/v2\/media?parent=9106"}],"wp:term":[{"taxonomy":"product_cat","embeddable":true,"href":"https:\/\/www.bazarmerlin.com\/inicio\/wp-json\/wp\/v2\/product_cat?post=9106"},{"taxonomy":"product_tag","embeddable":true,"href":"https:\/\/www.bazarmerlin.com\/inicio\/wp-json\/wp\/v2\/product_tag?post=9106"}],"curies":[{"name":"wp","href":"https:\/\/api.w.org\/{rel}","templated":true}]}}