{"id":9110,"date":"2022-05-31T22:27:00","date_gmt":"2022-05-31T22:27:00","guid":{"rendered":"https:\/\/www.bazarmerlin.com\/inicio\/?post_type=product&#038;p=9110"},"modified":"2022-06-08T23:42:48","modified_gmt":"2022-06-08T23:42:48","slug":"velon-o-cirio-chuparosa-para-el-amor","status":"publish","type":"product","link":"https:\/\/www.bazarmerlin.com\/inicio\/producto\/velon-o-cirio-chuparosa-para-el-amor\/","title":{"rendered":"Velon O Cirio Chuparosa &#8211; Para El Amor"},"content":{"rendered":"<p><strong>PODEROSO VEL\u00d3N CHUPARROSA<\/strong><\/p>\n<p><em><strong>ATRAE A LA PERSONA CON ESTE PODEROSO VEL\u00d3N,<\/strong><\/em><br \/>\n<em><strong>AMOR, PASI\u00d3N Y DULZURA<\/strong><\/em><\/p>\n<p>Ideal para tener una relaci\u00f3n plena, elaborado PARA ATRAER A LA PERSONA AMADA y que esta desee estar en tus brazos y se entregue por completo para siempre a ti, como para iniciar nuevas relaciones y amistades puras, verdaderas y sinceras.<\/p>\n<p>La chuparrosa es el atrayente natural del amor por excelencia ya que nos brinda seguridad en s\u00ed mismo confianza, autoestima, mucha alegr\u00eda. Adem\u00e1s ayuda a atraer SALUD, AMOR, DINERO Y SEGURIDAD en el hogar.<\/p>\n<p>Este Vel\u00f3n te Ayudara a equilibrar tus chakras y energ\u00edas CORTANDO CUALQUIER DA\u00d1O QUE EXISTA DE POR MEDIO<\/p>\n<p>&nbsp;<\/p>\n<p>&nbsp;<\/p>\n<p><strong>BAZAR MERL\u00cdN\u00ae<\/strong><br \/>\n<strong>El Lugar M\u00e1s M\u00edstico de Guadalajara<\/strong><br \/>\n<strong>ENVIAMOS A TODO M\u00c9XICO\u00a0<\/strong><\/p>\n<!-- AddThis Advanced Settings generic via filter on the_content --><!-- AddThis Share Buttons generic via filter on the_content -->","protected":false},"excerpt":{"rendered":"<p>PODEROSO VEL\u00d3N CHUPARROSA ATRAE A LA PERSONA CON ESTE PODEROSO VEL\u00d3N, AMOR, PASI\u00d3N Y DULZURA Ideal para tener una relaci\u00f3n plena, elaborado PARA ATRAER A LA PERSONA AMADA y que esta desee estar en tus brazos y se entregue por completo para siempre a ti, como para iniciar nuevas relaciones y amistades puras, verdaderas y&hellip;<!-- AddThis Advanced Settings generic via filter on get_the_excerpt --><!-- AddThis Share Buttons generic via filter on get_the_excerpt --><\/p>\n","protected":false},"featured_media":9111,"template":"","meta":[],"product_cat":[19],"product_tag":[2134,2133],"_links":{"self":[{"href":"https:\/\/www.bazarmerlin.com\/inicio\/wp-json\/wp\/v2\/product\/9110"}],"collection":[{"href":"https:\/\/www.bazarmerlin.com\/inicio\/wp-json\/wp\/v2\/product"}],"about":[{"href":"https:\/\/www.bazarmerlin.com\/inicio\/wp-json\/wp\/v2\/types\/product"}],"wp:featuredmedia":[{"embeddable":true,"href":"https:\/\/www.bazarmerlin.com\/inicio\/wp-json\/wp\/v2\/media\/9111"}],"wp:attachment":[{"href":"https:\/\/www.bazarmerlin.com\/inicio\/wp-json\/wp\/v2\/media?parent=9110"}],"wp:term":[{"taxonomy":"product_cat","embeddable":true,"href":"https:\/\/www.bazarmerlin.com\/inicio\/wp-json\/wp\/v2\/product_cat?post=9110"},{"taxonomy":"product_tag","embeddable":true,"href":"https:\/\/www.bazarmerlin.com\/inicio\/wp-json\/wp\/v2\/product_tag?post=9110"}],"curies":[{"name":"wp","href":"https:\/\/api.w.org\/{rel}","templated":true}]}}