{"id":9112,"date":"2022-05-31T22:30:33","date_gmt":"2022-05-31T22:30:33","guid":{"rendered":"https:\/\/www.bazarmerlin.com\/inicio\/?post_type=product&#038;p=9112"},"modified":"2022-06-08T23:42:48","modified_gmt":"2022-06-08T23:42:48","slug":"despojo-contra-dano-quita-magia-negra","status":"publish","type":"product","link":"https:\/\/www.bazarmerlin.com\/inicio\/producto\/despojo-contra-dano-quita-magia-negra\/","title":{"rendered":"Despojo Contra Da\u00f1o &#8211; Quita Magia Negra"},"content":{"rendered":"<p><strong>DESPOJO CONTRA DA\u00d1OS<\/strong><br \/>\n<em><strong>Protecci\u00f3n Contra Magia Negra<\/strong><\/em><\/p>\n<p>PARA LIMPIAR CASA O NEGOCIO<\/p>\n<p>&nbsp;<\/p>\n<p>&nbsp;<\/p>\n<p><strong>BAZAR MERLIN<\/strong><br \/>\n<strong>El Lugar M\u00e1s M\u00edstico de Guadalajara<\/strong><br \/>\n<strong>ENVIAMOS A TODO M\u00c9XICO&#8230;<\/strong><\/p>\n<!-- AddThis Advanced Settings generic via filter on the_content --><!-- AddThis Share Buttons generic via filter on the_content -->","protected":false},"excerpt":{"rendered":"<p>DESPOJO CONTRA DA\u00d1OS Protecci\u00f3n Contra Magia Negra PARA LIMPIAR CASA O NEGOCIO &nbsp; &nbsp; BAZAR MERLIN El Lugar M\u00e1s M\u00edstico de Guadalajara ENVIAMOS A TODO M\u00c9XICO&#8230;<!-- AddThis Advanced Settings generic via filter on get_the_excerpt --><!-- AddThis Share Buttons generic via filter on get_the_excerpt --><\/p>\n","protected":false},"featured_media":9113,"template":"","meta":[],"product_cat":[14],"product_tag":[2135,1914],"_links":{"self":[{"href":"https:\/\/www.bazarmerlin.com\/inicio\/wp-json\/wp\/v2\/product\/9112"}],"collection":[{"href":"https:\/\/www.bazarmerlin.com\/inicio\/wp-json\/wp\/v2\/product"}],"about":[{"href":"https:\/\/www.bazarmerlin.com\/inicio\/wp-json\/wp\/v2\/types\/product"}],"wp:featuredmedia":[{"embeddable":true,"href":"https:\/\/www.bazarmerlin.com\/inicio\/wp-json\/wp\/v2\/media\/9113"}],"wp:attachment":[{"href":"https:\/\/www.bazarmerlin.com\/inicio\/wp-json\/wp\/v2\/media?parent=9112"}],"wp:term":[{"taxonomy":"product_cat","embeddable":true,"href":"https:\/\/www.bazarmerlin.com\/inicio\/wp-json\/wp\/v2\/product_cat?post=9112"},{"taxonomy":"product_tag","embeddable":true,"href":"https:\/\/www.bazarmerlin.com\/inicio\/wp-json\/wp\/v2\/product_tag?post=9112"}],"curies":[{"name":"wp","href":"https:\/\/api.w.org\/{rel}","templated":true}]}}