{"id":9114,"date":"2022-05-31T22:40:05","date_gmt":"2022-05-31T22:40:05","guid":{"rendered":"https:\/\/www.bazarmerlin.com\/inicio\/?post_type=product&#038;p=9114"},"modified":"2022-06-08T23:42:48","modified_gmt":"2022-06-08T23:42:48","slug":"herradura-de-los-7-poderes-con-cristo-o-la-virgen-en-plata","status":"publish","type":"product","link":"https:\/\/www.bazarmerlin.com\/inicio\/producto\/herradura-de-los-7-poderes-con-cristo-o-la-virgen-en-plata\/","title":{"rendered":"Herradura De Los 7 Poderes Con Cristo O La Virgen En Plata"},"content":{"rendered":"<p><strong>LA HERRADURA DE LOS 7 PODERES<\/strong><br \/>\n<em><strong>EN PLATA CON LA IMAGEN DE CRISTO O VIRGEN<\/strong><\/em><\/p>\n<p>Medida Aproximada 2.8 Cm considerando desde el pasa cadena.<\/p>\n<p>Un talisman que te ayuda en juegos de azar como atrer la buena suerte en TODO!!<\/p>\n<p>Para que todo cambie a \u00e9xito, este es el talism\u00e1n que tu necesitas&#8230;. La herradura de los 7 poderes te ayudara a traer todo lo que siempre haz so\u00f1ado como amor, protecci\u00f3n, felicidad, trabajo, dinero, buenos negocios, \u00e9xito en todo lo que emprendas como tambi\u00e9n suerte en los juegos de azar.<\/p>\n<p>Esta fabricado en aleaci\u00f3n de 7 metales v\u00edrgenes y terminado en fina plata&#8230; Trae plasmada la imagen de la virgen o de cristo para aumentar su poder celestial y<br \/>\npuedas conseguir todo lo que deseas !!!!.<\/p>\n<p>Recuerda que desde la antig\u00fcedad la herradura siempre se ha utilizado como s\u00edmbolo de protecci\u00f3n y buena suerte&#8230; \u00a1AHORA! tu vida puede cambiar con el poder de la HERRADURA DE LOS 7 PODERES&#8230;. Solo necesitas traerla o portara siempre contigo, frotarla y pedir tus deseos con mucha fe y te aseguramos que tu vida cambiara..<\/p>\n<p>&nbsp;<\/p>\n<p>&nbsp;<\/p>\n<p><strong>BAZAR MERL\u00cdN<\/strong><br \/>\n<strong>El Lugar M\u00e1s M\u00edstico de Guadalajara<\/strong><br \/>\n<strong>ENVIAMOS A TODO M\u00c9XICO&#8230;<\/strong><\/p>\n<!-- AddThis Advanced Settings generic via filter on the_content --><!-- AddThis Share Buttons generic via filter on the_content -->","protected":false},"excerpt":{"rendered":"<p>LA HERRADURA DE LOS 7 PODERES EN PLATA CON LA IMAGEN DE CRISTO O VIRGEN Medida Aproximada 2.8 Cm considerando desde el pasa cadena. Un talisman que te ayuda en juegos de azar como atrer la buena suerte en TODO!! Para que todo cambie a \u00e9xito, este es el talism\u00e1n que tu necesitas&#8230;. La herradura&hellip;<!-- AddThis Advanced Settings generic via filter on get_the_excerpt --><!-- AddThis Share Buttons generic via filter on get_the_excerpt --><\/p>\n","protected":false},"featured_media":9115,"template":"","meta":[],"product_cat":[12],"product_tag":[2136],"_links":{"self":[{"href":"https:\/\/www.bazarmerlin.com\/inicio\/wp-json\/wp\/v2\/product\/9114"}],"collection":[{"href":"https:\/\/www.bazarmerlin.com\/inicio\/wp-json\/wp\/v2\/product"}],"about":[{"href":"https:\/\/www.bazarmerlin.com\/inicio\/wp-json\/wp\/v2\/types\/product"}],"wp:featuredmedia":[{"embeddable":true,"href":"https:\/\/www.bazarmerlin.com\/inicio\/wp-json\/wp\/v2\/media\/9115"}],"wp:attachment":[{"href":"https:\/\/www.bazarmerlin.com\/inicio\/wp-json\/wp\/v2\/media?parent=9114"}],"wp:term":[{"taxonomy":"product_cat","embeddable":true,"href":"https:\/\/www.bazarmerlin.com\/inicio\/wp-json\/wp\/v2\/product_cat?post=9114"},{"taxonomy":"product_tag","embeddable":true,"href":"https:\/\/www.bazarmerlin.com\/inicio\/wp-json\/wp\/v2\/product_tag?post=9114"}],"curies":[{"name":"wp","href":"https:\/\/api.w.org\/{rel}","templated":true}]}}