{"id":9120,"date":"2022-05-31T22:53:28","date_gmt":"2022-05-31T22:53:28","guid":{"rendered":"https:\/\/www.bazarmerlin.com\/inicio\/?post_type=product&#038;p=9120"},"modified":"2022-10-11T23:22:09","modified_gmt":"2022-10-11T23:22:09","slug":"poderosa-locion-para-la-abundancia","status":"publish","type":"product","link":"https:\/\/www.bazarmerlin.com\/inicio\/producto\/poderosa-locion-para-la-abundancia\/","title":{"rendered":"Poderosa Loci\u00f3n Para La Abundancia"},"content":{"rendered":"<p><strong>LOCI\u00d3N EN GEL PARA LA ABUNDANCIA<\/strong><br \/>\n<em><strong>Hecha con esencias m\u00edsticas para abrir oportunidades en tu vida!<\/strong><\/em><\/p>\n<p>PROSPERIDAD \u00c9XITO Y RIQUEZA PARA TODO LO QUE EMPRENDAS<\/p>\n<p>Esta poderosa loci\u00f3n desbloquea todo da\u00f1o que se encuentre en tu persona.<br \/>\nElaborada por santeros con extractos de hierbas y aceites esenciales.<\/p>\n<p>Se debe utilizar diariamente para lograr que nuestra energ\u00eda vibre positivamente<br \/>\nquite bloqueos y atraiga todo lo bueno.<\/p>\n<p>Actua abriendo los canales del OPTIMISMO, LA RIQUEZA, TRABAJO, OPORTUNIDADES Y AMOR.<br \/>\nDesbloquea cualquier elemento que te impida realizar lo que te propones inunda de abundancia tu vida.<br \/>\nAlcanza tus principales metas y objetivos de la manera m\u00e1s facil.<\/p>\n<p>&nbsp;<\/p>\n<p><strong>BAZAR MERL\u00cdN<\/strong><br \/>\n<strong>El Lugar M\u00e1s M\u00edstico de Guadalajara<\/strong><br \/>\n<strong>ENVIAMOS A TODO M\u00c9XICO<\/strong><\/p>\n<!-- AddThis Advanced Settings generic via filter on the_content --><!-- AddThis Share Buttons generic via filter on the_content -->","protected":false},"excerpt":{"rendered":"<p>LOCI\u00d3N EN GEL PARA LA ABUNDANCIA Hecha con esencias m\u00edsticas para abrir oportunidades en tu vida! PROSPERIDAD \u00c9XITO Y RIQUEZA PARA TODO LO QUE EMPRENDAS Esta poderosa loci\u00f3n desbloquea todo da\u00f1o que se encuentre en tu persona. Elaborada por santeros con extractos de hierbas y aceites esenciales. Se debe utilizar diariamente para lograr que nuestra&hellip;<!-- AddThis Advanced Settings generic via filter on get_the_excerpt --><!-- AddThis Share Buttons generic via filter on get_the_excerpt --><\/p>\n","protected":false},"featured_media":10309,"template":"","meta":[],"product_cat":[14],"product_tag":[2139],"_links":{"self":[{"href":"https:\/\/www.bazarmerlin.com\/inicio\/wp-json\/wp\/v2\/product\/9120"}],"collection":[{"href":"https:\/\/www.bazarmerlin.com\/inicio\/wp-json\/wp\/v2\/product"}],"about":[{"href":"https:\/\/www.bazarmerlin.com\/inicio\/wp-json\/wp\/v2\/types\/product"}],"wp:featuredmedia":[{"embeddable":true,"href":"https:\/\/www.bazarmerlin.com\/inicio\/wp-json\/wp\/v2\/media\/10309"}],"wp:attachment":[{"href":"https:\/\/www.bazarmerlin.com\/inicio\/wp-json\/wp\/v2\/media?parent=9120"}],"wp:term":[{"taxonomy":"product_cat","embeddable":true,"href":"https:\/\/www.bazarmerlin.com\/inicio\/wp-json\/wp\/v2\/product_cat?post=9120"},{"taxonomy":"product_tag","embeddable":true,"href":"https:\/\/www.bazarmerlin.com\/inicio\/wp-json\/wp\/v2\/product_tag?post=9120"}],"curies":[{"name":"wp","href":"https:\/\/api.w.org\/{rel}","templated":true}]}}