{"id":9124,"date":"2022-05-31T23:04:30","date_gmt":"2022-05-31T23:04:30","guid":{"rendered":"https:\/\/www.bazarmerlin.com\/inicio\/?post_type=product&#038;p=9124"},"modified":"2022-06-08T23:42:50","modified_gmt":"2022-06-08T23:42:50","slug":"locion-proteccion-de-los-angeles","status":"publish","type":"product","link":"https:\/\/www.bazarmerlin.com\/inicio\/producto\/locion-proteccion-de-los-angeles\/","title":{"rendered":"Loci\u00f3n Protecci\u00f3n De Los \u00c1ngeles"},"content":{"rendered":"<p><strong>LOCI\u00d3N DE PROTECCI\u00d3N DE LOS \u00c1NGELES<\/strong><br \/>\n<strong>CONTIENE 500 ML<\/strong><\/p>\n<p>Loci\u00f3n genuina, \u00fatil para hacer oraci\u00f3n y pedir abundancia, protecci\u00f3n para los hijos, familiares, amigos y para pedir sabidur\u00eda, por los milagros, por la alegr\u00eda, por la paz y por la vida.<\/p>\n<p>Con mucha fe di las siguientes palabras haciendo oraci\u00f3n:<\/p>\n<p>\u00c1NGELES PROTECTORES ENS\u00c9\u00d1ANOS CON TU SABIDUR\u00cdA EL VERDADERO CAMINO DE LA VIDA QUE ES EL AMOR.<br \/>\n\u00c1NGELES DEL SE\u00d1OR ABRAN NUESTROS CORAZONES DANOS HUMILDAD Y GRATITUD, BEND\u00cdCENOS HOY, MA\u00d1ANA Y SIEMPRE. AMEN.<\/p>\n<p>Riega esta loci\u00f3n en tu hogar y en tus manos.<\/p>\n<p>&nbsp;<\/p>\n<p>&nbsp;<\/p>\n<p>&nbsp;<\/p>\n<p><strong>BAZAR MERLIN\u00ae<\/strong><br \/>\n<strong>El Lugar M\u00e1s M\u00edstico de Guadalajara<\/strong><br \/>\n<strong>ENVIAMOS A TODO M\u00c9XICO<\/strong><\/p>\n<!-- AddThis Advanced Settings generic via filter on the_content --><!-- AddThis Share Buttons generic via filter on the_content -->","protected":false},"excerpt":{"rendered":"<p>LOCI\u00d3N DE PROTECCI\u00d3N DE LOS \u00c1NGELES CONTIENE 500 ML Loci\u00f3n genuina, \u00fatil para hacer oraci\u00f3n y pedir abundancia, protecci\u00f3n para los hijos, familiares, amigos y para pedir sabidur\u00eda, por los milagros, por la alegr\u00eda, por la paz y por la vida. Con mucha fe di las siguientes palabras haciendo oraci\u00f3n: \u00c1NGELES PROTECTORES ENS\u00c9\u00d1ANOS CON TU&hellip;<!-- AddThis Advanced Settings generic via filter on get_the_excerpt --><!-- AddThis Share Buttons generic via filter on get_the_excerpt --><\/p>\n","protected":false},"featured_media":9125,"template":"","meta":[],"product_cat":[14],"product_tag":[2143],"_links":{"self":[{"href":"https:\/\/www.bazarmerlin.com\/inicio\/wp-json\/wp\/v2\/product\/9124"}],"collection":[{"href":"https:\/\/www.bazarmerlin.com\/inicio\/wp-json\/wp\/v2\/product"}],"about":[{"href":"https:\/\/www.bazarmerlin.com\/inicio\/wp-json\/wp\/v2\/types\/product"}],"wp:featuredmedia":[{"embeddable":true,"href":"https:\/\/www.bazarmerlin.com\/inicio\/wp-json\/wp\/v2\/media\/9125"}],"wp:attachment":[{"href":"https:\/\/www.bazarmerlin.com\/inicio\/wp-json\/wp\/v2\/media?parent=9124"}],"wp:term":[{"taxonomy":"product_cat","embeddable":true,"href":"https:\/\/www.bazarmerlin.com\/inicio\/wp-json\/wp\/v2\/product_cat?post=9124"},{"taxonomy":"product_tag","embeddable":true,"href":"https:\/\/www.bazarmerlin.com\/inicio\/wp-json\/wp\/v2\/product_tag?post=9124"}],"curies":[{"name":"wp","href":"https:\/\/api.w.org\/{rel}","templated":true}]}}