{"id":9128,"date":"2022-05-31T23:16:43","date_gmt":"2022-05-31T23:16:43","guid":{"rendered":"https:\/\/www.bazarmerlin.com\/inicio\/?post_type=product&#038;p=9128"},"modified":"2022-06-08T23:42:50","modified_gmt":"2022-06-08T23:42:50","slug":"kit-del-cristo-astral-vela-dije-y-spray-o-r-i-g-i-n-a-l","status":"publish","type":"product","link":"https:\/\/www.bazarmerlin.com\/inicio\/producto\/kit-del-cristo-astral-vela-dije-y-spray-o-r-i-g-i-n-a-l\/","title":{"rendered":"Kit Del Cristo Astral &#8211; Vela Dije Y Spray &#8211; O R I G I N A L"},"content":{"rendered":"<p><strong>KIT DEL CRISTO ASTRAL &#8211; VELA, DIJE Y SPRAY<\/strong><\/p>\n<p>En este kit obtendr\u00e1s, el dije ya preparado y ritualizado, el spray para limpiar tu casa, negocio y persona, su cirio preparado para purificar tu energ\u00eda con la fuerza de dios, y su oraci\u00f3n para que siempre te acompa\u00f1e.<\/p>\n<p>Alabado por millones de personas por todo el mundo. Los dos principales astros del universo en conjunci\u00f3n, con el magn\u00edfico poder y bondad de nuestro se\u00f1or Jesucristo, se re\u00fanen en uno de los m\u00e1s poderosos objetos de protecci\u00f3n conocido ancestralmente como el cristo astral.<\/p>\n<p>La cruz esta formada por la luna y el sol que representan el bien y el mal como al centro Jes\u00fas nuestro se\u00f1or que equilibra toda esa energ\u00eda y carga de fe este poderoso Cristo Astral.<\/p>\n<p>La parte de abajo de este poderoso Cristo Astral termina en punta que representa la poderosa espada flam\u00edgera de san Miguel arc\u00e1ngel d\u00e1ndole fuera para cortar cualquier da\u00f1o o mala racha ya que la figura de cristo magnifica este poderoso Cristo Astral ya que todo esto en conjunto equilibrara las energ\u00edas del bien y el mal.<\/p>\n<p>&nbsp;<\/p>\n<p>&nbsp;<\/p>\n<p><strong>BAZAR MERLIN<\/strong><br \/>\n<strong>El Lugar M\u00e1s M\u00edstico de Guadalajara<\/strong><br \/>\n<strong>ENVIAMOS A TODO M\u00c9XICO&#8230;<\/strong><\/p>\n<!-- AddThis Advanced Settings generic via filter on the_content --><!-- AddThis Share Buttons generic via filter on the_content -->","protected":false},"excerpt":{"rendered":"<p>KIT DEL CRISTO ASTRAL &#8211; VELA, DIJE Y SPRAY En este kit obtendr\u00e1s, el dije ya preparado y ritualizado, el spray para limpiar tu casa, negocio y persona, su cirio preparado para purificar tu energ\u00eda con la fuerza de dios, y su oraci\u00f3n para que siempre te acompa\u00f1e. Alabado por millones de personas por todo&hellip;<!-- AddThis Advanced Settings generic via filter on get_the_excerpt --><!-- AddThis Share Buttons generic via filter on get_the_excerpt --><\/p>\n","protected":false},"featured_media":9129,"template":"","meta":[],"product_cat":[14],"product_tag":[2145,2147,2146],"_links":{"self":[{"href":"https:\/\/www.bazarmerlin.com\/inicio\/wp-json\/wp\/v2\/product\/9128"}],"collection":[{"href":"https:\/\/www.bazarmerlin.com\/inicio\/wp-json\/wp\/v2\/product"}],"about":[{"href":"https:\/\/www.bazarmerlin.com\/inicio\/wp-json\/wp\/v2\/types\/product"}],"wp:featuredmedia":[{"embeddable":true,"href":"https:\/\/www.bazarmerlin.com\/inicio\/wp-json\/wp\/v2\/media\/9129"}],"wp:attachment":[{"href":"https:\/\/www.bazarmerlin.com\/inicio\/wp-json\/wp\/v2\/media?parent=9128"}],"wp:term":[{"taxonomy":"product_cat","embeddable":true,"href":"https:\/\/www.bazarmerlin.com\/inicio\/wp-json\/wp\/v2\/product_cat?post=9128"},{"taxonomy":"product_tag","embeddable":true,"href":"https:\/\/www.bazarmerlin.com\/inicio\/wp-json\/wp\/v2\/product_tag?post=9128"}],"curies":[{"name":"wp","href":"https:\/\/api.w.org\/{rel}","templated":true}]}}