{"id":9140,"date":"2022-05-31T23:38:50","date_gmt":"2022-05-31T23:38:50","guid":{"rendered":"https:\/\/www.bazarmerlin.com\/inicio\/?post_type=product&#038;p=9140"},"modified":"2024-09-30T16:29:17","modified_gmt":"2024-09-30T16:29:17","slug":"amuleto-de-la-chuparrosa-consigue-el-amor-toluache","status":"publish","type":"product","link":"https:\/\/www.bazarmerlin.com\/inicio\/producto\/amuleto-de-la-chuparrosa-consigue-el-amor-toluache\/","title":{"rendered":"Amuleto De La Chuparrosa &#8211; Consigue El Amor + Toluache"},"content":{"rendered":"<p><strong>1 &#8211; Talism\u00e1n De La Chuparosa &#8211; Consigue El Amor y<\/strong><br \/>\n<strong>1 &#8211; Un Frasco de Toluache<\/strong><\/p>\n<p><em><strong>TALISM\u00c1N DE LA CHUPAROSA<\/strong><\/em><\/p>\n<p>ESTE AMULETO PREPARAMOS PARA ATRAER EL AMOR,<\/p>\n<p>Este AMULETO te sirve para conseguir pareja con solo llevarlo contigo, porque te lo mandaremos debidamente ritualizado y consagrado especialmente para ti.<\/p>\n<p>Por tradici\u00f3n ha sido uno de los talismanes que nos ayudan a CONSEGUIR Y RETENER EL AMOR.<\/p>\n<p>Este PODEROSO AMULETO por su composici\u00f3n hace una perfecta combinaci\u00f3n de sus elementos por lo que surgen efectos s\u00f3lidos y muy positivos PARA ENCONTRAR EL AMOR.<\/p>\n<p>As\u00ed como tambi\u00e9n los b\u00e1lsamos secretos que se le aplican en su preparaci\u00f3n, le dan un toque y fuerza de alta magia para atraer el amor de una vez por todas.<\/p>\n<p>ESTE AMULETO YA LO TENEMOS VELADO, RITUALIZADO Y<br \/>\nPROGRAMADO PARA ATRAER EL AMOR,<\/p>\n<p>LO UNICO QUE TU DEBES HACER ES ACTIVARLO CON TU ENERG\u00cdA Y<br \/>\nCON LA ESENCIA QUE TE MANDAREMOS PARA QUE FUNCIONE ESPECIALMENTE<br \/>\nPARA TI!<\/p>\n<p><em><strong>TOLUACHE CONCENTRADO<\/strong><\/em><br \/>\n\u00a1El Original!<\/p>\n<p>Producido y garantizado por sus excelentes resultados para dominar al ser querido, y as\u00ed poderlo manejar a su antojo. Permitir\u00e1 que sus caprichos se hagan realidad.<\/p>\n<p>Proviene de plantas afrodis\u00edacas, las cuales poseen secretos y poderes extraordinarios.<\/p>\n<p>Modo de uso: Se le da a tomar a la persona 3 gotas cada tercer d\u00eda, diluidas en alimentos y\/o bebidas.<\/p>\n<p>NOTA IMPORTANTE: Producto 100% Original, \u00a1cuidado con las imitaciones! Checa mi reputacion como vendedor.<br \/>\nCualquier duda h\u00e1zmela saber en la secci\u00f3n de preguntas, estoy a tus \u00f3rdenes.<\/p>\n<p>ORIGINAL E IMPORTADO SOLO AQUI.<\/p>\n<p>&nbsp;<\/p>\n<p>&nbsp;<\/p>\n<p>&nbsp;<\/p>\n<p><strong>BAZAR MERLIN<\/strong><br \/>\n<strong>El Lugar M\u00e1s M\u00edstico de Guadalajara<\/strong><br \/>\n<strong>ENVIAMOS A TODO M\u00c9XICO&#8230;<\/strong><\/p>\n<!-- AddThis Advanced Settings generic via filter on the_content --><!-- AddThis Share Buttons generic via filter on the_content -->","protected":false},"excerpt":{"rendered":"<p>1 &#8211; Talism\u00e1n De La Chuparosa &#8211; Consigue El Amor y 1 &#8211; Un Frasco de Toluache TALISM\u00c1N DE LA CHUPAROSA ESTE AMULETO PREPARAMOS PARA ATRAER EL AMOR, Este AMULETO te sirve para conseguir pareja con solo llevarlo contigo, porque te lo mandaremos debidamente ritualizado y consagrado especialmente para ti. Por tradici\u00f3n ha sido uno&hellip;<!-- AddThis Advanced Settings generic via filter on get_the_excerpt --><!-- AddThis Share Buttons generic via filter on get_the_excerpt --><\/p>\n","protected":false},"featured_media":9141,"template":"","meta":[],"product_cat":[14],"product_tag":[640,2152],"_links":{"self":[{"href":"https:\/\/www.bazarmerlin.com\/inicio\/wp-json\/wp\/v2\/product\/9140"}],"collection":[{"href":"https:\/\/www.bazarmerlin.com\/inicio\/wp-json\/wp\/v2\/product"}],"about":[{"href":"https:\/\/www.bazarmerlin.com\/inicio\/wp-json\/wp\/v2\/types\/product"}],"wp:featuredmedia":[{"embeddable":true,"href":"https:\/\/www.bazarmerlin.com\/inicio\/wp-json\/wp\/v2\/media\/9141"}],"wp:attachment":[{"href":"https:\/\/www.bazarmerlin.com\/inicio\/wp-json\/wp\/v2\/media?parent=9140"}],"wp:term":[{"taxonomy":"product_cat","embeddable":true,"href":"https:\/\/www.bazarmerlin.com\/inicio\/wp-json\/wp\/v2\/product_cat?post=9140"},{"taxonomy":"product_tag","embeddable":true,"href":"https:\/\/www.bazarmerlin.com\/inicio\/wp-json\/wp\/v2\/product_tag?post=9140"}],"curies":[{"name":"wp","href":"https:\/\/api.w.org\/{rel}","templated":true}]}}