{"id":9149,"date":"2022-06-01T19:24:59","date_gmt":"2022-06-01T19:24:59","guid":{"rendered":"https:\/\/www.bazarmerlin.com\/inicio\/?post_type=product&#038;p=9149"},"modified":"2022-11-24T00:47:14","modified_gmt":"2022-11-24T00:47:14","slug":"veladora-compuesta-angel-gabriel-original","status":"publish","type":"product","link":"https:\/\/www.bazarmerlin.com\/inicio\/producto\/veladora-compuesta-angel-gabriel-original\/","title":{"rendered":"Veladora Compuesta \u00c1ngel Gabriel &#8211; Original"},"content":{"rendered":"<p><strong>VELADORA PODEROSA COMPUESTA ARCANGEL GABRIEL<\/strong><\/p>\n<p>&nbsp;<\/p>\n<p>Atrae Dinero, Negocios, Suerte y Protecci\u00f3n<\/p>\n<p>\u00bfT\u00fa situaci\u00f3n personal, profesional o Financiera est\u00e1 en un punto cr\u00edtico?<br \/>\n\u00bfSientes que eres v\u00edctima de un trabajo oscuro de alg\u00fan enemigo?<br \/>\n\u00bfHas intentado casi de todo, incluso magia y no ves cambios en t\u00fa vida?<\/p>\n<p>\u00a1La veladora del Arc\u00e1ngel Gabriel es lo que has estado buscando!<\/p>\n<p>LA PODEROSA VELADORA DEL ARCANGEL GABRIEL TE ES \u00daTIL: Si te sientes amenazado, si te sientes que estas en peligro, o si alguien de tu familia est\u00e1 en desgracia, puedes invocar la presencia del \u00c1ngel para que lo cuide.<\/p>\n<p>As\u00ed mismo, si tienes problemas legales o eres v\u00edctima de injusticias, LA VELADORA DEL ARCANGEL GABRIEL te ayudara a VENCER CUALQUIER DIFICULTAD, ya que solo \u00e9l es capaz de atraer PAZ Y ARMON\u00cdA con otros, derribar obst\u00e1culos que han separado personas y familias, debido a diferencias de opini\u00f3n y ego\u00edsmos..<\/p>\n<p>Adem\u00e1s, la ritualizaci\u00f3n es asignada a cada persona, de acuerdo con sus vibraciones k\u00e1rmicas, es decir, est\u00e1 debidamente ritualizada para la persona que la utilice, haci\u00e9ndola una veladora \u00fanica como muy poderosa para quien la utilice.<\/p>\n<p>&nbsp;<\/p>\n<p>&nbsp;<\/p>\n<p><strong>BAZAR MERLIN<\/strong><br \/>\n<strong>El Lugar M\u00e1s M\u00edstico de Guadalajara<\/strong><br \/>\n<strong>ENVIAMOS A TODO M\u00c9XICO<\/strong><\/p>\n<!-- AddThis Advanced Settings generic via filter on the_content --><!-- AddThis Share Buttons generic via filter on the_content -->","protected":false},"excerpt":{"rendered":"<p>VELADORA PODEROSA COMPUESTA ARCANGEL GABRIEL &nbsp; Atrae Dinero, Negocios, Suerte y Protecci\u00f3n \u00bfT\u00fa situaci\u00f3n personal, profesional o Financiera est\u00e1 en un punto cr\u00edtico? \u00bfSientes que eres v\u00edctima de un trabajo oscuro de alg\u00fan enemigo? \u00bfHas intentado casi de todo, incluso magia y no ves cambios en t\u00fa vida? \u00a1La veladora del Arc\u00e1ngel Gabriel es lo&hellip;<!-- AddThis Advanced Settings generic via filter on get_the_excerpt --><!-- AddThis Share Buttons generic via filter on get_the_excerpt --><\/p>\n","protected":false},"featured_media":10823,"template":"","meta":[],"product_cat":[19],"product_tag":[570,2159],"_links":{"self":[{"href":"https:\/\/www.bazarmerlin.com\/inicio\/wp-json\/wp\/v2\/product\/9149"}],"collection":[{"href":"https:\/\/www.bazarmerlin.com\/inicio\/wp-json\/wp\/v2\/product"}],"about":[{"href":"https:\/\/www.bazarmerlin.com\/inicio\/wp-json\/wp\/v2\/types\/product"}],"wp:featuredmedia":[{"embeddable":true,"href":"https:\/\/www.bazarmerlin.com\/inicio\/wp-json\/wp\/v2\/media\/10823"}],"wp:attachment":[{"href":"https:\/\/www.bazarmerlin.com\/inicio\/wp-json\/wp\/v2\/media?parent=9149"}],"wp:term":[{"taxonomy":"product_cat","embeddable":true,"href":"https:\/\/www.bazarmerlin.com\/inicio\/wp-json\/wp\/v2\/product_cat?post=9149"},{"taxonomy":"product_tag","embeddable":true,"href":"https:\/\/www.bazarmerlin.com\/inicio\/wp-json\/wp\/v2\/product_tag?post=9149"}],"curies":[{"name":"wp","href":"https:\/\/api.w.org\/{rel}","templated":true}]}}