{"id":9151,"date":"2022-06-01T19:32:51","date_gmt":"2022-06-01T19:32:51","guid":{"rendered":"https:\/\/www.bazarmerlin.com\/inicio\/?post_type=product&#038;p=9151"},"modified":"2022-09-29T23:25:31","modified_gmt":"2022-09-29T23:25:31","slug":"despojo-cuerno-de-abundancia-quita-bloqueos-atrae-cliente","status":"publish","type":"product","link":"https:\/\/www.bazarmerlin.com\/inicio\/producto\/despojo-cuerno-de-abundancia-quita-bloqueos-atrae-cliente\/","title":{"rendered":"Despojo Cuerno De Abundancia &#8211; Quita Bloqueos Atrae Clientes"},"content":{"rendered":"<p><strong>DESPOJO CUERNO DE LA ABUNDANCIA<\/strong><br \/>\n<em><strong>Quita Bloqueos y Atrae Cliente<\/strong><\/em><\/p>\n<p>\u00daSALO PARA TENER SUERTE EN LOS NEGOCIOS Y TRABAJO.<\/p>\n<p>\u00daselo para dar la Felicidad en su Hogar, Comercio o en Cualquier Trabajo, quitar Salaciones, Brujer\u00edas, hechicer\u00edas, Mal de Ojo y nos abre Caminos en todo sentido. Atrayendo una mejora en la Econom\u00eda y Modo de Vida, que al tener alg\u00fan Mal sobre nosotros o nuestro negocio, bloquea toda nuestra buena suerte, fortuna y protecci\u00f3n.<\/p>\n<p>Modo de Uso:<br \/>\nApl\u00edcalo en las 4 esquinas de tu casa o negocio para quitar todo lo malo y<br \/>\natraer todas las oportunidades, favoreciendo la protecci\u00f3n para tu negocio, tener pronto Dinero y por lo tanto tener una Mejor Calidad de Vida.<\/p>\n<p>&nbsp;<\/p>\n<p>&nbsp;<\/p>\n<p>&nbsp;<\/p>\n<p><strong>BAZAR MERLIN<\/strong><br \/>\n<strong>El Lugar M\u00e1s M\u00edstico de Guadalajara<\/strong><br \/>\n<strong>ENVIAMOS A TODO M\u00c9XICO<\/strong><\/p>\n<!-- AddThis Advanced Settings generic via filter on the_content --><!-- AddThis Share Buttons generic via filter on the_content -->","protected":false},"excerpt":{"rendered":"<p>DESPOJO CUERNO DE LA ABUNDANCIA Quita Bloqueos y Atrae Cliente \u00daSALO PARA TENER SUERTE EN LOS NEGOCIOS Y TRABAJO. \u00daselo para dar la Felicidad en su Hogar, Comercio o en Cualquier Trabajo, quitar Salaciones, Brujer\u00edas, hechicer\u00edas, Mal de Ojo y nos abre Caminos en todo sentido. Atrayendo una mejora en la Econom\u00eda y Modo de&hellip;<!-- AddThis Advanced Settings generic via filter on get_the_excerpt --><!-- AddThis Share Buttons generic via filter on get_the_excerpt --><\/p>\n","protected":false},"featured_media":10167,"template":"","meta":[],"product_cat":[14],"product_tag":[2160,2161],"_links":{"self":[{"href":"https:\/\/www.bazarmerlin.com\/inicio\/wp-json\/wp\/v2\/product\/9151"}],"collection":[{"href":"https:\/\/www.bazarmerlin.com\/inicio\/wp-json\/wp\/v2\/product"}],"about":[{"href":"https:\/\/www.bazarmerlin.com\/inicio\/wp-json\/wp\/v2\/types\/product"}],"wp:featuredmedia":[{"embeddable":true,"href":"https:\/\/www.bazarmerlin.com\/inicio\/wp-json\/wp\/v2\/media\/10167"}],"wp:attachment":[{"href":"https:\/\/www.bazarmerlin.com\/inicio\/wp-json\/wp\/v2\/media?parent=9151"}],"wp:term":[{"taxonomy":"product_cat","embeddable":true,"href":"https:\/\/www.bazarmerlin.com\/inicio\/wp-json\/wp\/v2\/product_cat?post=9151"},{"taxonomy":"product_tag","embeddable":true,"href":"https:\/\/www.bazarmerlin.com\/inicio\/wp-json\/wp\/v2\/product_tag?post=9151"}],"curies":[{"name":"wp","href":"https:\/\/api.w.org\/{rel}","templated":true}]}}