{"id":9153,"date":"2022-06-01T19:44:24","date_gmt":"2022-06-01T19:44:24","guid":{"rendered":"https:\/\/www.bazarmerlin.com\/inicio\/?post_type=product&#038;p=9153"},"modified":"2022-10-06T21:54:17","modified_gmt":"2022-10-06T21:54:17","slug":"jabon-tumba-trabajo-elimina-bloqueos-y-envidias-2-piezas","status":"publish","type":"product","link":"https:\/\/www.bazarmerlin.com\/inicio\/producto\/jabon-tumba-trabajo-elimina-bloqueos-y-envidias-2-piezas\/","title":{"rendered":"Jab\u00f3n Tumba Trabajo &#8211; Elimina Energ\u00eda Negativa"},"content":{"rendered":"<p><strong>JAB\u00d3N TUMBA TRABAJO.<\/strong><br \/>\n<strong>ELIMINA BLOQUEOS &#8211; ENVIDIAS Y TRABAJOS.<\/strong><\/p>\n<p>&nbsp;<\/p>\n<p>Este poderoso jab\u00f3n te ayudara a eliminar toda la energ\u00eda negativa, corajes, celos, bloqueos y trabajos de magia negra. Sin importar el tipo de trabajo este jab\u00f3n te ayudar\u00e1 r\u00e1pidamente a corregir esos da\u00f1os y abrirte caminos prontamente en todo lo que hagas.<\/p>\n<p>Los Jabones Esot\u00e9ricos son preparados con productos, esencias y extractos especiales. Cuando tienes un problema que crees de dif\u00edcil soluci\u00f3n es bueno recurrir a los rituales de magia, estos siempre nos ayudan a lograr exitosamente los objetivos que queremos conseguir.<\/p>\n<p>Las limpiezas o rituales con jabones sirven para uso diario tanto del cuerpo como de las manos y toda tu energ\u00eda c\u00f3smica y aurica equilibrando tus chakras para as\u00ed cambiar de forma inmediata tu suerte. Su fabricaci\u00f3n y su composici\u00f3n son de forma 100% artesanal por lo que llevan la esencia y extracto natural para equilibrar tu energ\u00eda, en algunos jabones hierbas en su interior.<\/p>\n<p>JAB\u00d3N IMPORTADO.<\/p>\n<p>&nbsp;<\/p>\n<p><strong>BAZAR MERLIN<\/strong><br \/>\n<strong>El Lugar M\u00e1s M\u00edstico de Guadalajara<\/strong><br \/>\n<strong>ENVIAMOS A TODO M\u00c9XICO\u00a0<\/strong><\/p>\n<!-- AddThis Advanced Settings generic via filter on the_content --><!-- AddThis Share Buttons generic via filter on the_content -->","protected":false},"excerpt":{"rendered":"<p>JAB\u00d3N TUMBA TRABAJO. ELIMINA BLOQUEOS &#8211; ENVIDIAS Y TRABAJOS. &nbsp; Este poderoso jab\u00f3n te ayudara a eliminar toda la energ\u00eda negativa, corajes, celos, bloqueos y trabajos de magia negra. Sin importar el tipo de trabajo este jab\u00f3n te ayudar\u00e1 r\u00e1pidamente a corregir esos da\u00f1os y abrirte caminos prontamente en todo lo que hagas. Los Jabones&hellip;<!-- AddThis Advanced Settings generic via filter on get_the_excerpt --><!-- AddThis Share Buttons generic via filter on get_the_excerpt --><\/p>\n","protected":false},"featured_media":10262,"template":"","meta":[],"product_cat":[14],"product_tag":[1254,1253],"_links":{"self":[{"href":"https:\/\/www.bazarmerlin.com\/inicio\/wp-json\/wp\/v2\/product\/9153"}],"collection":[{"href":"https:\/\/www.bazarmerlin.com\/inicio\/wp-json\/wp\/v2\/product"}],"about":[{"href":"https:\/\/www.bazarmerlin.com\/inicio\/wp-json\/wp\/v2\/types\/product"}],"wp:featuredmedia":[{"embeddable":true,"href":"https:\/\/www.bazarmerlin.com\/inicio\/wp-json\/wp\/v2\/media\/10262"}],"wp:attachment":[{"href":"https:\/\/www.bazarmerlin.com\/inicio\/wp-json\/wp\/v2\/media?parent=9153"}],"wp:term":[{"taxonomy":"product_cat","embeddable":true,"href":"https:\/\/www.bazarmerlin.com\/inicio\/wp-json\/wp\/v2\/product_cat?post=9153"},{"taxonomy":"product_tag","embeddable":true,"href":"https:\/\/www.bazarmerlin.com\/inicio\/wp-json\/wp\/v2\/product_tag?post=9153"}],"curies":[{"name":"wp","href":"https:\/\/api.w.org\/{rel}","templated":true}]}}