{"id":9155,"date":"2022-06-01T19:49:10","date_gmt":"2022-06-01T19:49:10","guid":{"rendered":"https:\/\/www.bazarmerlin.com\/inicio\/?post_type=product&#038;p=9155"},"modified":"2022-06-08T23:42:50","modified_gmt":"2022-06-08T23:42:50","slug":"balsamo-consagrado-preparado-con-alta-magia","status":"publish","type":"product","link":"https:\/\/www.bazarmerlin.com\/inicio\/producto\/balsamo-consagrado-preparado-con-alta-magia\/","title":{"rendered":"B\u00e1lsamo Consagrado &#8211; Preparado Con Alta Magia"},"content":{"rendered":"<p><strong>B\u00c1LSAMO CONSAGRADO- PREPARADO CON ALTA MAGIA<\/strong><\/p>\n<p>Altas ventas, Ventas poderosas, Triunfo, \u00c9xito y Levanta negocios.<\/p>\n<p>Este B\u00e1lsamo esta especialmente preparado para atraer la prosperidad, abundancia y \u00e9xito a las puertas de tu hogar o negocio. Atr\u00e9vete a renovar la energ\u00eda de tus espacio para mejorar la calidad en tu vida.<\/p>\n<p>Instrucciones de uso:<br \/>\nPonga a hervir el contenido en 3 cuartos de agua, cuele la porci\u00f3n, revuelva bien y deje reposar por 7 minutos.<\/p>\n<p>&nbsp;<\/p>\n<p>&nbsp;<\/p>\n<p><strong>BAZAR MERLIN<\/strong><br \/>\n<strong>El Lugar M\u00e1s M\u00edstico de Guadalajara<\/strong><br \/>\n<strong>ENVIAMOS A TODO M\u00c9XICO&#8230;<\/strong><\/p>\n<!-- AddThis Advanced Settings generic via filter on the_content --><!-- AddThis Share Buttons generic via filter on the_content -->","protected":false},"excerpt":{"rendered":"<p>B\u00c1LSAMO CONSAGRADO- PREPARADO CON ALTA MAGIA Altas ventas, Ventas poderosas, Triunfo, \u00c9xito y Levanta negocios. Este B\u00e1lsamo esta especialmente preparado para atraer la prosperidad, abundancia y \u00e9xito a las puertas de tu hogar o negocio. Atr\u00e9vete a renovar la energ\u00eda de tus espacio para mejorar la calidad en tu vida. Instrucciones de uso: Ponga a&hellip;<!-- AddThis Advanced Settings generic via filter on get_the_excerpt --><!-- AddThis Share Buttons generic via filter on get_the_excerpt --><\/p>\n","protected":false},"featured_media":9156,"template":"","meta":[],"product_cat":[14],"product_tag":[2162,2163],"_links":{"self":[{"href":"https:\/\/www.bazarmerlin.com\/inicio\/wp-json\/wp\/v2\/product\/9155"}],"collection":[{"href":"https:\/\/www.bazarmerlin.com\/inicio\/wp-json\/wp\/v2\/product"}],"about":[{"href":"https:\/\/www.bazarmerlin.com\/inicio\/wp-json\/wp\/v2\/types\/product"}],"wp:featuredmedia":[{"embeddable":true,"href":"https:\/\/www.bazarmerlin.com\/inicio\/wp-json\/wp\/v2\/media\/9156"}],"wp:attachment":[{"href":"https:\/\/www.bazarmerlin.com\/inicio\/wp-json\/wp\/v2\/media?parent=9155"}],"wp:term":[{"taxonomy":"product_cat","embeddable":true,"href":"https:\/\/www.bazarmerlin.com\/inicio\/wp-json\/wp\/v2\/product_cat?post=9155"},{"taxonomy":"product_tag","embeddable":true,"href":"https:\/\/www.bazarmerlin.com\/inicio\/wp-json\/wp\/v2\/product_tag?post=9155"}],"curies":[{"name":"wp","href":"https:\/\/api.w.org\/{rel}","templated":true}]}}