{"id":9177,"date":"2022-06-01T22:21:04","date_gmt":"2022-06-01T22:21:04","guid":{"rendered":"https:\/\/www.bazarmerlin.com\/inicio\/?post_type=product&#038;p=9177"},"modified":"2022-10-25T20:50:30","modified_gmt":"2022-10-25T20:50:30","slug":"perfume-arrasa-brujeria-rompe-negatividad-y-abre-caminos","status":"publish","type":"product","link":"https:\/\/www.bazarmerlin.com\/inicio\/producto\/perfume-arrasa-brujeria-rompe-negatividad-y-abre-caminos\/","title":{"rendered":"Perfume Arrasa Brujer\u00eda &#8211; Rompe Negatividad Y Abre Caminos"},"content":{"rendered":"<p><strong>PERFUME ARRASA BRUJERIA<\/strong><br \/>\n<strong>DE SAN MIGUEL ARC\u00c1NGEL.<\/strong><\/p>\n<p>Utilizando este poderoso perfume lograras todas tus metas y atraer\u00e1s el \u00e9xito de forma r\u00e1pida como continua a tu vida y la de tus seres queridos.<\/p>\n<p>Este poderoso perfume te ayudar\u00e1 romper con todo lo negativo y a cortar todo bloqueo que tengas en tu campo \u00e1urico energ\u00e9tico y espiritual c\u00f3mo te abrir\u00e1 caminos en el amor, en los negocios, en juegos de azar Y en todo lo que emprendas.<\/p>\n<p>Qu\u00e9 es ser v\u00edctima de un da\u00f1o?<br \/>\nTrabajas y no sales adelante?<br \/>\nTienes fracas\u00f3 en todo lo que emprendes?<br \/>\nNo te va bien con tu pareja?<br \/>\no mala suerte en todo?<\/p>\n<p>Utilice este poderoso perfume para protegerse de las personas que lo envidian y liberarse de brujer\u00edas y hechizos.<\/p>\n<p>&nbsp;<\/p>\n<p>&nbsp;<\/p>\n<p>&nbsp;<\/p>\n<p><strong>BAZAR MERLIN\u00ae<\/strong><br \/>\n<strong>El Lugar M\u00e1s M\u00edstico de Guadalajara<\/strong><br \/>\n<strong>ENVIAMOS A TODO M\u00c9XICO&#8230;<\/strong><\/p>\n<!-- AddThis Advanced Settings generic via filter on the_content --><!-- AddThis Share Buttons generic via filter on the_content -->","protected":false},"excerpt":{"rendered":"<p>PERFUME ARRASA BRUJERIA DE SAN MIGUEL ARC\u00c1NGEL. Utilizando este poderoso perfume lograras todas tus metas y atraer\u00e1s el \u00e9xito de forma r\u00e1pida como continua a tu vida y la de tus seres queridos. Este poderoso perfume te ayudar\u00e1 romper con todo lo negativo y a cortar todo bloqueo que tengas en tu campo \u00e1urico energ\u00e9tico&hellip;<!-- AddThis Advanced Settings generic via filter on get_the_excerpt --><!-- AddThis Share Buttons generic via filter on get_the_excerpt --><\/p>\n","protected":false},"featured_media":9178,"template":"","meta":[],"product_cat":[14],"product_tag":[2177,1269],"_links":{"self":[{"href":"https:\/\/www.bazarmerlin.com\/inicio\/wp-json\/wp\/v2\/product\/9177"}],"collection":[{"href":"https:\/\/www.bazarmerlin.com\/inicio\/wp-json\/wp\/v2\/product"}],"about":[{"href":"https:\/\/www.bazarmerlin.com\/inicio\/wp-json\/wp\/v2\/types\/product"}],"wp:featuredmedia":[{"embeddable":true,"href":"https:\/\/www.bazarmerlin.com\/inicio\/wp-json\/wp\/v2\/media\/9178"}],"wp:attachment":[{"href":"https:\/\/www.bazarmerlin.com\/inicio\/wp-json\/wp\/v2\/media?parent=9177"}],"wp:term":[{"taxonomy":"product_cat","embeddable":true,"href":"https:\/\/www.bazarmerlin.com\/inicio\/wp-json\/wp\/v2\/product_cat?post=9177"},{"taxonomy":"product_tag","embeddable":true,"href":"https:\/\/www.bazarmerlin.com\/inicio\/wp-json\/wp\/v2\/product_tag?post=9177"}],"curies":[{"name":"wp","href":"https:\/\/api.w.org\/{rel}","templated":true}]}}