{"id":9181,"date":"2022-06-01T22:33:32","date_gmt":"2022-06-01T22:33:32","guid":{"rendered":"https:\/\/www.bazarmerlin.com\/inicio\/?post_type=product&#038;p=9181"},"modified":"2022-06-08T23:42:51","modified_gmt":"2022-06-08T23:42:51","slug":"locion-y-jabon-sandalo-kit-original","status":"publish","type":"product","link":"https:\/\/www.bazarmerlin.com\/inicio\/producto\/locion-y-jabon-sandalo-kit-original\/","title":{"rendered":"Loci\u00f3n Y Jab\u00f3n S\u00e1ndalo &#8211; Kit Original"},"content":{"rendered":"<p><strong>KIT INCLUYE UNA LOCI\u00d3N SANDALO DE 100 ML,<\/strong><br \/>\n<em><strong>Y UN JAB\u00d3N SANDALO<\/strong><\/em><\/p>\n<p>El s\u00e1ndalo es un afrodis\u00edaco natural, esto porque su composici\u00f3n qu\u00edmica se asemeja a las feromonas, por tanto los efectos que causan son parecidos. De hecho en la antig\u00fcedad era uno de los aromas m\u00e1s utilizados para seducir a sus parejas.<\/p>\n<p>El s\u00e1ndalo ayuda a conectar con la espiritualidad y es ideal para acompa\u00f1ar meditaciones.<\/p>\n<p>&nbsp;<\/p>\n<p>&nbsp;<\/p>\n<p><strong>BAZAR MERLIN<\/strong><br \/>\n<strong>El Lugar M\u00e1s M\u00edstico de Guadalajara<\/strong><br \/>\n<strong>ENVIAMOS A TODO M\u00c9XICO&#8230;<\/strong><\/p>\n<!-- AddThis Advanced Settings generic via filter on the_content --><!-- AddThis Share Buttons generic via filter on the_content -->","protected":false},"excerpt":{"rendered":"<p>KIT INCLUYE UNA LOCI\u00d3N SANDALO DE 100 ML, Y UN JAB\u00d3N SANDALO El s\u00e1ndalo es un afrodis\u00edaco natural, esto porque su composici\u00f3n qu\u00edmica se asemeja a las feromonas, por tanto los efectos que causan son parecidos. De hecho en la antig\u00fcedad era uno de los aromas m\u00e1s utilizados para seducir a sus parejas. El s\u00e1ndalo&hellip;<!-- AddThis Advanced Settings generic via filter on get_the_excerpt --><!-- AddThis Share Buttons generic via filter on get_the_excerpt --><\/p>\n","protected":false},"featured_media":9182,"template":"","meta":[],"product_cat":[14],"product_tag":[1575,2180],"_links":{"self":[{"href":"https:\/\/www.bazarmerlin.com\/inicio\/wp-json\/wp\/v2\/product\/9181"}],"collection":[{"href":"https:\/\/www.bazarmerlin.com\/inicio\/wp-json\/wp\/v2\/product"}],"about":[{"href":"https:\/\/www.bazarmerlin.com\/inicio\/wp-json\/wp\/v2\/types\/product"}],"wp:featuredmedia":[{"embeddable":true,"href":"https:\/\/www.bazarmerlin.com\/inicio\/wp-json\/wp\/v2\/media\/9182"}],"wp:attachment":[{"href":"https:\/\/www.bazarmerlin.com\/inicio\/wp-json\/wp\/v2\/media?parent=9181"}],"wp:term":[{"taxonomy":"product_cat","embeddable":true,"href":"https:\/\/www.bazarmerlin.com\/inicio\/wp-json\/wp\/v2\/product_cat?post=9181"},{"taxonomy":"product_tag","embeddable":true,"href":"https:\/\/www.bazarmerlin.com\/inicio\/wp-json\/wp\/v2\/product_tag?post=9181"}],"curies":[{"name":"wp","href":"https:\/\/api.w.org\/{rel}","templated":true}]}}