{"id":9183,"date":"2022-06-01T22:46:13","date_gmt":"2022-06-01T22:46:13","guid":{"rendered":"https:\/\/www.bazarmerlin.com\/inicio\/?post_type=product&#038;p=9183"},"modified":"2023-01-04T01:00:09","modified_gmt":"2023-01-04T01:00:09","slug":"dije-punta-piedra-luna-con-montadura-3-5-cm-de-alto","status":"publish","type":"product","link":"https:\/\/www.bazarmerlin.com\/inicio\/producto\/dije-punta-piedra-luna-con-montadura-3-5-cm-de-alto\/","title":{"rendered":"Dije Punta Piedra Luna &#8211; Con Montadura &#8211; 3.5 Cm De Alto"},"content":{"rendered":"<p><strong>DIJE PUNTA CUARZO PIEDRA LUNA CON ESTRUCTURA Y PASA CADENA EN BA\u00d1O DE PLATA<\/strong><br \/>\n<em><strong>PRODUCTO IMPORTADO\u00a0<\/strong><\/em><\/p>\n<p>&nbsp;<\/p>\n<p>3.5 Cent\u00edmetros de altura aproximadamente, considerando desde el pasa cadena.<\/p>\n<p>ESTA PIEDRA, por su uni\u00f3n a la luna, siempre ha estado asociada a las deidades vinculadas a la luna. Su origen se relaciona con la religi\u00f3n Wicca puesto que las joyas que se utilizan para los rituales de esta religi\u00f3n, suelen estar hechas de PIEDRA DE LUNA Y PLATA.<\/p>\n<p>Es utilizada durante las fases de la luna y la tradici\u00f3n especifica que nos protege m\u00e1s durante la luna creciente y menos durante la menguante.<\/p>\n<p>PROPIEDADES DE SALUD DE LA PIEDRA LUNA:<br \/>\n* Esta piedra CONTIENE MUCHO PODER PARA NUESTRO CUERPO Y MENTE. A menudo es utilizada para asuntos de la salud, tanto f\u00edsicos como ps\u00edquicos, pero tambi\u00e9n es utilizada para manejar las emociones.<\/p>\n<p>Piedras que siempre se han utilizado como talism\u00e1n para atraer la buena suerte y superar problemas de salud. UNA PIEDRA NUNCA SUSTITUYE UN TRATAMIENTO M\u00c9DICO, solo se usa a modo de talism\u00e1n para atraer vibraciones positivas.<\/p>\n<p>El origen de la piedra luna est\u00e1 en los diferentes yacimientos que se encuentran por el mundo. Se trata en cualquier caso de yacimientos escasos ya que PIEDRA POCO COM\u00daN, de ah\u00ed que sea tan apreciada en joyer\u00eda y que existen tantas imitaciones. Se suele encontrar en la zona de la India, Birmania y, sobre todo, en Sri Lanka, aunque tambi\u00e9n se puede encontrar en otros lugares como la Amazonia brasile\u00f1a.<\/p>\n<p>&nbsp;<\/p>\n<p>&nbsp;<\/p>\n<p>&nbsp;<\/p>\n<p><strong>BAZAR MERLIN<\/strong><br \/>\n<strong>El Lugar M\u00e1s M\u00edstico de Guadalajara<\/strong><br \/>\n<strong>ENVIAMOS A TODO M\u00c9XICO\u00a0<\/strong><\/p>\n<!-- AddThis Advanced Settings generic via filter on the_content --><!-- AddThis Share Buttons generic via filter on the_content -->","protected":false},"excerpt":{"rendered":"<p>DIJE PUNTA CUARZO PIEDRA LUNA CON ESTRUCTURA Y PASA CADENA EN BA\u00d1O DE PLATA PRODUCTO IMPORTADO\u00a0 &nbsp; 3.5 Cent\u00edmetros de altura aproximadamente, considerando desde el pasa cadena. ESTA PIEDRA, por su uni\u00f3n a la luna, siempre ha estado asociada a las deidades vinculadas a la luna. Su origen se relaciona con la religi\u00f3n Wicca puesto&hellip;<!-- AddThis Advanced Settings generic via filter on get_the_excerpt --><!-- AddThis Share Buttons generic via filter on get_the_excerpt --><\/p>\n","protected":false},"featured_media":11342,"template":"","meta":[],"product_cat":[11],"product_tag":[2182,2181],"_links":{"self":[{"href":"https:\/\/www.bazarmerlin.com\/inicio\/wp-json\/wp\/v2\/product\/9183"}],"collection":[{"href":"https:\/\/www.bazarmerlin.com\/inicio\/wp-json\/wp\/v2\/product"}],"about":[{"href":"https:\/\/www.bazarmerlin.com\/inicio\/wp-json\/wp\/v2\/types\/product"}],"wp:featuredmedia":[{"embeddable":true,"href":"https:\/\/www.bazarmerlin.com\/inicio\/wp-json\/wp\/v2\/media\/11342"}],"wp:attachment":[{"href":"https:\/\/www.bazarmerlin.com\/inicio\/wp-json\/wp\/v2\/media?parent=9183"}],"wp:term":[{"taxonomy":"product_cat","embeddable":true,"href":"https:\/\/www.bazarmerlin.com\/inicio\/wp-json\/wp\/v2\/product_cat?post=9183"},{"taxonomy":"product_tag","embeddable":true,"href":"https:\/\/www.bazarmerlin.com\/inicio\/wp-json\/wp\/v2\/product_tag?post=9183"}],"curies":[{"name":"wp","href":"https:\/\/api.w.org\/{rel}","templated":true}]}}