{"id":9187,"date":"2022-06-01T22:54:52","date_gmt":"2022-06-01T22:54:52","guid":{"rendered":"https:\/\/www.bazarmerlin.com\/inicio\/?post_type=product&#038;p=9187"},"modified":"2022-06-08T23:42:51","modified_gmt":"2022-06-08T23:42:51","slug":"esencia-rompe-maleficio-contra-danos-y-hechizos","status":"publish","type":"product","link":"https:\/\/www.bazarmerlin.com\/inicio\/producto\/esencia-rompe-maleficio-contra-danos-y-hechizos\/","title":{"rendered":"Esencia Rompe Maleficio- Contra Da\u00f1os Y Hechizos"},"content":{"rendered":"<p><strong>ESENCIA ROMPE MALEFICIO<\/strong><br \/>\n<strong>CONTRA DA\u00d1OS Y HECHIZOS<\/strong><\/p>\n<p>Esencia de 16 M.L<\/p>\n<p>Efectivo para romper cualquier trabajo de Magia Negra, Hechizos, Salaci\u00f3n, Etc.<\/p>\n<p>Apl\u00edquelo es su persona.<\/p>\n<p>&nbsp;<\/p>\n<p>&nbsp;<\/p>\n<p>&nbsp;<\/p>\n<p><strong>BAZAR MERL\u00cdN<\/strong><br \/>\n<strong>El Lugar M\u00e1s M\u00edstico de Guadalajara<\/strong><br \/>\n<strong>ENVIAMOS A TODO M\u00c9XICO&#8230;<\/strong><\/p>\n<!-- AddThis Advanced Settings generic via filter on the_content --><!-- AddThis Share Buttons generic via filter on the_content -->","protected":false},"excerpt":{"rendered":"<p>ESENCIA ROMPE MALEFICIO CONTRA DA\u00d1OS Y HECHIZOS Esencia de 16 M.L Efectivo para romper cualquier trabajo de Magia Negra, Hechizos, Salaci\u00f3n, Etc. Apl\u00edquelo es su persona. &nbsp; &nbsp; &nbsp; BAZAR MERL\u00cdN El Lugar M\u00e1s M\u00edstico de Guadalajara ENVIAMOS A TODO M\u00c9XICO&#8230;<!-- AddThis Advanced Settings generic via filter on get_the_excerpt --><!-- AddThis Share Buttons generic via filter on get_the_excerpt --><\/p>\n","protected":false},"featured_media":9188,"template":"","meta":[],"product_cat":[14],"product_tag":[2186,2185],"_links":{"self":[{"href":"https:\/\/www.bazarmerlin.com\/inicio\/wp-json\/wp\/v2\/product\/9187"}],"collection":[{"href":"https:\/\/www.bazarmerlin.com\/inicio\/wp-json\/wp\/v2\/product"}],"about":[{"href":"https:\/\/www.bazarmerlin.com\/inicio\/wp-json\/wp\/v2\/types\/product"}],"wp:featuredmedia":[{"embeddable":true,"href":"https:\/\/www.bazarmerlin.com\/inicio\/wp-json\/wp\/v2\/media\/9188"}],"wp:attachment":[{"href":"https:\/\/www.bazarmerlin.com\/inicio\/wp-json\/wp\/v2\/media?parent=9187"}],"wp:term":[{"taxonomy":"product_cat","embeddable":true,"href":"https:\/\/www.bazarmerlin.com\/inicio\/wp-json\/wp\/v2\/product_cat?post=9187"},{"taxonomy":"product_tag","embeddable":true,"href":"https:\/\/www.bazarmerlin.com\/inicio\/wp-json\/wp\/v2\/product_tag?post=9187"}],"curies":[{"name":"wp","href":"https:\/\/api.w.org\/{rel}","templated":true}]}}