{"id":9189,"date":"2022-06-01T22:59:07","date_gmt":"2022-06-01T22:59:07","guid":{"rendered":"https:\/\/www.bazarmerlin.com\/inicio\/?post_type=product&#038;p=9189"},"modified":"2023-08-19T00:52:07","modified_gmt":"2023-08-19T00:52:07","slug":"esencia-doblegado-a-mis-pies-para-que-haga-tu-voluntad","status":"publish","type":"product","link":"https:\/\/www.bazarmerlin.com\/inicio\/producto\/esencia-doblegado-a-mis-pies-para-que-haga-tu-voluntad\/","title":{"rendered":"Esencia Doblegado A Mis Pies &#8211; Para Que Haga Tu Voluntad"},"content":{"rendered":"<p><strong>ESENCIA DOBLEGADO A MIS PIES<\/strong><br \/>\n<strong>PARA QUE HAGA TU VOLUNTAD<\/strong><\/p>\n<p>Esencia de 16 M.L<\/p>\n<p>\u00datil en cualquier ritual m\u00e1gico del amor.<br \/>\nEs atrayente y tiene una f\u00f3rmula especial de flores y rosas.<\/p>\n<p>&nbsp;<\/p>\n<p>&nbsp;<\/p>\n<p><strong>BAZAR MERL\u00cdN<\/strong><br \/>\n<strong>El Lugar M\u00e1s M\u00edstico de Guadalajara<\/strong><br \/>\n<strong>ENVIAMOS A TODO M\u00c9XICO&#8230;<\/strong><\/p>\n<!-- AddThis Advanced Settings generic via filter on the_content --><!-- AddThis Share Buttons generic via filter on the_content -->","protected":false},"excerpt":{"rendered":"<p>ESENCIA DOBLEGADO A MIS PIES PARA QUE HAGA TU VOLUNTAD Esencia de 16 M.L \u00datil en cualquier ritual m\u00e1gico del amor. Es atrayente y tiene una f\u00f3rmula especial de flores y rosas. &nbsp; &nbsp; BAZAR MERL\u00cdN El Lugar M\u00e1s M\u00edstico de Guadalajara ENVIAMOS A TODO M\u00c9XICO&#8230;<!-- AddThis Advanced Settings generic via filter on get_the_excerpt --><!-- AddThis Share Buttons generic via filter on get_the_excerpt --><\/p>\n","protected":false},"featured_media":9190,"template":"","meta":[],"product_cat":[14],"product_tag":[2187,2188],"_links":{"self":[{"href":"https:\/\/www.bazarmerlin.com\/inicio\/wp-json\/wp\/v2\/product\/9189"}],"collection":[{"href":"https:\/\/www.bazarmerlin.com\/inicio\/wp-json\/wp\/v2\/product"}],"about":[{"href":"https:\/\/www.bazarmerlin.com\/inicio\/wp-json\/wp\/v2\/types\/product"}],"wp:featuredmedia":[{"embeddable":true,"href":"https:\/\/www.bazarmerlin.com\/inicio\/wp-json\/wp\/v2\/media\/9190"}],"wp:attachment":[{"href":"https:\/\/www.bazarmerlin.com\/inicio\/wp-json\/wp\/v2\/media?parent=9189"}],"wp:term":[{"taxonomy":"product_cat","embeddable":true,"href":"https:\/\/www.bazarmerlin.com\/inicio\/wp-json\/wp\/v2\/product_cat?post=9189"},{"taxonomy":"product_tag","embeddable":true,"href":"https:\/\/www.bazarmerlin.com\/inicio\/wp-json\/wp\/v2\/product_tag?post=9189"}],"curies":[{"name":"wp","href":"https:\/\/api.w.org\/{rel}","templated":true}]}}